{"id":9148,"date":"2025-07-29T12:09:29","date_gmt":"2025-07-29T12:09:29","guid":{"rendered":"https:\/\/the-kontiki.com\/sobre-nos-novo\/"},"modified":"2025-07-31T05:55:10","modified_gmt":"2025-07-31T05:55:10","slug":"sobre-nos-novo","status":"publish","type":"page","link":"https:\/\/thekontiki.com\/pt-pt\/sobre-nos-novo\/","title":{"rendered":"Sobre n\u00f3s novo"},"content":{"rendered":"<section class=\"cover w-full  relative overflow-hidden\" style=\"background: url(https:\/\/thekontiki.com\/wp-content\/themes\/kontiki\/assets\/img\/bg_texture.jpg) no-repeat center center \/ cover;\">\n   <div class=\"mt-52 mb-20 lg:mb-30\">\n      <div class=\"container mb-10 grid grid-cols-12\">\n     \n                     <div class=\"col-span-12 lg:col-span-6\">\n               <h1 class=\"uppercase text-white text-h3 pt-10\">casa na localiza\u00e7\u00e3o mais inspiradora de cura\u00e7ao, escolhida a dedo pela beleza excepcional e charme cultural \u00fanico.<\/h1>\n            <\/div>\n               <\/div>\n   <\/div>\n<\/section>\n\n<section>\n<section class=\"text-images  relative \n         my-20 lg:my-30\n      \"\n      >\n   <div class=\"lg:container lg:grid lg:grid-cols-12 lg:gap-4\">\n               <div class=\"lg:col-span-10 lg:col-start-2 text-center mb-20 lg:mb-30 mx-6 lg:mx-0\">\n            <h2 class=\"text-base lg:text-h3 \">1988, WILLEMSTAD CURA\u00c7AO<\/h2>\n         <\/div>\n            <div class=\"lg:col-span-8 mb-16 lg:mb-0  lg:col-start-5 lg:order-2 \">\n         \n\n            \n               <div class=\"swiper-gallery overflow-hidden px-6 lg:px-0\" >\n                  <div class=\"swiper-wrapper\">\n                                          <div class=\"swiper-slide w-full\">\n                                                         <img loading=\"lazy\" decoding=\"async\" width=\"672\" height=\"1080\" src=\"https:\/\/thekontiki.com\/wp-content\/uploads\/50023710011_78e14914b7_h-672x1080.jpg\" class=\"aspect-square w-full h-full object-cover\" alt=\"\" srcset=\"https:\/\/thekontiki.com\/wp-content\/uploads\/50023710011_78e14914b7_h-672x1080.jpg 672w, https:\/\/thekontiki.com\/wp-content\/uploads\/50023710011_78e14914b7_h-448x720.jpg 448w, https:\/\/thekontiki.com\/wp-content\/uploads\/50023710011_78e14914b7_h-768x1235.jpg 768w, https:\/\/thekontiki.com\/wp-content\/uploads\/50023710011_78e14914b7_h-955x1536.jpg 955w, https:\/\/thekontiki.com\/wp-content\/uploads\/50023710011_78e14914b7_h.jpg 995w\" sizes=\"auto, (max-width: 672px) 100vw, 672px\" \/>                                                   <\/div>\n                                             <div class=\"swiper-slide w-full\">\n                                                         <img loading=\"lazy\" decoding=\"async\" width=\"1619\" height=\"1080\" src=\"https:\/\/thekontiki.com\/wp-content\/uploads\/2023101216011568357_Page_11-1619x1080.jpg\" class=\"aspect-square w-full h-full object-cover\" alt=\"\" srcset=\"https:\/\/thekontiki.com\/wp-content\/uploads\/2023101216011568357_Page_11-1619x1080.jpg 1619w, https:\/\/thekontiki.com\/wp-content\/uploads\/2023101216011568357_Page_11-1079x720.jpg 1079w, https:\/\/thekontiki.com\/wp-content\/uploads\/2023101216011568357_Page_11-768x512.jpg 768w, https:\/\/thekontiki.com\/wp-content\/uploads\/2023101216011568357_Page_11-1536x1025.jpg 1536w, https:\/\/thekontiki.com\/wp-content\/uploads\/2023101216011568357_Page_11.jpg 1920w\" sizes=\"auto, (max-width: 1619px) 100vw, 1619px\" \/>                                                   <\/div>\n                                             <div class=\"swiper-slide w-full\">\n                                                         <img loading=\"lazy\" decoding=\"async\" width=\"1642\" height=\"1080\" src=\"https:\/\/thekontiki.com\/wp-content\/uploads\/2023101216011568357_Page_18-1-1642x1080.jpg\" class=\"aspect-square w-full h-full object-cover\" alt=\"\" srcset=\"https:\/\/thekontiki.com\/wp-content\/uploads\/2023101216011568357_Page_18-1-1642x1080.jpg 1642w, https:\/\/thekontiki.com\/wp-content\/uploads\/2023101216011568357_Page_18-1-1095x720.jpg 1095w, https:\/\/thekontiki.com\/wp-content\/uploads\/2023101216011568357_Page_18-1-768x505.jpg 768w, https:\/\/thekontiki.com\/wp-content\/uploads\/2023101216011568357_Page_18-1-1536x1010.jpg 1536w, https:\/\/thekontiki.com\/wp-content\/uploads\/2023101216011568357_Page_18-1.jpg 1920w\" sizes=\"auto, (max-width: 1642px) 100vw, 1642px\" \/>                                                   <\/div>\n                                             <div class=\"swiper-slide w-full\">\n                                                         <img loading=\"lazy\" decoding=\"async\" width=\"1651\" height=\"1080\" src=\"https:\/\/thekontiki.com\/wp-content\/uploads\/2023101216011568357_Page_20-1651x1080.jpg\" class=\"aspect-square w-full h-full object-cover\" alt=\"\" srcset=\"https:\/\/thekontiki.com\/wp-content\/uploads\/2023101216011568357_Page_20-1651x1080.jpg 1651w, https:\/\/thekontiki.com\/wp-content\/uploads\/2023101216011568357_Page_20-1101x720.jpg 1101w, https:\/\/thekontiki.com\/wp-content\/uploads\/2023101216011568357_Page_20-768x502.jpg 768w, https:\/\/thekontiki.com\/wp-content\/uploads\/2023101216011568357_Page_20-1536x1005.jpg 1536w, https:\/\/thekontiki.com\/wp-content\/uploads\/2023101216011568357_Page_20.jpg 1920w\" sizes=\"auto, (max-width: 1651px) 100vw, 1651px\" \/>                                                   <\/div>\n                                             <div class=\"swiper-slide w-full\">\n                                                         <img loading=\"lazy\" decoding=\"async\" width=\"1639\" height=\"1080\" src=\"https:\/\/thekontiki.com\/wp-content\/uploads\/2023101216011568357_Page_23-1-1639x1080.jpg\" class=\"aspect-square w-full h-full object-cover\" alt=\"\" srcset=\"https:\/\/thekontiki.com\/wp-content\/uploads\/2023101216011568357_Page_23-1-1639x1080.jpg 1639w, https:\/\/thekontiki.com\/wp-content\/uploads\/2023101216011568357_Page_23-1-1093x720.jpg 1093w, https:\/\/thekontiki.com\/wp-content\/uploads\/2023101216011568357_Page_23-1-768x506.jpg 768w, https:\/\/thekontiki.com\/wp-content\/uploads\/2023101216011568357_Page_23-1-1536x1012.jpg 1536w, https:\/\/thekontiki.com\/wp-content\/uploads\/2023101216011568357_Page_23-1.jpg 1920w\" sizes=\"auto, (max-width: 1639px) 100vw, 1639px\" \/>                                                   <\/div>\n                                             <div class=\"swiper-slide w-full\">\n                                                         <img loading=\"lazy\" decoding=\"async\" width=\"1634\" height=\"1080\" src=\"https:\/\/thekontiki.com\/wp-content\/uploads\/2023101216011568357_Page_30-1634x1080.jpg\" class=\"aspect-square w-full h-full object-cover\" alt=\"\" srcset=\"https:\/\/thekontiki.com\/wp-content\/uploads\/2023101216011568357_Page_30-1634x1080.jpg 1634w, https:\/\/thekontiki.com\/wp-content\/uploads\/2023101216011568357_Page_30-1089x720.jpg 1089w, https:\/\/thekontiki.com\/wp-content\/uploads\/2023101216011568357_Page_30-768x508.jpg 768w, https:\/\/thekontiki.com\/wp-content\/uploads\/2023101216011568357_Page_30-1536x1015.jpg 1536w, https:\/\/thekontiki.com\/wp-content\/uploads\/2023101216011568357_Page_30.jpg 1920w\" sizes=\"auto, (max-width: 1634px) 100vw, 1634px\" \/>                                                   <\/div>\n                                             <div class=\"swiper-slide w-full\">\n                                                         <img loading=\"lazy\" decoding=\"async\" width=\"1611\" height=\"1080\" src=\"https:\/\/thekontiki.com\/wp-content\/uploads\/2023101216011568357_Page_31-1611x1080.jpg\" class=\"aspect-square w-full h-full object-cover\" alt=\"\" srcset=\"https:\/\/thekontiki.com\/wp-content\/uploads\/2023101216011568357_Page_31-1611x1080.jpg 1611w, https:\/\/thekontiki.com\/wp-content\/uploads\/2023101216011568357_Page_31-1074x720.jpg 1074w, https:\/\/thekontiki.com\/wp-content\/uploads\/2023101216011568357_Page_31-768x515.jpg 768w, https:\/\/thekontiki.com\/wp-content\/uploads\/2023101216011568357_Page_31-1536x1030.jpg 1536w, https:\/\/thekontiki.com\/wp-content\/uploads\/2023101216011568357_Page_31.jpg 1920w\" sizes=\"auto, (max-width: 1611px) 100vw, 1611px\" \/>                                                   <\/div>\n                                             <div class=\"swiper-slide w-full\">\n                                                         <img loading=\"lazy\" decoding=\"async\" width=\"1620\" height=\"1080\" src=\"https:\/\/thekontiki.com\/wp-content\/uploads\/2023101216011568357_Page_35-1620x1080.jpg\" class=\"aspect-square w-full h-full object-cover\" alt=\"\" srcset=\"https:\/\/thekontiki.com\/wp-content\/uploads\/2023101216011568357_Page_35-1620x1080.jpg 1620w, https:\/\/thekontiki.com\/wp-content\/uploads\/2023101216011568357_Page_35-1080x720.jpg 1080w, https:\/\/thekontiki.com\/wp-content\/uploads\/2023101216011568357_Page_35-768x512.jpg 768w, https:\/\/thekontiki.com\/wp-content\/uploads\/2023101216011568357_Page_35-1536x1024.jpg 1536w, https:\/\/thekontiki.com\/wp-content\/uploads\/2023101216011568357_Page_35.jpg 1920w\" sizes=\"auto, (max-width: 1620px) 100vw, 1620px\" \/>                                                   <\/div>\n                                             <div class=\"swiper-slide w-full\">\n                                                         <img loading=\"lazy\" decoding=\"async\" width=\"1638\" height=\"1080\" src=\"https:\/\/thekontiki.com\/wp-content\/uploads\/2023101216011568357_Page_39-1638x1080.jpg\" class=\"aspect-square w-full h-full object-cover\" alt=\"\" srcset=\"https:\/\/thekontiki.com\/wp-content\/uploads\/2023101216011568357_Page_39-1638x1080.jpg 1638w, https:\/\/thekontiki.com\/wp-content\/uploads\/2023101216011568357_Page_39-1092x720.jpg 1092w, https:\/\/thekontiki.com\/wp-content\/uploads\/2023101216011568357_Page_39-768x506.jpg 768w, https:\/\/thekontiki.com\/wp-content\/uploads\/2023101216011568357_Page_39-1536x1013.jpg 1536w, https:\/\/thekontiki.com\/wp-content\/uploads\/2023101216011568357_Page_39.jpg 1920w\" sizes=\"auto, (max-width: 1638px) 100vw, 1638px\" \/>                                                   <\/div>\n                                       <\/div>\n               <\/div>\n\n            \n               <\/div>\n      <div class=\"lg:col-span-3 mx-6 lg:mx-0  lg:order-1 \">\n         <div class=\"sticky top-40 grid gap-8\">\n                                       <div class=\"prose\"><h2>Chegando \u00e0 costa com nada mais do que um molho de chaves e malas cheias de sonhos.<\/h2>\n<p>Uma brisa quente da noite toca a pele e o som do tamb\u00fa enche o ar, enquanto o sol cor de laranja se afunda no oceano. O meu pai e a minha m\u00e3e chegaram com apenas um punhado de chaves e malas cheias de esperan\u00e7as e sonhos, mais do que prontos para explorar as muitas aventuras que os aguardavam em Punda ao montarem o Van der Valk Plaza Hotel. <\/p>\n<h2>Um lugar vindo diretamente do cora\u00e7\u00e3o<\/h2>\n<p>Em 1996, sentiram que era o momento certo para mudar de rumo e lan\u00e7ar \u00e2ncora no final da Mambo Beach. O nosso pequeno para\u00edso onde cri\u00e1mos um lugar vindo diretamente do cora\u00e7\u00e3o: \u00e1rvore por \u00e1rvore, viga por viga, alojamento por alojamento. Para a nossa fam\u00edlia, para a sua e a dos seus amigos.  <\/p>\n<\/div>\n                        \n         <\/div>\n      <\/div>\n   <\/div>\n<\/section>\n\n<section class=\"video relative\">\n   \t\n\t\t\t<div class=\"responsive-embed\">\n\t\t   <iframe loading=\"lazy\" title=\"KONTIKI EDIT - FOR SOCIAL MEDIA\" src=\"https:\/\/player.vimeo.com\/video\/1096601030?h=b58d7e742e&amp;dnt=1&amp;app_id=122963\" width=\"640\" height=\"360\" frameborder=\"0\" allow=\"autoplay; fullscreen; picture-in-picture; clipboard-write; encrypted-media; web-share\" referrerpolicy=\"strict-origin-when-cross-origin\"><\/iframe>\t\t<\/div>\n\t\n<\/section>\n<section class=\"text-images  relative \n         my-20 lg:my-30\n      \"\n      >\n   <div class=\"lg:container lg:grid lg:grid-cols-12 lg:gap-4\">\n            <div class=\"lg:col-span-8 mb-16 lg:mb-0 \">\n         \n\n            \n            <div class=\"swiper-images overflow-hidden px-6 lg:px-0\" >\n               <div class=\"swiper-wrapper lg:!grid lg:grid-cols-2 lg:gap-4\">\n\n                     \n                                                                                                                        <div class=\"lg:col-span-2 lg:aspect-[922\/970] aspect-[328\/224] swiper-slide\">\n                                                         <img loading=\"lazy\" decoding=\"async\" width=\"720\" height=\"1080\" src=\"https:\/\/thekontiki.com\/wp-content\/uploads\/3098b2ec2c75508e51ac686fa412e7ed9cc46d1e-720x1080.jpg\" class=\"w-full h-full object-cover\" alt=\"\" srcset=\"https:\/\/thekontiki.com\/wp-content\/uploads\/3098b2ec2c75508e51ac686fa412e7ed9cc46d1e-720x1080.jpg 720w, https:\/\/thekontiki.com\/wp-content\/uploads\/3098b2ec2c75508e51ac686fa412e7ed9cc46d1e-480x720.jpg 480w, https:\/\/thekontiki.com\/wp-content\/uploads\/3098b2ec2c75508e51ac686fa412e7ed9cc46d1e-768x1152.jpg 768w, https:\/\/thekontiki.com\/wp-content\/uploads\/3098b2ec2c75508e51ac686fa412e7ed9cc46d1e-1024x1536.jpg 1024w, https:\/\/thekontiki.com\/wp-content\/uploads\/3098b2ec2c75508e51ac686fa412e7ed9cc46d1e.jpg 1280w\" sizes=\"auto, (max-width: 720px) 100vw, 720px\" \/>                                                   <\/div>\n                     \n               <\/div>\n            <\/div>\n\n            \n               <\/div>\n      <div class=\"lg:col-span-3 mx-6 lg:mx-0  lg:col-start-10 \">\n         <div class=\"sticky top-40 grid gap-8\">\n                           <h2 class=\"text-h6 lg:text-h4 font-bold\">O mesmo lugar do cora\u00e7\u00e3o hoje<\/h2>\n                                       <div class=\"prose\"><p>E embora os tempos tenham mudado, o The Kontiki permanece esse mesmo lugar do cora\u00e7\u00e3o atualmente. Um destino sereno para o amor e a celebra\u00e7\u00e3o, para a cultura, a gastronomia e o conforto. Aqui, as tradi\u00e7\u00f5es locais fundem-se com um sentido cosmopolita de bem-estar, e a arte caribenha de relaxar \u00e9 praticada com perfei\u00e7\u00e3o.  <\/p>\n<h2>Excel\u00eancia f\u00e1cil e vibrante<\/h2>\n<p>O The Kontiki \u00e9 um lugar para descontrair os ombros e deixar a pressa \u00e0 entrada. Abrande o ritmo e permita-nos cuidar da excel\u00eancia descontra\u00edda e vibrante pela qual somos reconhecidos. <\/p>\n<p>\u2013 Terence van der Valk<\/p>\n<p><img loading=\"lazy\" decoding=\"async\" class=\"alignnone size-full wp-image-9161\" src=\"https:\/\/thekontiki.com\/wp-content\/uploads\/terence-1.png\" alt=\"\" width=\"402\" height=\"84\"><\/p>\n<\/div>\n                        \n         <\/div>\n      <\/div>\n   <\/div>\n<\/section>\n\n","protected":false},"excerpt":{"rendered":"","protected":false},"author":12,"featured_media":0,"parent":0,"menu_order":0,"comment_status":"closed","ping_status":"closed","template":"","meta":{"_acf_changed":false,"footnotes":""},"class_list":["post-9148","page","type-page","status-publish","hentry"],"acf":[],"yoast_head":"<!-- This site is optimized with the Yoast SEO plugin v27.4 - https:\/\/yoast.com\/product\/yoast-seo-wordpress\/ -->\n<title>Sobre n\u00f3s novo - The Kontiki<\/title>\n<meta name=\"robots\" content=\"index, follow, max-snippet:-1, max-image-preview:large, max-video-preview:-1\" \/>\n<link rel=\"canonical\" href=\"https:\/\/thekontiki.com\/pt-pt\/sobre-nos-novo\/\" \/>\n<meta property=\"og:locale\" content=\"pt_PT\" \/>\n<meta property=\"og:type\" content=\"article\" \/>\n<meta property=\"og:title\" content=\"Sobre n\u00f3s novo - The Kontiki\" \/>\n<meta property=\"og:url\" content=\"https:\/\/thekontiki.com\/pt-pt\/sobre-nos-novo\/\" \/>\n<meta property=\"og:site_name\" content=\"Kontiki\" \/>\n<meta property=\"article:modified_time\" content=\"2025-07-31T05:55:10+00:00\" \/>\n<meta property=\"og:image\" content=\"https:\/\/thekontiki.com\/wp-content\/uploads\/Kontiki-Beach-Resort-Curacao-SiteImage.jpg\" \/>\n\t<meta property=\"og:image:width\" content=\"1200\" \/>\n\t<meta property=\"og:image:height\" content=\"675\" \/>\n\t<meta property=\"og:image:type\" content=\"image\/jpeg\" \/>\n<meta name=\"twitter:card\" content=\"summary_large_image\" \/>\n<script type=\"application\/ld+json\" class=\"yoast-schema-graph\">{\"@context\":\"https:\\\/\\\/schema.org\",\"@graph\":[{\"@type\":\"WebPage\",\"@id\":\"https:\\\/\\\/thekontiki.com\\\/pt-pt\\\/sobre-nos-novo\\\/\",\"url\":\"https:\\\/\\\/thekontiki.com\\\/pt-pt\\\/sobre-nos-novo\\\/\",\"name\":\"Sobre n\u00f3s novo - The Kontiki\",\"isPartOf\":{\"@id\":\"https:\\\/\\\/thekontiki.com\\\/pt-pt\\\/#website\"},\"datePublished\":\"2025-07-29T12:09:29+00:00\",\"dateModified\":\"2025-07-31T05:55:10+00:00\",\"breadcrumb\":{\"@id\":\"https:\\\/\\\/thekontiki.com\\\/pt-pt\\\/sobre-nos-novo\\\/#breadcrumb\"},\"inLanguage\":\"pt-PT\",\"potentialAction\":[{\"@type\":\"ReadAction\",\"target\":[\"https:\\\/\\\/thekontiki.com\\\/pt-pt\\\/sobre-nos-novo\\\/\"]}]},{\"@type\":\"BreadcrumbList\",\"@id\":\"https:\\\/\\\/thekontiki.com\\\/pt-pt\\\/sobre-nos-novo\\\/#breadcrumb\",\"itemListElement\":[{\"@type\":\"ListItem\",\"position\":1,\"name\":\"P\u00e1gina Inicial\",\"item\":\"https:\\\/\\\/thekontiki.com\\\/pt-pt\\\/\"},{\"@type\":\"ListItem\",\"position\":2,\"name\":\"Sobre n\u00f3s novo\"}]},{\"@type\":\"WebSite\",\"@id\":\"https:\\\/\\\/thekontiki.com\\\/pt-pt\\\/#website\",\"url\":\"https:\\\/\\\/thekontiki.com\\\/pt-pt\\\/\",\"name\":\"Kontiki Beach Resort Curacao\",\"description\":\"Kontiki Beach Resort Cura\u00e7ao\",\"alternateName\":\"van der Valk Curacao\",\"potentialAction\":[{\"@type\":\"SearchAction\",\"target\":{\"@type\":\"EntryPoint\",\"urlTemplate\":\"https:\\\/\\\/thekontiki.com\\\/pt-pt\\\/?s={search_term_string}\"},\"query-input\":{\"@type\":\"PropertyValueSpecification\",\"valueRequired\":true,\"valueName\":\"search_term_string\"}}],\"inLanguage\":\"pt-PT\"}]}<\/script>\n<!-- \/ Yoast SEO plugin. -->","yoast_head_json":{"title":"Sobre n\u00f3s novo - The Kontiki","robots":{"index":"index","follow":"follow","max-snippet":"max-snippet:-1","max-image-preview":"max-image-preview:large","max-video-preview":"max-video-preview:-1"},"canonical":"https:\/\/thekontiki.com\/pt-pt\/sobre-nos-novo\/","og_locale":"pt_PT","og_type":"article","og_title":"Sobre n\u00f3s novo - The Kontiki","og_url":"https:\/\/thekontiki.com\/pt-pt\/sobre-nos-novo\/","og_site_name":"Kontiki","article_modified_time":"2025-07-31T05:55:10+00:00","og_image":[{"width":1200,"height":675,"url":"https:\/\/thekontiki.com\/wp-content\/uploads\/Kontiki-Beach-Resort-Curacao-SiteImage.jpg","type":"image\/jpeg"}],"twitter_card":"summary_large_image","schema":{"@context":"https:\/\/schema.org","@graph":[{"@type":"WebPage","@id":"https:\/\/thekontiki.com\/pt-pt\/sobre-nos-novo\/","url":"https:\/\/thekontiki.com\/pt-pt\/sobre-nos-novo\/","name":"Sobre n\u00f3s novo - The Kontiki","isPartOf":{"@id":"https:\/\/thekontiki.com\/pt-pt\/#website"},"datePublished":"2025-07-29T12:09:29+00:00","dateModified":"2025-07-31T05:55:10+00:00","breadcrumb":{"@id":"https:\/\/thekontiki.com\/pt-pt\/sobre-nos-novo\/#breadcrumb"},"inLanguage":"pt-PT","potentialAction":[{"@type":"ReadAction","target":["https:\/\/thekontiki.com\/pt-pt\/sobre-nos-novo\/"]}]},{"@type":"BreadcrumbList","@id":"https:\/\/thekontiki.com\/pt-pt\/sobre-nos-novo\/#breadcrumb","itemListElement":[{"@type":"ListItem","position":1,"name":"P\u00e1gina Inicial","item":"https:\/\/thekontiki.com\/pt-pt\/"},{"@type":"ListItem","position":2,"name":"Sobre n\u00f3s novo"}]},{"@type":"WebSite","@id":"https:\/\/thekontiki.com\/pt-pt\/#website","url":"https:\/\/thekontiki.com\/pt-pt\/","name":"Kontiki Beach Resort Curacao","description":"Kontiki Beach Resort Cura\u00e7ao","alternateName":"van der Valk Curacao","potentialAction":[{"@type":"SearchAction","target":{"@type":"EntryPoint","urlTemplate":"https:\/\/thekontiki.com\/pt-pt\/?s={search_term_string}"},"query-input":{"@type":"PropertyValueSpecification","valueRequired":true,"valueName":"search_term_string"}}],"inLanguage":"pt-PT"}]}},"_links":{"self":[{"href":"https:\/\/thekontiki.com\/pt-pt\/wp-json\/wp\/v2\/pages\/9148","targetHints":{"allow":["GET"]}}],"collection":[{"href":"https:\/\/thekontiki.com\/pt-pt\/wp-json\/wp\/v2\/pages"}],"about":[{"href":"https:\/\/thekontiki.com\/pt-pt\/wp-json\/wp\/v2\/types\/page"}],"author":[{"embeddable":true,"href":"https:\/\/thekontiki.com\/pt-pt\/wp-json\/wp\/v2\/users\/12"}],"replies":[{"embeddable":true,"href":"https:\/\/thekontiki.com\/pt-pt\/wp-json\/wp\/v2\/comments?post=9148"}],"version-history":[{"count":0,"href":"https:\/\/thekontiki.com\/pt-pt\/wp-json\/wp\/v2\/pages\/9148\/revisions"}],"wp:attachment":[{"href":"https:\/\/thekontiki.com\/pt-pt\/wp-json\/wp\/v2\/media?parent=9148"}],"curies":[{"name":"wp","href":"https:\/\/api.w.org\/{rel}","templated":true}]}}