{"id":7216,"date":"2025-05-19T10:01:13","date_gmt":"2025-05-19T10:01:13","guid":{"rendered":"https:\/\/the-kontiki.com\/politica-de-cancelamento\/"},"modified":"2025-07-31T18:47:32","modified_gmt":"2025-07-31T18:47:32","slug":"politica-de-cancelamento","status":"publish","type":"page","link":"https:\/\/thekontiki.com\/pt-pt\/politica-de-cancelamento\/","title":{"rendered":"Pol\u00edtica de Cancelamento"},"content":{"rendered":"\n<section class=\"cover w-full h-[calc(100svh-58px)] relative overflow-hidden\">\n   <div class=\"absolute inset-0 flex items-center z-20 text-white\">\n      <div class=\"container grid gap-5\">\n\n         \n                     \n            <h1 class=\"text-h3 md:text-h2 lg:text-h1 max-w-[1050px]\">Pol\u00edtica de Cancelamento<\/h1>\n            \n         \n      <\/div>\n   <\/div>\n   \n   <div class=\"overlay absolute inset-0 z-10 bg-black\/15\"><\/div>\n\n\n         <video src=\"https:\/\/thekontiki.com\/wp-content\/uploads\/paloma-leans-against-hut.mp4\" autoplay muted loop playsinline class=\"absolute inset-0 -z-10 object-cover w-full h-full\"><\/video>\n   \n   <svg class=\"absolute bottom-10 left-1\/2 -translate-x-1\/2\" width=\"24\" height=\"37\" viewBox=\"0 0 24 37\" fill=\"none\" xmlns=\"http:\/\/www.w3.org\/2000\/svg\">\n      <rect x=\"0.5\" y=\"0.5\" width=\"23\" height=\"36\" rx=\"11.5\" stroke=\"white\"\/>\n      <circle cx=\"12\" cy=\"12\" r=\"3\" fill=\"white\"\/>\n   <\/svg>\n\n\n<\/section>\n\n\n   <div class=\"my-8 relative\">\n\t  <div class=\"w-full text-xs font-heading uppercase tracking-widest font-semibold breadcrumbs\">\n   <div class=\"flex items-center justify-center lg:justify-start gap-2 container\">\n      <a href=\"https:\/\/thekontiki.com\/pt-pt\/\" class=\"\">Home<\/a>\n      <svg width=\"2\" height=\"4\" viewBox=\"0 0 2 4\" fill=\"none\" xmlns=\"http:\/\/www.w3.org\/2000\/svg\">\n         <path d=\"M0.380567 0L0 0.47L1.23617 2L0 3.53L0.380567 4L2 2L0.380567 0Z\" fill=\"currentColor\"\/>\n      <\/svg>\n      <span class=\"\">Pol\u00edtica de Cancelamento<\/span>\n   <\/div>\n<\/div>\n\n   <\/div>\n<section class=\"text-block my-20\">\n   <div class=\"container flex-col lg:flex-row flex gap-10\">\n      \n               <div class=\"prose flex-1\">\n            <h2>THE KONTIKI LODGES<\/h2>\n<p><strong>Quartos Superiores do kontiki tropical<\/strong><\/p>\n<p>Para confirmar a sua reserva, \u00e9 necess\u00e1rio um dep\u00f3sito de pelo menos 50% do montante total. O saldo remanescente dever\u00e1 ser pago na totalidade at\u00e9 7 dias antes da chegada. <\/p>\n<p>Queira notar que, caso o pagamento integral n\u00e3o seja recebido at\u00e9 este prazo, a reserva ser\u00e1 automaticamente cancelada. Quaisquer montantes j\u00e1 pagos n\u00e3o ser\u00e3o reembolsados. <\/p>\n<p>A reserva pode ser cancelada gratuitamente at\u00e9 7 dias antes da chegada. Para cancelamentos efetuados dentro de 7 dias da chegada ou em caso de n\u00e3o compar\u00eancia, n\u00e3o ser\u00e1 efetuado qualquer reembolso. <\/p>\n<p>Recomendamos vivamente que adquira uma ap\u00f3lice de seguro de viagem e cancelamento.<\/p>\n<p><strong><span style=\"text-decoration: underline;\">\u00c9poca Alta:<\/span><\/strong><\/p>\n<p>Para confirmar a sua reserva, \u00e9 necess\u00e1rio um dep\u00f3sito de pelo menos 50% do montante total. O saldo remanescente dever\u00e1 ser pago na totalidade at\u00e9 14 dias antes da chegada. <\/p>\n<p>Queira notar que, caso o pagamento integral n\u00e3o seja recebido at\u00e9 este prazo, a reserva ser\u00e1 automaticamente cancelada. Quaisquer montantes j\u00e1 pagos n\u00e3o ser\u00e3o reembolsados. <\/p>\n<p>A reserva pode ser cancelada gratuitamente at\u00e9 14 dias antes da chegada. Para cancelamentos efetuados dentro de 14 dias da chegada ou em caso de n\u00e3o compar\u00eancia, n\u00e3o ser\u00e1 efetuado qualquer reembolso. <\/p>\n<p>Recomendamos vivamente que adquira uma ap\u00f3lice de seguro de viagem e cancelamento.<\/p>\n<p><strong><span style=\"text-decoration: underline;\">N\u00e3o reembols\u00e1vel:  <\/span><\/strong><\/p>\n<p><strong>Quartos Superiores do kontiki tropical<\/strong><\/p>\n<p>Para confirmar a sua reserva n\u00e3o reembols\u00e1vel, \u00e9 necess\u00e1rio o pagamento integral no momento da reserva.<\/p>\n<p>Esta reserva \u00e9 n\u00e3o reembols\u00e1vel. Isto significa que, uma vez confirmada, a reserva n\u00e3o pode ser alterada ou cancelada. Em caso de cancelamento ou n\u00e3o compar\u00eancia, n\u00e3o ser\u00e1 efetuado qualquer reembolso.  <\/p>\n<p>Recomendamos vivamente que adquira uma ap\u00f3lice de seguro de viagem e cancelamento.<\/p>\n<p>&nbsp;<\/p>\n<h2>THE KONTIKI LUXURY SUITES<\/h2>\n<p>Suite frente \u00e0 praia, Suite vista mar, Suite penthouse, The Kontiki Suite:<\/p>\n<p>Para confirmar a sua reserva, \u00e9 necess\u00e1rio um dep\u00f3sito de pelo menos 50% do montante total. O saldo remanescente dever\u00e1 ser pago na totalidade at\u00e9 14 dias antes da chegada. <\/p>\n<p>Queira notar que, caso o pagamento integral n\u00e3o seja recebido at\u00e9 este prazo, a reserva ser\u00e1 automaticamente cancelada. Quaisquer montantes j\u00e1 pagos n\u00e3o ser\u00e3o reembolsados. <\/p>\n<p>A reserva pode ser cancelada gratuitamente at\u00e9 14 dias antes da chegada. Para cancelamentos efetuados dentro de 14 dias da chegada ou em caso de n\u00e3o compar\u00eancia, n\u00e3o ser\u00e1 efetuado qualquer reembolso. <\/p>\n<p>Recomendamos vivamente que adquira uma ap\u00f3lice de seguro de viagem e cancelamento.<\/p>\n<p><strong><span style=\"text-decoration: underline;\">\u00c9poca Alta:<\/span><\/strong><\/p>\n<p>Para confirmar a sua reserva, \u00e9 necess\u00e1rio um dep\u00f3sito de pelo menos 50% do montante total. O saldo remanescente dever\u00e1 ser pago na totalidade at\u00e9 28 dias antes da chegada. <\/p>\n<p>Queira notar que, caso o pagamento integral n\u00e3o seja recebido at\u00e9 este prazo, a reserva ser\u00e1 automaticamente cancelada. Quaisquer montantes j\u00e1 pagos n\u00e3o ser\u00e3o reembolsados. <\/p>\n<p>A reserva pode ser cancelada gratuitamente at\u00e9 28 dias antes da chegada. Para cancelamentos efetuados dentro de 28 dias da chegada ou em caso de n\u00e3o compar\u00eancia, n\u00e3o ser\u00e1 efetuado qualquer reembolso. <\/p>\n<p>Recomendamos vivamente que adquira uma ap\u00f3lice de seguro de viagem e cancelamento.<\/p>\n<p><strong><span style=\"text-decoration: underline;\">N\u00e3o reembols\u00e1vel:  <\/span><\/strong><\/p>\n<p><strong>The Kontiki luxury suites<\/strong><\/p>\n<p>Para confirmar a sua reserva n\u00e3o reembols\u00e1vel, \u00e9 necess\u00e1rio o pagamento integral no momento da reserva.<\/p>\n<p>Esta reserva \u00e9 n\u00e3o reembols\u00e1vel. Isto significa que, uma vez confirmada, a reserva n\u00e3o pode ser alterada ou cancelada. Em caso de cancelamento ou n\u00e3o compar\u00eancia, n\u00e3o ser\u00e1 efetuado qualquer reembolso.  <\/p>\n<p>Recomendamos vivamente que adquira uma ap\u00f3lice de seguro de viagem e cancelamento.<\/p>\n<p>&nbsp;<\/p>\n<p class=\"s9\"><strong><span class=\"s8\">Contacte-nos<\/span><\/strong><\/p>\n<p class=\"s6\"><span class=\"s5\">Caso tenha quaisquer quest\u00f5es, preocupa\u00e7\u00f5es ou pedidos relativos aos seus dados pessoais ou a esta Pol\u00edtica de Cancelamento, queira contactar-nos em:<\/span><\/p>\n<p class=\"s17\"><strong><span class=\"s18\">O kontiki<\/span><\/strong><br \/>\n<span class=\"s5\">Bapor<\/span> <span class=\"s5\">Kibra<\/span><span class=\"s5\"> z\/n<br \/>\n<\/span><span class=\"s5\">1000 Willemstad,<\/span><span class=\"s5\">Curacao<br \/>\n<\/span><span class=\"s5\">E-mail: reservations<\/span><span class=\"s5\">@thekontiki.com<\/span><span class=\"s5\"><br \/>\n<\/span><span class=\"s5\">Telefone: <\/span><span class=\"s5\">+599 9 565 1600<\/span><\/p>\n         <\/div>\n                   \n      \n   <\/div>\n<\/section>","protected":false},"excerpt":{"rendered":"","protected":false},"author":16,"featured_media":6673,"parent":0,"menu_order":0,"comment_status":"closed","ping_status":"closed","template":"","meta":{"_acf_changed":false,"footnotes":""},"class_list":["post-7216","page","type-page","status-publish","has-post-thumbnail","hentry"],"acf":[],"yoast_head":"<!-- This site is optimized with the Yoast SEO plugin v27.4 - https:\/\/yoast.com\/product\/yoast-seo-wordpress\/ -->\n<title>Pol\u00edtica de Cancelamento - The Kontiki<\/title>\n<meta name=\"description\" content=\"Pol\u00edtica de cancelamento clara e flex\u00edvel: descubra os termos para reservar com confian\u00e7a.\" \/>\n<meta name=\"robots\" content=\"index, follow, max-snippet:-1, max-image-preview:large, max-video-preview:-1\" \/>\n<link rel=\"canonical\" href=\"https:\/\/thekontiki.com\/pt-pt\/politica-de-cancelamento\/\" \/>\n<meta property=\"og:locale\" content=\"pt_PT\" \/>\n<meta property=\"og:type\" content=\"article\" \/>\n<meta property=\"og:title\" content=\"Pol\u00edtica de Cancelamento - The Kontiki\" \/>\n<meta property=\"og:description\" content=\"Pol\u00edtica de cancelamento clara e flex\u00edvel: descubra os termos para reservar com confian\u00e7a.\" \/>\n<meta property=\"og:url\" content=\"https:\/\/thekontiki.com\/pt-pt\/politica-de-cancelamento\/\" \/>\n<meta property=\"og:site_name\" content=\"Kontiki\" \/>\n<meta property=\"article:modified_time\" content=\"2025-07-31T18:47:32+00:00\" \/>\n<meta property=\"og:image\" content=\"https:\/\/thekontiki.com\/wp-content\/uploads\/2025\/05\/ALAIAFONK_KontikiSept20-68.jpg\" \/>\n\t<meta property=\"og:image:width\" content=\"1536\" \/>\n\t<meta property=\"og:image:height\" content=\"1920\" \/>\n\t<meta property=\"og:image:type\" content=\"image\/jpeg\" \/>\n<meta name=\"twitter:card\" content=\"summary_large_image\" \/>\n<meta name=\"twitter:label1\" content=\"Est. reading time\" \/>\n\t<meta name=\"twitter:data1\" content=\"3 minutos\" \/>\n<script type=\"application\/ld+json\" class=\"yoast-schema-graph\">{\"@context\":\"https:\\\/\\\/schema.org\",\"@graph\":[{\"@type\":\"WebPage\",\"@id\":\"https:\\\/\\\/thekontiki.com\\\/pt-pt\\\/politica-de-cancelamento\\\/\",\"url\":\"https:\\\/\\\/thekontiki.com\\\/pt-pt\\\/politica-de-cancelamento\\\/\",\"name\":\"Pol\u00edtica de Cancelamento - The Kontiki\",\"isPartOf\":{\"@id\":\"https:\\\/\\\/thekontiki.com\\\/pt-pt\\\/#website\"},\"primaryImageOfPage\":{\"@id\":\"https:\\\/\\\/thekontiki.com\\\/pt-pt\\\/politica-de-cancelamento\\\/#primaryimage\"},\"image\":{\"@id\":\"https:\\\/\\\/thekontiki.com\\\/pt-pt\\\/politica-de-cancelamento\\\/#primaryimage\"},\"thumbnailUrl\":\"https:\\\/\\\/thekontiki.com\\\/wp-content\\\/uploads\\\/2025\\\/05\\\/ALAIAFONK_KontikiSept20-68.jpg\",\"datePublished\":\"2025-05-19T10:01:13+00:00\",\"dateModified\":\"2025-07-31T18:47:32+00:00\",\"description\":\"Pol\u00edtica de cancelamento clara e flex\u00edvel: descubra os termos para reservar com confian\u00e7a.\",\"breadcrumb\":{\"@id\":\"https:\\\/\\\/thekontiki.com\\\/pt-pt\\\/politica-de-cancelamento\\\/#breadcrumb\"},\"inLanguage\":\"pt-PT\",\"potentialAction\":[{\"@type\":\"ReadAction\",\"target\":[\"https:\\\/\\\/thekontiki.com\\\/pt-pt\\\/politica-de-cancelamento\\\/\"]}]},{\"@type\":\"ImageObject\",\"inLanguage\":\"pt-PT\",\"@id\":\"https:\\\/\\\/thekontiki.com\\\/pt-pt\\\/politica-de-cancelamento\\\/#primaryimage\",\"url\":\"https:\\\/\\\/thekontiki.com\\\/wp-content\\\/uploads\\\/2025\\\/05\\\/ALAIAFONK_KontikiSept20-68.jpg\",\"contentUrl\":\"https:\\\/\\\/thekontiki.com\\\/wp-content\\\/uploads\\\/2025\\\/05\\\/ALAIAFONK_KontikiSept20-68.jpg\",\"width\":1536,\"height\":1920},{\"@type\":\"BreadcrumbList\",\"@id\":\"https:\\\/\\\/thekontiki.com\\\/pt-pt\\\/politica-de-cancelamento\\\/#breadcrumb\",\"itemListElement\":[{\"@type\":\"ListItem\",\"position\":1,\"name\":\"P\u00e1gina Inicial\",\"item\":\"https:\\\/\\\/thekontiki.com\\\/pt-pt\\\/\"},{\"@type\":\"ListItem\",\"position\":2,\"name\":\"Pol\u00edtica de Cancelamento\"}]},{\"@type\":\"WebSite\",\"@id\":\"https:\\\/\\\/thekontiki.com\\\/pt-pt\\\/#website\",\"url\":\"https:\\\/\\\/thekontiki.com\\\/pt-pt\\\/\",\"name\":\"Kontiki Beach Resort Curacao\",\"description\":\"Kontiki Beach Resort Cura\u00e7ao\",\"alternateName\":\"van der Valk Curacao\",\"potentialAction\":[{\"@type\":\"SearchAction\",\"target\":{\"@type\":\"EntryPoint\",\"urlTemplate\":\"https:\\\/\\\/thekontiki.com\\\/pt-pt\\\/?s={search_term_string}\"},\"query-input\":{\"@type\":\"PropertyValueSpecification\",\"valueRequired\":true,\"valueName\":\"search_term_string\"}}],\"inLanguage\":\"pt-PT\"}]}<\/script>\n<!-- \/ Yoast SEO plugin. -->","yoast_head_json":{"title":"Pol\u00edtica de Cancelamento - The Kontiki","description":"Pol\u00edtica de cancelamento clara e flex\u00edvel: descubra os termos para reservar com confian\u00e7a.","robots":{"index":"index","follow":"follow","max-snippet":"max-snippet:-1","max-image-preview":"max-image-preview:large","max-video-preview":"max-video-preview:-1"},"canonical":"https:\/\/thekontiki.com\/pt-pt\/politica-de-cancelamento\/","og_locale":"pt_PT","og_type":"article","og_title":"Pol\u00edtica de Cancelamento - The Kontiki","og_description":"Pol\u00edtica de cancelamento clara e flex\u00edvel: descubra os termos para reservar com confian\u00e7a.","og_url":"https:\/\/thekontiki.com\/pt-pt\/politica-de-cancelamento\/","og_site_name":"Kontiki","article_modified_time":"2025-07-31T18:47:32+00:00","og_image":[{"width":1536,"height":1920,"url":"https:\/\/thekontiki.com\/wp-content\/uploads\/2025\/05\/ALAIAFONK_KontikiSept20-68.jpg","type":"image\/jpeg"}],"twitter_card":"summary_large_image","twitter_misc":{"Est. reading time":"3 minutos"},"schema":{"@context":"https:\/\/schema.org","@graph":[{"@type":"WebPage","@id":"https:\/\/thekontiki.com\/pt-pt\/politica-de-cancelamento\/","url":"https:\/\/thekontiki.com\/pt-pt\/politica-de-cancelamento\/","name":"Pol\u00edtica de Cancelamento - The Kontiki","isPartOf":{"@id":"https:\/\/thekontiki.com\/pt-pt\/#website"},"primaryImageOfPage":{"@id":"https:\/\/thekontiki.com\/pt-pt\/politica-de-cancelamento\/#primaryimage"},"image":{"@id":"https:\/\/thekontiki.com\/pt-pt\/politica-de-cancelamento\/#primaryimage"},"thumbnailUrl":"https:\/\/thekontiki.com\/wp-content\/uploads\/2025\/05\/ALAIAFONK_KontikiSept20-68.jpg","datePublished":"2025-05-19T10:01:13+00:00","dateModified":"2025-07-31T18:47:32+00:00","description":"Pol\u00edtica de cancelamento clara e flex\u00edvel: descubra os termos para reservar com confian\u00e7a.","breadcrumb":{"@id":"https:\/\/thekontiki.com\/pt-pt\/politica-de-cancelamento\/#breadcrumb"},"inLanguage":"pt-PT","potentialAction":[{"@type":"ReadAction","target":["https:\/\/thekontiki.com\/pt-pt\/politica-de-cancelamento\/"]}]},{"@type":"ImageObject","inLanguage":"pt-PT","@id":"https:\/\/thekontiki.com\/pt-pt\/politica-de-cancelamento\/#primaryimage","url":"https:\/\/thekontiki.com\/wp-content\/uploads\/2025\/05\/ALAIAFONK_KontikiSept20-68.jpg","contentUrl":"https:\/\/thekontiki.com\/wp-content\/uploads\/2025\/05\/ALAIAFONK_KontikiSept20-68.jpg","width":1536,"height":1920},{"@type":"BreadcrumbList","@id":"https:\/\/thekontiki.com\/pt-pt\/politica-de-cancelamento\/#breadcrumb","itemListElement":[{"@type":"ListItem","position":1,"name":"P\u00e1gina Inicial","item":"https:\/\/thekontiki.com\/pt-pt\/"},{"@type":"ListItem","position":2,"name":"Pol\u00edtica de Cancelamento"}]},{"@type":"WebSite","@id":"https:\/\/thekontiki.com\/pt-pt\/#website","url":"https:\/\/thekontiki.com\/pt-pt\/","name":"Kontiki Beach Resort Curacao","description":"Kontiki Beach Resort Cura\u00e7ao","alternateName":"van der Valk Curacao","potentialAction":[{"@type":"SearchAction","target":{"@type":"EntryPoint","urlTemplate":"https:\/\/thekontiki.com\/pt-pt\/?s={search_term_string}"},"query-input":{"@type":"PropertyValueSpecification","valueRequired":true,"valueName":"search_term_string"}}],"inLanguage":"pt-PT"}]}},"_links":{"self":[{"href":"https:\/\/thekontiki.com\/pt-pt\/wp-json\/wp\/v2\/pages\/7216","targetHints":{"allow":["GET"]}}],"collection":[{"href":"https:\/\/thekontiki.com\/pt-pt\/wp-json\/wp\/v2\/pages"}],"about":[{"href":"https:\/\/thekontiki.com\/pt-pt\/wp-json\/wp\/v2\/types\/page"}],"author":[{"embeddable":true,"href":"https:\/\/thekontiki.com\/pt-pt\/wp-json\/wp\/v2\/users\/16"}],"replies":[{"embeddable":true,"href":"https:\/\/thekontiki.com\/pt-pt\/wp-json\/wp\/v2\/comments?post=7216"}],"version-history":[{"count":0,"href":"https:\/\/thekontiki.com\/pt-pt\/wp-json\/wp\/v2\/pages\/7216\/revisions"}],"wp:featuredmedia":[{"embeddable":true,"href":"https:\/\/thekontiki.com\/pt-pt\/wp-json\/wp\/v2\/media\/6673"}],"wp:attachment":[{"href":"https:\/\/thekontiki.com\/pt-pt\/wp-json\/wp\/v2\/media?parent=7216"}],"curies":[{"name":"wp","href":"https:\/\/api.w.org\/{rel}","templated":true}]}}