{"id":7025,"date":"2025-04-09T08:44:08","date_gmt":"2025-04-09T08:44:08","guid":{"rendered":"https:\/\/the-kontiki.com\/carrieres\/"},"modified":"2025-07-31T19:03:42","modified_gmt":"2025-07-31T19:03:42","slug":"carrieres","status":"publish","type":"page","link":"https:\/\/thekontiki.com\/nl\/carrieres\/","title":{"rendered":"Carri\u00e8res"},"content":{"rendered":"\n<section class=\"cover w-full h-[calc(100svh-58px)] relative overflow-hidden\">\n   <div class=\"absolute inset-0 flex items-center z-20 text-white\">\n      <div class=\"container grid gap-5\">\n\n         \n                     \n            <h1 class=\"text-h3 md:text-h2 lg:text-h1 max-w-[1050px]\">Carri\u00e8res<\/h1>\n            \n         \n      <\/div>\n   <\/div>\n   \n   <div class=\"overlay absolute inset-0 z-10 bg-black\/15\"><\/div>\n\n\n         <video src=\"https:\/\/thekontiki.com\/wp-content\/uploads\/denver-cocktail.mp4\" autoplay muted loop playsinline class=\"absolute inset-0 -z-10 object-cover w-full h-full\"><\/video>\n   \n   <svg class=\"absolute bottom-10 left-1\/2 -translate-x-1\/2\" width=\"24\" height=\"37\" viewBox=\"0 0 24 37\" fill=\"none\" xmlns=\"http:\/\/www.w3.org\/2000\/svg\">\n      <rect x=\"0.5\" y=\"0.5\" width=\"23\" height=\"36\" rx=\"11.5\" stroke=\"white\"\/>\n      <circle cx=\"12\" cy=\"12\" r=\"3\" fill=\"white\"\/>\n   <\/svg>\n\n\n<\/section>\n\n\n   <div class=\"my-8 relative\">\n\t  <div class=\"w-full text-xs font-heading uppercase tracking-widest font-semibold breadcrumbs\">\n   <div class=\"flex items-center justify-center lg:justify-start gap-2 container\">\n      <a href=\"https:\/\/thekontiki.com\/nl\/\" class=\"\">Home<\/a>\n      <svg width=\"2\" height=\"4\" viewBox=\"0 0 2 4\" fill=\"none\" xmlns=\"http:\/\/www.w3.org\/2000\/svg\">\n         <path d=\"M0.380567 0L0 0.47L1.23617 2L0 3.53L0.380567 4L2 2L0.380567 0Z\" fill=\"currentColor\"\/>\n      <\/svg>\n      <span class=\"\">Carri\u00e8res<\/span>\n   <\/div>\n<\/div>\n\n   <\/div>\n\n<section class=\"text-images  relative \n         my-20 lg:my-30\n      \"\n      >\n   <div class=\"lg:container lg:grid lg:grid-cols-12 lg:gap-4\">\n               <div class=\"lg:col-span-10 lg:col-start-2 text-center  mx-6 lg:mx-0\">\n            <h2 class=\"text-base lg:text-h3 \">Werk waar lifestyle en gastvrijheid samenkomen, makkelijk, levendig &amp; excellent<\/h2>\n         <\/div>\n            <div class=\"lg:col-span-8 mb-16 lg:mb-0 \">\n               <\/div>\n      <div class=\"lg:col-span-3 mx-6 lg:mx-0  lg:col-start-10 \">\n         <div class=\"sticky top-40 grid gap-8\">\n                                    \n         <\/div>\n      <\/div>\n   <\/div>\n<\/section>\n\n\n<section class=\"my-20 lg:my-30 text-media-block \" id=\"\">\n   <div class=\"container grid lg:grid-cols-12\">\n      <div class=\"grid lg:grid-cols-10 gap-8 lg:gap-4 lg:col-span-10 lg:col-start-2 relative\">\n         \n         <div class=\"lg:col-span-4 order-2 lg:order-1 \">\n            <div class=\"lg:sticky lg:top-32\">\n                                             <div class=\"prose  text-black\/90\">\n                     <p class=\"s9\"><span class=\"s6\">Bij <\/span><span class=\"s7\">The Kontiki<\/span><span class=\"s6\"> geloven we dat luxe niet alleen een service is\u2014het is een gevoel, een ervaring, en vooral een <\/span><span class=\"s8\">teamprestatie<\/span><span class=\"s6\">. Als lifestyle resort willen we meer bieden dan alleen uitzonderlijke verblijven\u2014we cre\u00ebren onvergetelijke momenten. En dat begint met onze mensen. <\/span><\/p>\n<p class=\"s9\"><span class=\"s6\">Doe met ons mee en word onderdeel van een levendig, gepassioneerd team dat definieert hoe hedendaagse gastvrijheid eruit ziet en aanvoelt.<\/span><\/p>\n                  <\/div>\n                                  <div class=\"flex flex-wrap  gap-2 lg:gap-6 justify-left mt-8 lg:mt-16\">\n        \n        \n            \n<a href=\"http:\/\/jobs@thekontiki.com\/nl\/\" class=\" secondary button relative group flex p-0 overflow-hidden hover:scale-[98%] transition-transform duration-500\" target=\"\" target=\"_blank\" rel=\"noopener noreferrer nofollow\">\n    <span class=\"px-6 py-3 w-full h-full flex-center block relative group-hover:-translate-y-full transition-transform duration-500 rotate-0 group-hover:-rotate-5\">Mail ons je sollicitatie<\/span>\n    <span class=\"px-6 py-3 absolute inset-0 w-full h-full flex-center top-full group-hover:-translate-y-full transition-transform duration-500 rotate-5 group-hover:rotate-0\">Mail ons je sollicitatie<\/span>\n<\/a>\n            <\/div>\n\n            <\/div>\n         <\/div>\n         <div class=\"lg:col-span-5 lg:col-start-6 lg:order-2 order-1\">\n            <img loading=\"lazy\" decoding=\"async\" width=\"1439\" height=\"1920\" src=\"https:\/\/thekontiki.com\/wp-content\/uploads\/2025\/05\/ALAIAFONK_MoodBeachSept20_DRONE-4.jpg\" class=\"\" alt=\"\" srcset=\"https:\/\/thekontiki.com\/wp-content\/uploads\/2025\/05\/ALAIAFONK_MoodBeachSept20_DRONE-4.jpg 1439w, https:\/\/thekontiki.com\/wp-content\/uploads\/2025\/05\/ALAIAFONK_MoodBeachSept20_DRONE-4-540x720.jpg 540w, https:\/\/thekontiki.com\/wp-content\/uploads\/2025\/05\/ALAIAFONK_MoodBeachSept20_DRONE-4-809x1080.jpg 809w, https:\/\/thekontiki.com\/wp-content\/uploads\/2025\/05\/ALAIAFONK_MoodBeachSept20_DRONE-4-768x1025.jpg 768w, https:\/\/thekontiki.com\/wp-content\/uploads\/2025\/05\/ALAIAFONK_MoodBeachSept20_DRONE-4-1151x1536.jpg 1151w\" sizes=\"auto, (max-width: 1439px) 100vw, 1439px\" \/>                                 <\/div>\n\n      <\/div>\n   <\/div>\n<\/section>\n\n<section class=\"text-images  relative \n   bg-green-light      py-20 lg:py-30       \"\n      >\n   <div class=\"lg:container lg:grid lg:grid-cols-12 lg:gap-4\">\n            <div class=\"lg:col-span-8 mb-16 lg:mb-0 \">\n         \n\n            \n            <div class=\"swiper-images overflow-hidden px-6 lg:px-0\" >\n               <div class=\"swiper-wrapper lg:!grid lg:grid-cols-2 lg:gap-4\">\n\n                     \n                                                                                                                        <div class=\"lg:col-span-2 lg:aspect-[922\/970] aspect-[328\/224] swiper-slide\">\n                                                         <img loading=\"lazy\" decoding=\"async\" width=\"1441\" height=\"1080\" src=\"https:\/\/thekontiki.com\/wp-content\/uploads\/2025\/05\/ALAIAFONK_MoodBeachSept20_DRONE-9-1441x1080.jpg\" class=\"w-full h-full object-cover\" alt=\"\" srcset=\"https:\/\/thekontiki.com\/wp-content\/uploads\/2025\/05\/ALAIAFONK_MoodBeachSept20_DRONE-9-1441x1080.jpg 1441w, https:\/\/thekontiki.com\/wp-content\/uploads\/2025\/05\/ALAIAFONK_MoodBeachSept20_DRONE-9-961x720.jpg 961w, https:\/\/thekontiki.com\/wp-content\/uploads\/2025\/05\/ALAIAFONK_MoodBeachSept20_DRONE-9-768x576.jpg 768w, https:\/\/thekontiki.com\/wp-content\/uploads\/2025\/05\/ALAIAFONK_MoodBeachSept20_DRONE-9-1536x1151.jpg 1536w, https:\/\/thekontiki.com\/wp-content\/uploads\/2025\/05\/ALAIAFONK_MoodBeachSept20_DRONE-9.jpg 1920w\" sizes=\"auto, (max-width: 1441px) 100vw, 1441px\" \/>                                                   <\/div>\n                     \n               <\/div>\n            <\/div>\n\n            \n               <\/div>\n      <div class=\"lg:col-span-3 mx-6 lg:mx-0  lg:col-start-10 \">\n         <div class=\"sticky top-40 grid gap-8\">\n                           <h2 class=\"text-h6 lg:text-h4 font-bold\">Waarom bij ons werken<\/h2>\n                                       <div class=\"prose\"><div class=\"s13\"><span class=\"s7\"><strong>Inspirerende omgeving<\/strong><br \/>\n<\/span><span class=\"s6\"><span class=\"s6\">Werk in een prachtige resortomgeving ontworpen voor zowel gasten als teamleden om te floreren.<\/span><\/span><\/div>\n<div><\/div>\n<div class=\"s13\"><strong><span class=\"s7\">Lifestylecultuur<\/span><\/strong><span class=\"s6\"><span class=\"s6\"><br \/>\nWe zijn niet zomaar een hotel\u2014we zijn een beweging. We vieren individualiteit, creativiteit en passie. <\/span><\/span><\/div>\n<div><\/div>\n<div class=\"s13\"><span class=\"s7\"><strong>Welzijn eerst<\/strong><br \/>\n<\/span><span class=\"s6\">We zorgen voor ons team zoals we voor onze gasten zorgen\u2014met respect, <\/span><span class=\"s6\">w<\/span><span class=\"s6\"><span class=\"s6\">elzijn en balans.<\/span><\/span><\/div>\n<div><\/div>\n<div class=\"s13\"><span class=\"s7\"><strong>Groei &amp; leren<\/strong><br \/>\n<\/span><span class=\"s6\">Of je nu net begint of je carri\u00e8re wilt boosten, we bieden training, mentorschap en kansen om vooruit te komen.<\/span><\/div>\n<div><\/div>\n<div class=\"s13\"><strong><span class=\"s7\">Teamspirit<\/span><\/strong><span class=\"s6\"><br \/>\nWe werken samen, winnen samen en vieren samen. Altijd. <\/span><\/div>\n<div><\/div>\n<div><strong>Bij \u201cThe Kontiki\u201d &#8230;&#8230; LEVEN WE DE KONTIKI CULTUUR!<\/strong><\/div>\n<\/div>\n                        \n         <\/div>\n      <\/div>\n   <\/div>\n<\/section>\n\n\n<section class=\"text-images  relative \n   bg-turquoise      py-20 lg:py-30 text-white      \"\n   style=\"background: url(https:\/\/thekontiki.com\/wp-content\/themes\/kontiki\/assets\/img\/bg_texture.jpg) no-repeat center center \/ cover;\"   >\n   <div class=\"lg:container lg:grid lg:grid-cols-12 lg:gap-4\">\n               <div class=\"lg:col-span-10 lg:col-start-2 text-center mb-20 lg:mb-30 mx-6 lg:mx-0\">\n            <h2 class=\"text-base lg:text-h3 \">Huidige vacatures<\/h2>\n         <\/div>\n            <div class=\"lg:col-span-8 mb-16 lg:mb-0  lg:col-start-5 lg:order-2 \">\n         \n\n            \n            <div class=\"swiper-images overflow-hidden px-6 lg:px-0\" >\n               <div class=\"swiper-wrapper lg:!grid lg:grid-cols-2 lg:gap-4\">\n\n                     \n                                                                                                                        <div class=\"lg:col-span-2 lg:aspect-[922\/970] aspect-[328\/224] swiper-slide\">\n                                                         <video src=\"https:\/\/thekontiki.com\/wp-content\/uploads\/room-curtain-in-wind-room-curtain-in-wind-room-curtain-in-wind.mp4\" autoplay muted loop playsinline class=\"w-full h-full object-cover\"><\/video>\n                                                   <\/div>\n                                                                                                                        <div class=\"lg:aspect-[450\/640] aspect-[328\/224] swiper-slide\">\n                                                         <img loading=\"lazy\" decoding=\"async\" width=\"1620\" height=\"1080\" src=\"https:\/\/thekontiki.com\/wp-content\/uploads\/2025\/05\/Kontiki-LaurevanHijfte-0017-1620x1080.webp\" class=\"w-full h-full object-cover\" alt=\"\" srcset=\"https:\/\/thekontiki.com\/wp-content\/uploads\/2025\/05\/Kontiki-LaurevanHijfte-0017-1620x1080.webp 1620w, https:\/\/thekontiki.com\/wp-content\/uploads\/2025\/05\/Kontiki-LaurevanHijfte-0017-1080x720.webp 1080w, https:\/\/thekontiki.com\/wp-content\/uploads\/2025\/05\/Kontiki-LaurevanHijfte-0017-768x512.webp 768w, https:\/\/thekontiki.com\/wp-content\/uploads\/2025\/05\/Kontiki-LaurevanHijfte-0017-1536x1024.webp 1536w, https:\/\/thekontiki.com\/wp-content\/uploads\/2025\/05\/Kontiki-LaurevanHijfte-0017.webp 1920w\" sizes=\"auto, (max-width: 1620px) 100vw, 1620px\" \/>                                                   <\/div>\n                                                                                                                        <div class=\"lg:aspect-[450\/640] aspect-[328\/224] swiper-slide\">\n                                                         <img loading=\"lazy\" decoding=\"async\" width=\"720\" height=\"1080\" src=\"https:\/\/thekontiki.com\/wp-content\/uploads\/2025\/05\/DSC09973-2-1-720x1080.webp\" class=\"w-full h-full object-cover\" alt=\"\" srcset=\"https:\/\/thekontiki.com\/wp-content\/uploads\/2025\/05\/DSC09973-2-1-720x1080.webp 720w, https:\/\/thekontiki.com\/wp-content\/uploads\/2025\/05\/DSC09973-2-1-480x720.webp 480w, https:\/\/thekontiki.com\/wp-content\/uploads\/2025\/05\/DSC09973-2-1-768x1152.webp 768w, https:\/\/thekontiki.com\/wp-content\/uploads\/2025\/05\/DSC09973-2-1-1024x1536.webp 1024w, https:\/\/thekontiki.com\/wp-content\/uploads\/2025\/05\/DSC09973-2-1.webp 1080w\" sizes=\"auto, (max-width: 720px) 100vw, 720px\" \/>                                                   <\/div>\n                     \n               <\/div>\n            <\/div>\n\n            \n               <\/div>\n      <div class=\"lg:col-span-3 mx-6 lg:mx-0  lg:order-1 \">\n         <div class=\"sticky top-40 grid gap-8\">\n                                       <div class=\"prose\"><p class=\"s9\"><span class=\"s6\">We zijn altijd op zoek naar dynamische en gemotiveerde individuen. Hier zijn enkele van onze huidige kansen: <\/span><\/p>\n<p class=\"s5\"><strong><span class=\"s4\">Front office &amp; gastbeleving<br \/>\n<\/span><\/strong><span class=\"s6\">\u2013 guest relation host<br \/>\n<\/span><span class=\"s6\">\u2013 front office \/ receptionist<br \/>\n<\/span><span class=\"s6\">\u2013 guest service medewerker<\/span><\/p>\n<p class=\"s5\"><strong><span class=\"s4\">Food &amp; beverage<br \/>\n<\/span><\/strong><span class=\"s6\">\u2013 beach club manager \/ supervisor<br \/>\n<\/span><span class=\"s6\">\u2013 bartender, barkeeper &amp; mixologist<br \/>\n<\/span><span class=\"s6\">\u2013 bediening<br \/>\n<\/span><span class=\"s6\">\u2013 kok<\/span><\/p>\n<p class=\"s5\"><strong><span class=\"s4\">Housekeeping &amp; onderhoud<br \/>\n<\/span><\/strong><span class=\"s6\">\u2013 kamermedewerker<br \/>\n<\/span><span class=\"s6\">\u2013 housekeeping supervisor<br \/>\n<\/span><span class=\"s6\">\u2013 onderhoudstechnicus<br \/>\n\u2013 tuinman<\/span><\/p>\n<p class=\"s5\"><strong><span class=\"s4\">Management &amp; administratie<br \/>\n<\/span><\/strong><span class=\"s6\">\u2013 sales executive (Hotel)<\/span><span class=\"s6\"><br \/>\n<\/span><span class=\"s6\">\u2013 management trainee<br \/>\n\u2013 winkelverkoper<\/span><\/p>\n<\/div>\n                        \n         <\/div>\n      <\/div>\n   <\/div>\n<\/section>\n\n<section class=\"text-block my-20\">\n   <div class=\"container flex-col lg:flex-row flex gap-10\">\n      \n               <div class=\"prose flex-1\">\n            <p class=\"s11\"><strong><span class=\"s10\">Hoe kan ik lid worden van het team<\/span><span class=\"s10\">?<\/span><\/strong><\/p>\n<div class=\"s13\"><span class=\"s7\">Stuur je CV en motivatie naar: <a href=\"mailto:jobs@thekontiki.com\">jobs@thekontiki.com<\/a><\/span><span class=\"s6\"> en <\/span><span class=\"s6\">we komen zo snel mogelijk bij je terug zodra we nieuws voor je hebben<\/span><span class=\"s6\">.<\/span><\/div>\n<div><\/div>\n<div><\/div>\n         <\/div>\n                     <div class=\"prose flex-1\">\n            <p class=\"s11\"><strong><span class=\"s10\">Het leven bij The Kontiki<\/span><\/strong><\/p>\n<p class=\"s15\"><span class=\"s6\">\u201c<em>Bij The Kontiki vond ik meer dan alleen een baan\u2014ik vond een familie die mijn idee\u00ebn waardeert, mijn doelen ondersteunt en me elke dag inspireert<\/em>.\u201d<\/span><span class=\"s6\">\u2014 <\/span><span class=\"s8\">NN, The Kontiki <\/span> <\/p>\n<p class=\"s9\"><span class=\"s6\">We zijn toegewijd aan diversiteit, inclusiviteit en het cre\u00ebren van een werkplek waar iedereen zich gewaardeerd en empowered voelt. Of je nu op het strand bent of achter het bureau, elke rol bij The Kontiki draagt bij aan de magie die we cre\u00ebren. <\/span><\/p>\n         <\/div>\n             \n      \n   <\/div>\n<\/section>","protected":false},"excerpt":{"rendered":"","protected":false},"author":1,"featured_media":0,"parent":0,"menu_order":0,"comment_status":"closed","ping_status":"closed","template":"","meta":{"_acf_changed":false,"footnotes":""},"class_list":["post-7025","page","type-page","status-publish","hentry"],"acf":[],"yoast_head":"<!-- This site is optimized with the Yoast SEO plugin v27.5 - https:\/\/yoast.com\/product\/yoast-seo-wordpress\/ -->\n<title>Carri\u00e8res - The Kontiki<\/title>\n<meta name=\"description\" content=\"Carri\u00e8rekansen bij The Kontiki Cura\u00e7ao: kom deel uit van ons team in een tropische omgeving.\" \/>\n<meta name=\"robots\" content=\"index, follow, max-snippet:-1, max-image-preview:large, max-video-preview:-1\" \/>\n<link rel=\"canonical\" href=\"https:\/\/thekontiki.com\/nl\/carrieres\/\" \/>\n<meta property=\"og:locale\" content=\"nl_NL\" \/>\n<meta property=\"og:type\" content=\"article\" \/>\n<meta property=\"og:title\" content=\"Carri\u00e8res - The Kontiki\" \/>\n<meta property=\"og:description\" content=\"Carri\u00e8rekansen bij The Kontiki Cura\u00e7ao: kom deel uit van ons team in een tropische omgeving.\" \/>\n<meta property=\"og:url\" content=\"https:\/\/thekontiki.com\/nl\/carrieres\/\" \/>\n<meta property=\"og:site_name\" content=\"Kontiki\" \/>\n<meta property=\"article:modified_time\" content=\"2025-07-31T19:03:42+00:00\" \/>\n<meta property=\"og:image\" content=\"https:\/\/thekontiki.com\/wp-content\/uploads\/Kontiki-Beach-Resort-Curacao-SiteImage.jpg\" \/>\n\t<meta property=\"og:image:width\" content=\"1200\" \/>\n\t<meta property=\"og:image:height\" content=\"675\" \/>\n\t<meta property=\"og:image:type\" content=\"image\/jpeg\" \/>\n<meta name=\"twitter:card\" content=\"summary_large_image\" \/>\n<meta name=\"twitter:label1\" content=\"Est. reading time\" \/>\n\t<meta name=\"twitter:data1\" content=\"3 minuten\" \/>\n<script type=\"application\/ld+json\" class=\"yoast-schema-graph\">{\"@context\":\"https:\\\/\\\/schema.org\",\"@graph\":[{\"@type\":\"WebPage\",\"@id\":\"https:\\\/\\\/thekontiki.com\\\/nl\\\/carrieres\\\/\",\"url\":\"https:\\\/\\\/thekontiki.com\\\/nl\\\/carrieres\\\/\",\"name\":\"Carri\u00e8res - The Kontiki\",\"isPartOf\":{\"@id\":\"https:\\\/\\\/thekontiki.com\\\/nl\\\/#website\"},\"datePublished\":\"2025-04-09T08:44:08+00:00\",\"dateModified\":\"2025-07-31T19:03:42+00:00\",\"description\":\"Carri\u00e8rekansen bij The Kontiki Cura\u00e7ao: kom deel uit van ons team in een tropische omgeving.\",\"breadcrumb\":{\"@id\":\"https:\\\/\\\/thekontiki.com\\\/nl\\\/carrieres\\\/#breadcrumb\"},\"inLanguage\":\"nl-NL\",\"potentialAction\":[{\"@type\":\"ReadAction\",\"target\":[\"https:\\\/\\\/thekontiki.com\\\/nl\\\/carrieres\\\/\"]}]},{\"@type\":\"BreadcrumbList\",\"@id\":\"https:\\\/\\\/thekontiki.com\\\/nl\\\/carrieres\\\/#breadcrumb\",\"itemListElement\":[{\"@type\":\"ListItem\",\"position\":1,\"name\":\"Thuis\",\"item\":\"https:\\\/\\\/thekontiki.com\\\/nl\\\/homepage-kontiki-strand-resort-curacao\\\/\"},{\"@type\":\"ListItem\",\"position\":2,\"name\":\"Carri\u00e8res\"}]},{\"@type\":\"WebSite\",\"@id\":\"https:\\\/\\\/thekontiki.com\\\/nl\\\/#website\",\"url\":\"https:\\\/\\\/thekontiki.com\\\/nl\\\/\",\"name\":\"Kontiki Beach Resort Curacao\",\"description\":\"Kontiki Beach Resort Cura\u00e7ao\",\"alternateName\":\"van der Valk Curacao\",\"potentialAction\":[{\"@type\":\"SearchAction\",\"target\":{\"@type\":\"EntryPoint\",\"urlTemplate\":\"https:\\\/\\\/thekontiki.com\\\/nl\\\/?s={search_term_string}\"},\"query-input\":{\"@type\":\"PropertyValueSpecification\",\"valueRequired\":true,\"valueName\":\"search_term_string\"}}],\"inLanguage\":\"nl-NL\"}]}<\/script>\n<!-- \/ Yoast SEO plugin. -->","yoast_head_json":{"title":"Carri\u00e8res - The Kontiki","description":"Carri\u00e8rekansen bij The Kontiki Cura\u00e7ao: kom deel uit van ons team in een tropische omgeving.","robots":{"index":"index","follow":"follow","max-snippet":"max-snippet:-1","max-image-preview":"max-image-preview:large","max-video-preview":"max-video-preview:-1"},"canonical":"https:\/\/thekontiki.com\/nl\/carrieres\/","og_locale":"nl_NL","og_type":"article","og_title":"Carri\u00e8res - The Kontiki","og_description":"Carri\u00e8rekansen bij The Kontiki Cura\u00e7ao: kom deel uit van ons team in een tropische omgeving.","og_url":"https:\/\/thekontiki.com\/nl\/carrieres\/","og_site_name":"Kontiki","article_modified_time":"2025-07-31T19:03:42+00:00","og_image":[{"width":1200,"height":675,"url":"https:\/\/thekontiki.com\/wp-content\/uploads\/Kontiki-Beach-Resort-Curacao-SiteImage.jpg","type":"image\/jpeg"}],"twitter_card":"summary_large_image","twitter_misc":{"Est. reading time":"3 minuten"},"schema":{"@context":"https:\/\/schema.org","@graph":[{"@type":"WebPage","@id":"https:\/\/thekontiki.com\/nl\/carrieres\/","url":"https:\/\/thekontiki.com\/nl\/carrieres\/","name":"Carri\u00e8res - The Kontiki","isPartOf":{"@id":"https:\/\/thekontiki.com\/nl\/#website"},"datePublished":"2025-04-09T08:44:08+00:00","dateModified":"2025-07-31T19:03:42+00:00","description":"Carri\u00e8rekansen bij The Kontiki Cura\u00e7ao: kom deel uit van ons team in een tropische omgeving.","breadcrumb":{"@id":"https:\/\/thekontiki.com\/nl\/carrieres\/#breadcrumb"},"inLanguage":"nl-NL","potentialAction":[{"@type":"ReadAction","target":["https:\/\/thekontiki.com\/nl\/carrieres\/"]}]},{"@type":"BreadcrumbList","@id":"https:\/\/thekontiki.com\/nl\/carrieres\/#breadcrumb","itemListElement":[{"@type":"ListItem","position":1,"name":"Thuis","item":"https:\/\/thekontiki.com\/nl\/homepage-kontiki-strand-resort-curacao\/"},{"@type":"ListItem","position":2,"name":"Carri\u00e8res"}]},{"@type":"WebSite","@id":"https:\/\/thekontiki.com\/nl\/#website","url":"https:\/\/thekontiki.com\/nl\/","name":"Kontiki Beach Resort Curacao","description":"Kontiki Beach Resort Cura\u00e7ao","alternateName":"van der Valk Curacao","potentialAction":[{"@type":"SearchAction","target":{"@type":"EntryPoint","urlTemplate":"https:\/\/thekontiki.com\/nl\/?s={search_term_string}"},"query-input":{"@type":"PropertyValueSpecification","valueRequired":true,"valueName":"search_term_string"}}],"inLanguage":"nl-NL"}]}},"_links":{"self":[{"href":"https:\/\/thekontiki.com\/nl\/wp-json\/wp\/v2\/pages\/7025","targetHints":{"allow":["GET"]}}],"collection":[{"href":"https:\/\/thekontiki.com\/nl\/wp-json\/wp\/v2\/pages"}],"about":[{"href":"https:\/\/thekontiki.com\/nl\/wp-json\/wp\/v2\/types\/page"}],"author":[{"embeddable":true,"href":"https:\/\/thekontiki.com\/nl\/wp-json\/wp\/v2\/users\/1"}],"replies":[{"embeddable":true,"href":"https:\/\/thekontiki.com\/nl\/wp-json\/wp\/v2\/comments?post=7025"}],"version-history":[{"count":0,"href":"https:\/\/thekontiki.com\/nl\/wp-json\/wp\/v2\/pages\/7025\/revisions"}],"wp:attachment":[{"href":"https:\/\/thekontiki.com\/nl\/wp-json\/wp\/v2\/media?parent=7025"}],"curies":[{"name":"wp","href":"https:\/\/api.w.org\/{rel}","templated":true}]}}