{"id":7210,"date":"2025-05-19T10:01:13","date_gmt":"2025-05-19T10:01:13","guid":{"rendered":"https:\/\/the-kontiki.com\/politica-de-cancelacion\/"},"modified":"2025-06-26T14:30:36","modified_gmt":"2025-06-26T14:30:36","slug":"politica-de-cancelacion","status":"publish","type":"page","link":"https:\/\/thekontiki.com\/es\/politica-de-cancelacion\/","title":{"rendered":"Pol\u00edtica de cancelaci\u00f3n"},"content":{"rendered":"\n<section class=\"cover w-full h-[calc(100svh-58px)] relative overflow-hidden\">\n   <div class=\"absolute inset-0 flex items-center z-20 text-white\">\n      <div class=\"container grid gap-5\">\n\n         \n                     \n            <h1 class=\"text-h3 md:text-h2 lg:text-h1 max-w-[1050px]\">Pol\u00edtica de cancelaci\u00f3n<\/h1>\n            \n         \n      <\/div>\n   <\/div>\n   \n   <div class=\"overlay absolute inset-0 z-10 bg-black\/15\"><\/div>\n\n\n         <video src=\"https:\/\/thekontiki.com\/wp-content\/uploads\/paloma-leans-against-hut.mp4\" autoplay muted loop playsinline class=\"absolute inset-0 -z-10 object-cover w-full h-full\"><\/video>\n   \n   <svg class=\"absolute bottom-10 left-1\/2 -translate-x-1\/2\" width=\"24\" height=\"37\" viewBox=\"0 0 24 37\" fill=\"none\" xmlns=\"http:\/\/www.w3.org\/2000\/svg\">\n      <rect x=\"0.5\" y=\"0.5\" width=\"23\" height=\"36\" rx=\"11.5\" stroke=\"white\"\/>\n      <circle cx=\"12\" cy=\"12\" r=\"3\" fill=\"white\"\/>\n   <\/svg>\n\n\n<\/section>\n\n\n   <div class=\"my-8 relative\">\n\t  <div class=\"w-full text-xs font-heading uppercase tracking-widest font-semibold breadcrumbs\">\n   <div class=\"flex items-center justify-center lg:justify-start gap-2 container\">\n      <a href=\"https:\/\/thekontiki.com\/es\/\" class=\"\">Home<\/a>\n      <svg width=\"2\" height=\"4\" viewBox=\"0 0 2 4\" fill=\"none\" xmlns=\"http:\/\/www.w3.org\/2000\/svg\">\n         <path d=\"M0.380567 0L0 0.47L1.23617 2L0 3.53L0.380567 4L2 2L0.380567 0Z\" fill=\"currentColor\"\/>\n      <\/svg>\n      <span class=\"\">Pol\u00edtica de cancelaci\u00f3n<\/span>\n   <\/div>\n<\/div>\n\n   <\/div>\n<section class=\"text-block my-20\">\n   <div class=\"container flex-col lg:flex-row flex gap-10\">\n      \n               <div class=\"prose flex-1\">\n            <h2>THE KONTIKI LODGES<\/h2>\n<p><strong>Las habitaciones Superior del kontiki tropical<\/strong><\/p>\n<p>Para confirmar su reserva, se requiere un dep\u00f3sito de al menos el 50% del importe total. El saldo restante debe abonarse en su totalidad a m\u00e1s tardar 7 d\u00edas antes de la llegada. <\/p>\n<p>Se ruega tomar nota de que si no se recibe el pago completo antes de este plazo, la reserva ser\u00e1 autom\u00e1ticamente cancelada. Las cantidades ya abonadas no ser\u00e1n reembolsadas. <\/p>\n<p>La reserva puede cancelarse sin coste alguno hasta 7 d\u00edas antes de la llegada. En caso de cancelaciones realizadas dentro de los 7 d\u00edas previos a la llegada o en caso de no presentarse, no se efectuar\u00e1 ning\u00fan reembolso. <\/p>\n<p>Recomendamos encarecidamente que disponga de una p\u00f3liza de seguro de viaje y cancelaci\u00f3n.<\/p>\n<p><strong><span style=\"text-decoration: underline;\">Temporada alta:<\/span><\/strong><\/p>\n<p>Para confirmar su reserva, se requiere un dep\u00f3sito de al menos el 50% del importe total. El saldo restante debe abonarse en su totalidad a m\u00e1s tardar 14 d\u00edas antes de la llegada. <\/p>\n<p>Se ruega tomar nota de que si no se recibe el pago completo antes de este plazo, la reserva ser\u00e1 autom\u00e1ticamente cancelada. Las cantidades ya abonadas no ser\u00e1n reembolsadas. <\/p>\n<p>La reserva puede cancelarse sin coste alguno hasta 14 d\u00edas antes de la llegada. En caso de cancelaciones realizadas dentro de los 14 d\u00edas previos a la llegada o en caso de no presentarse, no se efectuar\u00e1 ning\u00fan reembolso. <\/p>\n<p>Recomendamos encarecidamente que disponga de una p\u00f3liza de seguro de viaje y cancelaci\u00f3n.<\/p>\n<p><strong><span style=\"text-decoration: underline;\">No reembolsable:  <\/span><\/strong><\/p>\n<p><strong>Las habitaciones Superior del kontiki tropical<\/strong><\/p>\n<p>Para confirmar su reserva no reembolsable, se requiere el pago del importe total en el momento de la reserva.<\/p>\n<p>La reserva es no reembolsable. Esto significa que una vez confirmada, la reserva no puede ser modificada ni cancelada. En caso de cancelaci\u00f3n o no presentaci\u00f3n, no se efectuar\u00e1 ning\u00fan reembolso.  <\/p>\n<p>Recomendamos encarecidamente que disponga de una p\u00f3liza de seguro de viaje y cancelaci\u00f3n.<\/p>\n<p>&nbsp;<\/p>\n<h2>THE KONTIKI LUXURY SUITES<\/h2>\n<p>Suite frente a la playa, Suite con vista al mar, Suite penthouse, Suite The Kontiki:<\/p>\n<p>Para confirmar su reserva, se requiere un dep\u00f3sito de al menos el 50% del importe total. El saldo restante debe abonarse en su totalidad a m\u00e1s tardar 14 d\u00edas antes de la llegada. <\/p>\n<p>Se ruega tomar nota de que si no se recibe el pago completo antes de este plazo, la reserva ser\u00e1 autom\u00e1ticamente cancelada. Las cantidades ya abonadas no ser\u00e1n reembolsadas. <\/p>\n<p>La reserva puede cancelarse sin coste alguno hasta 14 d\u00edas antes de la llegada. En caso de cancelaciones realizadas dentro de los 14 d\u00edas previos a la llegada o en caso de no presentarse, no se efectuar\u00e1 ning\u00fan reembolso. <\/p>\n<p>Recomendamos encarecidamente que disponga de una p\u00f3liza de seguro de viaje y cancelaci\u00f3n.<\/p>\n<p><strong><span style=\"text-decoration: underline;\">Temporada alta:<\/span><\/strong><\/p>\n<p>Para confirmar su reserva, se requiere un dep\u00f3sito de al menos el 50% del importe total. El saldo restante debe abonarse en su totalidad a m\u00e1s tardar 28 d\u00edas antes de la llegada. <\/p>\n<p>Se ruega tomar nota de que si no se recibe el pago completo antes de este plazo, la reserva ser\u00e1 autom\u00e1ticamente cancelada. Las cantidades ya abonadas no ser\u00e1n reembolsadas. <\/p>\n<p>La reserva puede cancelarse sin coste alguno hasta 28 d\u00edas antes de la llegada. En caso de cancelaciones realizadas dentro de los 28 d\u00edas previos a la llegada o en caso de no presentarse, no se efectuar\u00e1 ning\u00fan reembolso. <\/p>\n<p>Recomendamos encarecidamente que disponga de una p\u00f3liza de seguro de viaje y cancelaci\u00f3n.<\/p>\n<p><strong><span style=\"text-decoration: underline;\">No reembolsable:  <\/span><\/strong><\/p>\n<p><strong>The Kontiki luxury suites<\/strong><\/p>\n<p>Para confirmar su reserva no reembolsable, se requiere el pago del importe total en el momento de la reserva.<\/p>\n<p>La reserva es no reembolsable. Esto significa que una vez confirmada, la reserva no puede ser modificada ni cancelada. En caso de cancelaci\u00f3n o no presentaci\u00f3n, no se efectuar\u00e1 ning\u00fan reembolso.  <\/p>\n<p>Recomendamos encarecidamente que disponga de una p\u00f3liza de seguro de viaje y cancelaci\u00f3n.<\/p>\n<p>&nbsp;<\/p>\n<p class=\"s9\"><strong><span class=\"s8\">Cont\u00e1ctenos<\/span><\/strong><\/p>\n<p class=\"s6\"><span class=\"s5\">Si tiene alguna pregunta, inquietud o solicitud con respecto a su informaci\u00f3n personal o esta Pol\u00edtica de Cancelaci\u00f3n, por favor cont\u00e1ctenos en:<\/span><\/p>\n<p class=\"s17\"><strong><span class=\"s18\">El kontiki<\/span><\/strong><br \/>\n<span class=\"s5\">Bapor<\/span> <span class=\"s5\">Kibra<\/span><span class=\"s5\"> z\/n<br \/>\n<\/span><span class=\"s5\">1000 Willemstad,<\/span><span class=\"s5\">Curacao<br \/>\n<\/span><span class=\"s5\">Correo electr\u00f3nico: reservations<\/span><span class=\"s5\">@thekontiki.com<\/span><span class=\"s5\"><br \/>\n<\/span><span class=\"s5\">Tel\u00e9fono: <\/span><span class=\"s5\">+599 9 565 1600<\/span><\/p>\n         <\/div>\n                   \n      \n   <\/div>\n<\/section>","protected":false},"excerpt":{"rendered":"","protected":false},"author":16,"featured_media":6674,"parent":0,"menu_order":0,"comment_status":"closed","ping_status":"closed","template":"","meta":{"_acf_changed":false,"footnotes":""},"class_list":["post-7210","page","type-page","status-publish","has-post-thumbnail","hentry"],"acf":[],"yoast_head":"<!-- This site is optimized with the Yoast SEO plugin v27.5 - https:\/\/yoast.com\/product\/yoast-seo-wordpress\/ -->\n<title>Pol\u00edtica de cancelaci\u00f3n - The Kontiki<\/title>\n<meta name=\"robots\" content=\"index, follow, max-snippet:-1, max-image-preview:large, max-video-preview:-1\" \/>\n<link rel=\"canonical\" href=\"https:\/\/thekontiki.com\/es\/politica-de-cancelacion\/\" \/>\n<meta property=\"og:locale\" content=\"es_ES\" \/>\n<meta property=\"og:type\" content=\"article\" \/>\n<meta property=\"og:title\" content=\"Pol\u00edtica de cancelaci\u00f3n - The Kontiki\" \/>\n<meta property=\"og:url\" content=\"https:\/\/thekontiki.com\/es\/politica-de-cancelacion\/\" \/>\n<meta property=\"og:site_name\" content=\"Kontiki\" \/>\n<meta property=\"article:modified_time\" content=\"2025-06-26T14:30:36+00:00\" \/>\n<meta property=\"og:image\" content=\"https:\/\/thekontiki.com\/wp-content\/uploads\/2025\/05\/ALAIAFONK_KontikiSept20-68.jpg\" \/>\n\t<meta property=\"og:image:width\" content=\"1536\" \/>\n\t<meta property=\"og:image:height\" content=\"1920\" \/>\n\t<meta property=\"og:image:type\" content=\"image\/jpeg\" \/>\n<meta name=\"twitter:card\" content=\"summary_large_image\" \/>\n<script type=\"application\/ld+json\" class=\"yoast-schema-graph\">{\"@context\":\"https:\\\/\\\/schema.org\",\"@graph\":[{\"@type\":\"WebPage\",\"@id\":\"https:\\\/\\\/thekontiki.com\\\/es\\\/politica-de-cancelacion\\\/\",\"url\":\"https:\\\/\\\/thekontiki.com\\\/es\\\/politica-de-cancelacion\\\/\",\"name\":\"Pol\u00edtica de cancelaci\u00f3n - The Kontiki\",\"isPartOf\":{\"@id\":\"https:\\\/\\\/thekontiki.com\\\/es\\\/#website\"},\"primaryImageOfPage\":{\"@id\":\"https:\\\/\\\/thekontiki.com\\\/es\\\/politica-de-cancelacion\\\/#primaryimage\"},\"image\":{\"@id\":\"https:\\\/\\\/thekontiki.com\\\/es\\\/politica-de-cancelacion\\\/#primaryimage\"},\"thumbnailUrl\":\"https:\\\/\\\/thekontiki.com\\\/wp-content\\\/uploads\\\/2025\\\/05\\\/ALAIAFONK_KontikiSept20-68.jpg\",\"datePublished\":\"2025-05-19T10:01:13+00:00\",\"dateModified\":\"2025-06-26T14:30:36+00:00\",\"breadcrumb\":{\"@id\":\"https:\\\/\\\/thekontiki.com\\\/es\\\/politica-de-cancelacion\\\/#breadcrumb\"},\"inLanguage\":\"es\",\"potentialAction\":[{\"@type\":\"ReadAction\",\"target\":[\"https:\\\/\\\/thekontiki.com\\\/es\\\/politica-de-cancelacion\\\/\"]}]},{\"@type\":\"ImageObject\",\"inLanguage\":\"es\",\"@id\":\"https:\\\/\\\/thekontiki.com\\\/es\\\/politica-de-cancelacion\\\/#primaryimage\",\"url\":\"https:\\\/\\\/thekontiki.com\\\/wp-content\\\/uploads\\\/2025\\\/05\\\/ALAIAFONK_KontikiSept20-68.jpg\",\"contentUrl\":\"https:\\\/\\\/thekontiki.com\\\/wp-content\\\/uploads\\\/2025\\\/05\\\/ALAIAFONK_KontikiSept20-68.jpg\",\"width\":1536,\"height\":1920},{\"@type\":\"BreadcrumbList\",\"@id\":\"https:\\\/\\\/thekontiki.com\\\/es\\\/politica-de-cancelacion\\\/#breadcrumb\",\"itemListElement\":[{\"@type\":\"ListItem\",\"position\":1,\"name\":\"Inicio\",\"item\":\"https:\\\/\\\/thekontiki.com\\\/es\\\/\"},{\"@type\":\"ListItem\",\"position\":2,\"name\":\"Pol\u00edtica de cancelaci\u00f3n\"}]},{\"@type\":\"WebSite\",\"@id\":\"https:\\\/\\\/thekontiki.com\\\/es\\\/#website\",\"url\":\"https:\\\/\\\/thekontiki.com\\\/es\\\/\",\"name\":\"Kontiki Beach Resort Curacao\",\"description\":\"Kontiki Beach Resort Cura\u00e7ao\",\"alternateName\":\"van der Valk Curacao\",\"potentialAction\":[{\"@type\":\"SearchAction\",\"target\":{\"@type\":\"EntryPoint\",\"urlTemplate\":\"https:\\\/\\\/thekontiki.com\\\/es\\\/?s={search_term_string}\"},\"query-input\":{\"@type\":\"PropertyValueSpecification\",\"valueRequired\":true,\"valueName\":\"search_term_string\"}}],\"inLanguage\":\"es\"}]}<\/script>\n<!-- \/ Yoast SEO plugin. -->","yoast_head_json":{"title":"Pol\u00edtica de cancelaci\u00f3n - The Kontiki","robots":{"index":"index","follow":"follow","max-snippet":"max-snippet:-1","max-image-preview":"max-image-preview:large","max-video-preview":"max-video-preview:-1"},"canonical":"https:\/\/thekontiki.com\/es\/politica-de-cancelacion\/","og_locale":"es_ES","og_type":"article","og_title":"Pol\u00edtica de cancelaci\u00f3n - The Kontiki","og_url":"https:\/\/thekontiki.com\/es\/politica-de-cancelacion\/","og_site_name":"Kontiki","article_modified_time":"2025-06-26T14:30:36+00:00","og_image":[{"width":1536,"height":1920,"url":"https:\/\/thekontiki.com\/wp-content\/uploads\/2025\/05\/ALAIAFONK_KontikiSept20-68.jpg","type":"image\/jpeg"}],"twitter_card":"summary_large_image","schema":{"@context":"https:\/\/schema.org","@graph":[{"@type":"WebPage","@id":"https:\/\/thekontiki.com\/es\/politica-de-cancelacion\/","url":"https:\/\/thekontiki.com\/es\/politica-de-cancelacion\/","name":"Pol\u00edtica de cancelaci\u00f3n - The Kontiki","isPartOf":{"@id":"https:\/\/thekontiki.com\/es\/#website"},"primaryImageOfPage":{"@id":"https:\/\/thekontiki.com\/es\/politica-de-cancelacion\/#primaryimage"},"image":{"@id":"https:\/\/thekontiki.com\/es\/politica-de-cancelacion\/#primaryimage"},"thumbnailUrl":"https:\/\/thekontiki.com\/wp-content\/uploads\/2025\/05\/ALAIAFONK_KontikiSept20-68.jpg","datePublished":"2025-05-19T10:01:13+00:00","dateModified":"2025-06-26T14:30:36+00:00","breadcrumb":{"@id":"https:\/\/thekontiki.com\/es\/politica-de-cancelacion\/#breadcrumb"},"inLanguage":"es","potentialAction":[{"@type":"ReadAction","target":["https:\/\/thekontiki.com\/es\/politica-de-cancelacion\/"]}]},{"@type":"ImageObject","inLanguage":"es","@id":"https:\/\/thekontiki.com\/es\/politica-de-cancelacion\/#primaryimage","url":"https:\/\/thekontiki.com\/wp-content\/uploads\/2025\/05\/ALAIAFONK_KontikiSept20-68.jpg","contentUrl":"https:\/\/thekontiki.com\/wp-content\/uploads\/2025\/05\/ALAIAFONK_KontikiSept20-68.jpg","width":1536,"height":1920},{"@type":"BreadcrumbList","@id":"https:\/\/thekontiki.com\/es\/politica-de-cancelacion\/#breadcrumb","itemListElement":[{"@type":"ListItem","position":1,"name":"Inicio","item":"https:\/\/thekontiki.com\/es\/"},{"@type":"ListItem","position":2,"name":"Pol\u00edtica de cancelaci\u00f3n"}]},{"@type":"WebSite","@id":"https:\/\/thekontiki.com\/es\/#website","url":"https:\/\/thekontiki.com\/es\/","name":"Kontiki Beach Resort Curacao","description":"Kontiki Beach Resort Cura\u00e7ao","alternateName":"van der Valk Curacao","potentialAction":[{"@type":"SearchAction","target":{"@type":"EntryPoint","urlTemplate":"https:\/\/thekontiki.com\/es\/?s={search_term_string}"},"query-input":{"@type":"PropertyValueSpecification","valueRequired":true,"valueName":"search_term_string"}}],"inLanguage":"es"}]}},"_links":{"self":[{"href":"https:\/\/thekontiki.com\/es\/wp-json\/wp\/v2\/pages\/7210","targetHints":{"allow":["GET"]}}],"collection":[{"href":"https:\/\/thekontiki.com\/es\/wp-json\/wp\/v2\/pages"}],"about":[{"href":"https:\/\/thekontiki.com\/es\/wp-json\/wp\/v2\/types\/page"}],"author":[{"embeddable":true,"href":"https:\/\/thekontiki.com\/es\/wp-json\/wp\/v2\/users\/16"}],"replies":[{"embeddable":true,"href":"https:\/\/thekontiki.com\/es\/wp-json\/wp\/v2\/comments?post=7210"}],"version-history":[{"count":0,"href":"https:\/\/thekontiki.com\/es\/wp-json\/wp\/v2\/pages\/7210\/revisions"}],"wp:featuredmedia":[{"embeddable":true,"href":"https:\/\/thekontiki.com\/es\/wp-json\/wp\/v2\/media\/6674"}],"wp:attachment":[{"href":"https:\/\/thekontiki.com\/es\/wp-json\/wp\/v2\/media?parent=7210"}],"curies":[{"name":"wp","href":"https:\/\/api.w.org\/{rel}","templated":true}]}}