{"id":7119,"date":"2025-04-09T08:43:44","date_gmt":"2025-04-09T08:43:44","guid":{"rendered":"https:\/\/the-kontiki.com\/contactos\/"},"modified":"2025-05-28T18:54:10","modified_gmt":"2025-05-28T18:54:10","slug":"contactos","status":"publish","type":"page","link":"https:\/\/thekontiki.com\/es\/contactos\/","title":{"rendered":"Contactos"},"content":{"rendered":"\n<section class=\"cover w-full h-[calc(100svh-58px)] relative overflow-hidden\">\n   <div class=\"absolute inset-0 flex items-center z-20 text-white\">\n      <div class=\"container grid gap-5\">\n\n         \n                     \n            <h1 class=\"text-h3 md:text-h2 lg:text-h1 max-w-[1050px]\">Contactos<\/h1>\n            \n         \n      <\/div>\n   <\/div>\n   \n   <div class=\"overlay absolute inset-0 z-10 bg-black\/15\"><\/div>\n\n\n                  <img loading=\"lazy\" decoding=\"async\" width=\"961\" height=\"720\" src=\"https:\/\/thekontiki.com\/wp-content\/uploads\/TS-drone.jpg\" class=\"absolute inset-0 -z-10 object-cover w-full h-full wp-post-image\" alt=\"\" srcset=\"https:\/\/thekontiki.com\/wp-content\/uploads\/TS-drone.jpg 961w, https:\/\/thekontiki.com\/wp-content\/uploads\/TS-drone-768x575.jpg 768w\" sizes=\"auto, (max-width: 961px) 100vw, 961px\" \/> \n         \n   <svg class=\"absolute bottom-10 left-1\/2 -translate-x-1\/2\" width=\"24\" height=\"37\" viewBox=\"0 0 24 37\" fill=\"none\" xmlns=\"http:\/\/www.w3.org\/2000\/svg\">\n      <rect x=\"0.5\" y=\"0.5\" width=\"23\" height=\"36\" rx=\"11.5\" stroke=\"white\"\/>\n      <circle cx=\"12\" cy=\"12\" r=\"3\" fill=\"white\"\/>\n   <\/svg>\n\n\n<\/section>\n\n\n   <div class=\"my-8 relative\">\n\t  <div class=\"w-full text-xs font-heading uppercase tracking-widest font-semibold breadcrumbs\">\n   <div class=\"flex items-center justify-center lg:justify-start gap-2 container\">\n      <a href=\"https:\/\/thekontiki.com\/es\/\" class=\"\">Home<\/a>\n      <svg width=\"2\" height=\"4\" viewBox=\"0 0 2 4\" fill=\"none\" xmlns=\"http:\/\/www.w3.org\/2000\/svg\">\n         <path d=\"M0.380567 0L0 0.47L1.23617 2L0 3.53L0.380567 4L2 2L0.380567 0Z\" fill=\"currentColor\"\/>\n      <\/svg>\n      <span class=\"\">Contactos<\/span>\n   <\/div>\n<\/div>\n\n   <\/div>\n<section class=\"text-block my-20\">\n   <div class=\"container flex-col lg:flex-row flex gap-10\">\n      \n               <div class=\"prose flex-1\">\n            <h4>Direcci\u00f3n<\/h4>\n<p><span class=\"s5\">Bapor<\/span> <span class=\"s5\">Kibra<\/span><span class=\"s5\">z\/n<br \/>\n<\/span><span class=\"s5\">1000 Willemstad, <\/span><span class=\"s5\">Curazao<\/span><\/p>\n         <\/div>\n                     <div class=\"prose flex-1\">\n            <p class=\"s11\"><strong><span class=\"s10\">\u00bfC\u00f3mo puedo convertirme en miembro del equipo<\/span><span class=\"s10\">?<\/span><\/strong><\/p>\n<div class=\"s13\"><span class=\"s7\">Env\u00ede su curr\u00edculum vitae y carta de motivaci\u00f3n a: <a href=\"mailto:jobs@thekontiki.com\">jobs@thekontiki.com<\/a><\/span><span class=\"s6\"> y <\/span><span class=\"s6\">nos pondremos en contacto con usted tan pronto como tengamos noticias<\/span><span class=\"s6\">.<\/span><\/div>\n         <\/div>\n                     <div class=\"prose flex-1\">\n            <h4>Cont\u00e1ctenos<\/h4>\n<p>Correo electr\u00f3nico: reservations@thekontiki.com<br \/>\nRestaurante: +5999 465 1200<br \/>\nWhatsApp: +5999 465 1200<\/p>\n         <\/div>\n       \n      \n   <\/div>\n<\/section>","protected":false},"excerpt":{"rendered":"","protected":false},"author":1,"featured_media":8507,"parent":0,"menu_order":0,"comment_status":"closed","ping_status":"closed","template":"","meta":{"_acf_changed":false,"footnotes":""},"class_list":["post-7119","page","type-page","status-publish","has-post-thumbnail","hentry"],"acf":[],"yoast_head":"<!-- This site is optimized with the Yoast SEO plugin v27.3 - https:\/\/yoast.com\/product\/yoast-seo-wordpress\/ -->\n<title>Contactos - The Kontiki<\/title>\n<meta name=\"robots\" content=\"index, follow, max-snippet:-1, max-image-preview:large, max-video-preview:-1\" \/>\n<link rel=\"canonical\" href=\"https:\/\/thekontiki.com\/es\/contactos\/\" \/>\n<meta property=\"og:locale\" content=\"es_ES\" \/>\n<meta property=\"og:type\" content=\"article\" \/>\n<meta property=\"og:title\" content=\"Contactos - The Kontiki\" \/>\n<meta property=\"og:url\" content=\"https:\/\/thekontiki.com\/es\/contactos\/\" \/>\n<meta property=\"og:site_name\" content=\"Kontiki\" \/>\n<meta property=\"article:modified_time\" content=\"2025-05-28T18:54:10+00:00\" \/>\n<meta property=\"og:image\" content=\"https:\/\/thekontiki.com\/wp-content\/uploads\/Kontiki-Beach-Resort-Curacao-SiteImage.jpg\" \/>\n\t<meta property=\"og:image:width\" content=\"1200\" \/>\n\t<meta property=\"og:image:height\" content=\"675\" \/>\n\t<meta property=\"og:image:type\" content=\"image\/jpeg\" \/>\n<meta name=\"twitter:card\" content=\"summary_large_image\" \/>\n<script type=\"application\/ld+json\" class=\"yoast-schema-graph\">{\"@context\":\"https:\\\/\\\/schema.org\",\"@graph\":[{\"@type\":\"WebPage\",\"@id\":\"https:\\\/\\\/thekontiki.com\\\/es\\\/contactos\\\/\",\"url\":\"https:\\\/\\\/thekontiki.com\\\/es\\\/contactos\\\/\",\"name\":\"Contactos - The Kontiki\",\"isPartOf\":{\"@id\":\"https:\\\/\\\/thekontiki.com\\\/es\\\/#website\"},\"primaryImageOfPage\":{\"@id\":\"https:\\\/\\\/thekontiki.com\\\/es\\\/contactos\\\/#primaryimage\"},\"image\":{\"@id\":\"https:\\\/\\\/thekontiki.com\\\/es\\\/contactos\\\/#primaryimage\"},\"thumbnailUrl\":\"https:\\\/\\\/thekontiki.com\\\/wp-content\\\/uploads\\\/TS-drone.jpg\",\"datePublished\":\"2025-04-09T08:43:44+00:00\",\"dateModified\":\"2025-05-28T18:54:10+00:00\",\"breadcrumb\":{\"@id\":\"https:\\\/\\\/thekontiki.com\\\/es\\\/contactos\\\/#breadcrumb\"},\"inLanguage\":\"es\",\"potentialAction\":[{\"@type\":\"ReadAction\",\"target\":[\"https:\\\/\\\/thekontiki.com\\\/es\\\/contactos\\\/\"]}]},{\"@type\":\"ImageObject\",\"inLanguage\":\"es\",\"@id\":\"https:\\\/\\\/thekontiki.com\\\/es\\\/contactos\\\/#primaryimage\",\"url\":\"https:\\\/\\\/thekontiki.com\\\/wp-content\\\/uploads\\\/TS-drone.jpg\",\"contentUrl\":\"https:\\\/\\\/thekontiki.com\\\/wp-content\\\/uploads\\\/TS-drone.jpg\",\"width\":961,\"height\":720},{\"@type\":\"BreadcrumbList\",\"@id\":\"https:\\\/\\\/thekontiki.com\\\/es\\\/contactos\\\/#breadcrumb\",\"itemListElement\":[{\"@type\":\"ListItem\",\"position\":1,\"name\":\"Inicio\",\"item\":\"https:\\\/\\\/thekontiki.com\\\/es\\\/\"},{\"@type\":\"ListItem\",\"position\":2,\"name\":\"Contactos\"}]},{\"@type\":\"WebSite\",\"@id\":\"https:\\\/\\\/thekontiki.com\\\/es\\\/#website\",\"url\":\"https:\\\/\\\/thekontiki.com\\\/es\\\/\",\"name\":\"Kontiki Beach Resort Curacao\",\"description\":\"Kontiki Beach Resort Cura\u00e7ao\",\"alternateName\":\"van der Valk Curacao\",\"potentialAction\":[{\"@type\":\"SearchAction\",\"target\":{\"@type\":\"EntryPoint\",\"urlTemplate\":\"https:\\\/\\\/thekontiki.com\\\/es\\\/?s={search_term_string}\"},\"query-input\":{\"@type\":\"PropertyValueSpecification\",\"valueRequired\":true,\"valueName\":\"search_term_string\"}}],\"inLanguage\":\"es\"}]}<\/script>\n<!-- \/ Yoast SEO plugin. -->","yoast_head_json":{"title":"Contactos - The Kontiki","robots":{"index":"index","follow":"follow","max-snippet":"max-snippet:-1","max-image-preview":"max-image-preview:large","max-video-preview":"max-video-preview:-1"},"canonical":"https:\/\/thekontiki.com\/es\/contactos\/","og_locale":"es_ES","og_type":"article","og_title":"Contactos - The Kontiki","og_url":"https:\/\/thekontiki.com\/es\/contactos\/","og_site_name":"Kontiki","article_modified_time":"2025-05-28T18:54:10+00:00","og_image":[{"width":1200,"height":675,"url":"https:\/\/thekontiki.com\/wp-content\/uploads\/Kontiki-Beach-Resort-Curacao-SiteImage.jpg","type":"image\/jpeg"}],"twitter_card":"summary_large_image","schema":{"@context":"https:\/\/schema.org","@graph":[{"@type":"WebPage","@id":"https:\/\/thekontiki.com\/es\/contactos\/","url":"https:\/\/thekontiki.com\/es\/contactos\/","name":"Contactos - The Kontiki","isPartOf":{"@id":"https:\/\/thekontiki.com\/es\/#website"},"primaryImageOfPage":{"@id":"https:\/\/thekontiki.com\/es\/contactos\/#primaryimage"},"image":{"@id":"https:\/\/thekontiki.com\/es\/contactos\/#primaryimage"},"thumbnailUrl":"https:\/\/thekontiki.com\/wp-content\/uploads\/TS-drone.jpg","datePublished":"2025-04-09T08:43:44+00:00","dateModified":"2025-05-28T18:54:10+00:00","breadcrumb":{"@id":"https:\/\/thekontiki.com\/es\/contactos\/#breadcrumb"},"inLanguage":"es","potentialAction":[{"@type":"ReadAction","target":["https:\/\/thekontiki.com\/es\/contactos\/"]}]},{"@type":"ImageObject","inLanguage":"es","@id":"https:\/\/thekontiki.com\/es\/contactos\/#primaryimage","url":"https:\/\/thekontiki.com\/wp-content\/uploads\/TS-drone.jpg","contentUrl":"https:\/\/thekontiki.com\/wp-content\/uploads\/TS-drone.jpg","width":961,"height":720},{"@type":"BreadcrumbList","@id":"https:\/\/thekontiki.com\/es\/contactos\/#breadcrumb","itemListElement":[{"@type":"ListItem","position":1,"name":"Inicio","item":"https:\/\/thekontiki.com\/es\/"},{"@type":"ListItem","position":2,"name":"Contactos"}]},{"@type":"WebSite","@id":"https:\/\/thekontiki.com\/es\/#website","url":"https:\/\/thekontiki.com\/es\/","name":"Kontiki Beach Resort Curacao","description":"Kontiki Beach Resort Cura\u00e7ao","alternateName":"van der Valk Curacao","potentialAction":[{"@type":"SearchAction","target":{"@type":"EntryPoint","urlTemplate":"https:\/\/thekontiki.com\/es\/?s={search_term_string}"},"query-input":{"@type":"PropertyValueSpecification","valueRequired":true,"valueName":"search_term_string"}}],"inLanguage":"es"}]}},"_links":{"self":[{"href":"https:\/\/thekontiki.com\/es\/wp-json\/wp\/v2\/pages\/7119","targetHints":{"allow":["GET"]}}],"collection":[{"href":"https:\/\/thekontiki.com\/es\/wp-json\/wp\/v2\/pages"}],"about":[{"href":"https:\/\/thekontiki.com\/es\/wp-json\/wp\/v2\/types\/page"}],"author":[{"embeddable":true,"href":"https:\/\/thekontiki.com\/es\/wp-json\/wp\/v2\/users\/1"}],"replies":[{"embeddable":true,"href":"https:\/\/thekontiki.com\/es\/wp-json\/wp\/v2\/comments?post=7119"}],"version-history":[{"count":0,"href":"https:\/\/thekontiki.com\/es\/wp-json\/wp\/v2\/pages\/7119\/revisions"}],"wp:featuredmedia":[{"embeddable":true,"href":"https:\/\/thekontiki.com\/es\/wp-json\/wp\/v2\/media\/8507"}],"wp:attachment":[{"href":"https:\/\/thekontiki.com\/es\/wp-json\/wp\/v2\/media?parent=7119"}],"curies":[{"name":"wp","href":"https:\/\/api.w.org\/{rel}","templated":true}]}}