{"id":7087,"date":"2025-04-09T08:45:11","date_gmt":"2025-04-09T08:45:11","guid":{"rendered":"https:\/\/the-kontiki.com\/acerca-de-nosotros\/"},"modified":"2025-07-29T21:23:47","modified_gmt":"2025-07-29T21:23:47","slug":"acerca-de-nosotros","status":"publish","type":"page","link":"https:\/\/thekontiki.com\/es\/acerca-de-nosotros\/","title":{"rendered":"Acerca de nosotros"},"content":{"rendered":"\n<section class=\"cover w-full h-[calc(100svh-58px)] relative overflow-hidden\">\n   <div class=\"absolute inset-0 flex items-center z-20 text-white\">\n      <div class=\"container grid gap-5\">\n\n         \n                     \n            <h1 class=\"text-h3 md:text-h2 lg:text-h1 max-w-[1050px]\">Acerca de nosotros<\/h1>\n            \n         \n      <\/div>\n   <\/div>\n   \n   <div class=\"overlay absolute inset-0 z-10 bg-black\/15\"><\/div>\n\n\n         <video src=\"https:\/\/thekontiki.com\/wp-content\/uploads\/room-paloma-and-denver-on-balcony.mp4\" autoplay muted loop playsinline class=\"absolute inset-0 -z-10 object-cover w-full h-full\"><\/video>\n   \n   <svg class=\"absolute bottom-10 left-1\/2 -translate-x-1\/2\" width=\"24\" height=\"37\" viewBox=\"0 0 24 37\" fill=\"none\" xmlns=\"http:\/\/www.w3.org\/2000\/svg\">\n      <rect x=\"0.5\" y=\"0.5\" width=\"23\" height=\"36\" rx=\"11.5\" stroke=\"white\"\/>\n      <circle cx=\"12\" cy=\"12\" r=\"3\" fill=\"white\"\/>\n   <\/svg>\n\n\n<\/section>\n\n\n   <div class=\"my-8 relative\">\n\t  <div class=\"w-full text-xs font-heading uppercase tracking-widest font-semibold breadcrumbs\">\n   <div class=\"flex items-center justify-center lg:justify-start gap-2 container\">\n      <a href=\"https:\/\/thekontiki.com\/es\/\" class=\"\">Home<\/a>\n      <svg width=\"2\" height=\"4\" viewBox=\"0 0 2 4\" fill=\"none\" xmlns=\"http:\/\/www.w3.org\/2000\/svg\">\n         <path d=\"M0.380567 0L0 0.47L1.23617 2L0 3.53L0.380567 4L2 2L0.380567 0Z\" fill=\"currentColor\"\/>\n      <\/svg>\n      <span class=\"\">Acerca de nosotros<\/span>\n   <\/div>\n<\/div>\n\n   <\/div>\n\n\n\n<section class=\"text-images  relative \n         my-20 lg:my-30\n      \"\n      >\n   <div class=\"lg:container lg:grid lg:grid-cols-12 lg:gap-4\">\n               <div class=\"lg:col-span-10 lg:col-start-2 text-center mb-20 lg:mb-30 mx-6 lg:mx-0\">\n            <h2 class=\"text-base lg:text-h3 \">1988, Willemstad, Curazao<\/h2>\n         <\/div>\n            <div class=\"lg:col-span-8 mb-16 lg:mb-0 \">\n         \n\n            \n            <div class=\"swiper-images overflow-hidden px-6 lg:px-0\" >\n               <div class=\"swiper-wrapper lg:!grid lg:grid-cols-2 lg:gap-4\">\n\n                     \n                                                                                                                        <div class=\"lg:col-span-2 lg:aspect-[922\/970] aspect-[328\/224] swiper-slide\">\n                                                         <img loading=\"lazy\" decoding=\"async\" width=\"1642\" height=\"1080\" src=\"https:\/\/thekontiki.com\/wp-content\/uploads\/2023101216011568357_Page_18-1642x1080.jpg\" class=\"w-full h-full object-cover\" alt=\"\" srcset=\"https:\/\/thekontiki.com\/wp-content\/uploads\/2023101216011568357_Page_18-1642x1080.jpg 1642w, https:\/\/thekontiki.com\/wp-content\/uploads\/2023101216011568357_Page_18-1095x720.jpg 1095w, https:\/\/thekontiki.com\/wp-content\/uploads\/2023101216011568357_Page_18-768x505.jpg 768w, https:\/\/thekontiki.com\/wp-content\/uploads\/2023101216011568357_Page_18-1536x1010.jpg 1536w, https:\/\/thekontiki.com\/wp-content\/uploads\/2023101216011568357_Page_18.jpg 1920w\" sizes=\"auto, (max-width: 1642px) 100vw, 1642px\" \/>                                                   <\/div>\n                                                                                                                        <div class=\"lg:aspect-[450\/640] aspect-[328\/224] swiper-slide\">\n                                                         <img loading=\"lazy\" decoding=\"async\" width=\"1619\" height=\"1080\" src=\"https:\/\/thekontiki.com\/wp-content\/uploads\/2023101216011568357_Page_13-1619x1080.jpg\" class=\"w-full h-full object-cover\" alt=\"\" srcset=\"https:\/\/thekontiki.com\/wp-content\/uploads\/2023101216011568357_Page_13-1619x1080.jpg 1619w, https:\/\/thekontiki.com\/wp-content\/uploads\/2023101216011568357_Page_13-1079x720.jpg 1079w, https:\/\/thekontiki.com\/wp-content\/uploads\/2023101216011568357_Page_13-768x512.jpg 768w, https:\/\/thekontiki.com\/wp-content\/uploads\/2023101216011568357_Page_13-1536x1025.jpg 1536w, https:\/\/thekontiki.com\/wp-content\/uploads\/2023101216011568357_Page_13.jpg 1920w\" sizes=\"auto, (max-width: 1619px) 100vw, 1619px\" \/>                                                   <\/div>\n                                                                                                                        <div class=\"lg:aspect-[450\/640] aspect-[328\/224] swiper-slide\">\n                                                         <img loading=\"lazy\" decoding=\"async\" width=\"1639\" height=\"1080\" src=\"https:\/\/thekontiki.com\/wp-content\/uploads\/2023101216011568357_Page_23-1639x1080.jpg\" class=\"w-full h-full object-cover\" alt=\"\" srcset=\"https:\/\/thekontiki.com\/wp-content\/uploads\/2023101216011568357_Page_23-1639x1080.jpg 1639w, https:\/\/thekontiki.com\/wp-content\/uploads\/2023101216011568357_Page_23-1093x720.jpg 1093w, https:\/\/thekontiki.com\/wp-content\/uploads\/2023101216011568357_Page_23-768x506.jpg 768w, https:\/\/thekontiki.com\/wp-content\/uploads\/2023101216011568357_Page_23-1536x1012.jpg 1536w, https:\/\/thekontiki.com\/wp-content\/uploads\/2023101216011568357_Page_23.jpg 1920w\" sizes=\"auto, (max-width: 1639px) 100vw, 1639px\" \/>                                                   <\/div>\n                     \n               <\/div>\n            <\/div>\n\n            \n               <\/div>\n      <div class=\"lg:col-span-3 mx-6 lg:mx-0  lg:col-start-10 \">\n         <div class=\"sticky top-40 grid gap-8\">\n                                       <div class=\"prose\"><p data-start=\"93\" data-end=\"137\"><strong data-start=\"93\" data-end=\"137\">Van der Valk Cura\u00e7ao \u2013 C\u00f3mo comenz\u00f3 todo<\/strong><\/p>\n<p data-start=\"139\" data-end=\"214\">Llegamos con poco m\u00e1s que un manojo de llaves y maletas llenas de sue\u00f1os.<\/p>\n<p data-start=\"216\" data-end=\"463\">El sol se ocultaba sobre el mar Caribe, una brisa c\u00e1lida acariciaba nuestra piel y el ritmo del tamb\u00fa resonaba en el aire isle\u00f1o. As\u00ed comenz\u00f3 nuestro viaje en Cura\u00e7ao: una historia basada en la pasi\u00f3n, la familia y el sue\u00f1o de crear algo especial.<\/p>\n<p data-start=\"465\" data-end=\"494\"><strong data-start=\"465\" data-end=\"494\">El inicio de una herencia<\/strong><\/p>\n<p data-start=\"496\" data-end=\"772\">En 1989, nuestra familia ech\u00f3 ra\u00edces en esta vibrante isla con la apertura del Van der Valk Plaza Hotel, ubicado en el coraz\u00f3n de Willemstad. Marc van der Valk, orgulloso hotelero de tercera generaci\u00f3n proveniente de los Pa\u00edses Bajos, lider\u00f3 el proyecto como director general.<\/p>\n<p data-start=\"774\" data-end=\"961\">Para nosotros, sus hijos, esta isla se convirti\u00f3 en nuestro hogar. Crecimos con los pies en la arena y el coraz\u00f3n unido para siempre a la cultura colorida y la belleza natural de Cura\u00e7ao.<\/p>\n<p data-start=\"963\" data-end=\"993\"><strong data-start=\"963\" data-end=\"993\">De la visi\u00f3n a la realidad<\/strong><\/p>\n<p data-start=\"995\" data-end=\"1384\">En 2003, una nueva idea tom\u00f3 forma: un refugio tropical junto al mar. Ese sue\u00f1o se hizo realidad con el nacimiento de Kontiki Beach Resort, ubicado a lo largo de la animada costa de Mambo Beach. Dise\u00f1ado como un santuario de caba\u00f1as de madera y lagunas rodeadas de vegetaci\u00f3n, Kontiki ofrec\u00eda algo \u00fanico: un lugar donde nadar bajo las palmeras y desconectar en tu propio pedazo de para\u00edso.<\/p>\n<p data-start=\"1386\" data-end=\"1428\">En 2006 abrimos nuestras puertas al mundo.<\/p>\n<p data-start=\"1430\" data-end=\"1458\"><strong data-start=\"1430\" data-end=\"1458\">La pasi\u00f3n de una familia<\/strong><\/p>\n<p data-start=\"1460\" data-end=\"1704\">Hoy somos nosotros\u2014Terence, Justin y Tiara van der Valk\u2014quienes continuamos con el legado. Con un profundo amor por Cura\u00e7ao y un compromiso firme con la hospitalidad aut\u00e9ntica, tomamos las riendas para guiar a Kontiki hacia su pr\u00f3ximo cap\u00edtulo.<\/p>\n<p data-start=\"1706\" data-end=\"1941\">Ahora avanzamos con orgullo bajo un nombre renovado y una nueva visi\u00f3n: <strong data-start=\"1778\" data-end=\"1792\">The Kontiki<\/strong>. M\u00e1s que un resort, es el reflejo del sue\u00f1o de nuestra familia, del esp\u00edritu vibrante de la isla y de la c\u00e1lida bienvenida que damos a cada hu\u00e9sped.<\/p>\n<p data-start=\"1943\" data-end=\"2048\">Esto es solo el comienzo\u2014y nos sentimos honrados de escribir la siguiente parte de esta historia usted.<\/p>\n<\/div>\n                            <div class=\"flex flex-wrap  gap-6 justify-left\">\n        \n            <\/div>\n\n         <\/div>\n      <\/div>\n   <\/div>\n<\/section>\n\n\n\n<section class=\"video relative\">\n   \t\n\t\t   \t\t  <video class=\"w-full aspect-square lg:aspect-video object-cover\" playsinline autoplay muted loop>\n\t\t\t <source src=\"https:\/\/thekontiki.com\/wp-content\/uploads\/KONTIKI-EDIT-V2-NO-LOGO-SOCIAL-MEDIA-QUALITY.mp4\" type=\"video\/mp4\">\n\t\t  <\/video>\n\t   \t\n<\/section>\n\n\n<section class=\"text-images  relative \n         my-20 lg:my-30\n      \"\n      >\n   <div class=\"lg:container lg:grid lg:grid-cols-12 lg:gap-4\">\n            <div class=\"lg:col-span-8 mb-16 lg:mb-0  lg:col-start-5 lg:order-2 \">\n         \n\n            \n            <div class=\"swiper-images overflow-hidden px-6 lg:px-0\" >\n               <div class=\"swiper-wrapper lg:!grid lg:grid-cols-2 lg:gap-4\">\n\n                     \n                                                                                                                        <div class=\"lg:col-span-2 lg:aspect-[922\/970] aspect-[328\/224] swiper-slide\">\n                                                         <video src=\"https:\/\/thekontiki.com\/wp-content\/uploads\/night-fireworks.mp4\" autoplay muted loop playsinline class=\"w-full h-full object-cover\"><\/video>\n                                                   <\/div>\n                                                                                                                        <div class=\"lg:aspect-[450\/640] aspect-[328\/224] swiper-slide\">\n                                                         <img loading=\"lazy\" decoding=\"async\" width=\"1441\" height=\"1080\" src=\"https:\/\/thekontiki.com\/wp-content\/uploads\/2025\/05\/ALAIAFONK_KontikiSept20-12-1441x1080.jpg\" class=\"w-full h-full object-cover\" alt=\"\" srcset=\"https:\/\/thekontiki.com\/wp-content\/uploads\/2025\/05\/ALAIAFONK_KontikiSept20-12-1441x1080.jpg 1441w, https:\/\/thekontiki.com\/wp-content\/uploads\/2025\/05\/ALAIAFONK_KontikiSept20-12-961x720.jpg 961w, https:\/\/thekontiki.com\/wp-content\/uploads\/2025\/05\/ALAIAFONK_KontikiSept20-12-768x576.jpg 768w, https:\/\/thekontiki.com\/wp-content\/uploads\/2025\/05\/ALAIAFONK_KontikiSept20-12-1536x1151.jpg 1536w, https:\/\/thekontiki.com\/wp-content\/uploads\/2025\/05\/ALAIAFONK_KontikiSept20-12.jpg 1920w\" sizes=\"auto, (max-width: 1441px) 100vw, 1441px\" \/>                                                   <\/div>\n                                                                                                                        <div class=\"lg:aspect-[450\/640] aspect-[328\/224] swiper-slide\">\n                                                         <img loading=\"lazy\" decoding=\"async\" width=\"719\" height=\"1080\" src=\"https:\/\/thekontiki.com\/wp-content\/uploads\/2025\/05\/DJI_0636-719x1080.jpg\" class=\"w-full h-full object-cover\" alt=\"\" srcset=\"https:\/\/thekontiki.com\/wp-content\/uploads\/2025\/05\/DJI_0636-719x1080.jpg 719w, https:\/\/thekontiki.com\/wp-content\/uploads\/2025\/05\/DJI_0636-480x720.jpg 480w, https:\/\/thekontiki.com\/wp-content\/uploads\/2025\/05\/DJI_0636-768x1153.jpg 768w, https:\/\/thekontiki.com\/wp-content\/uploads\/2025\/05\/DJI_0636-1023x1536.jpg 1023w, https:\/\/thekontiki.com\/wp-content\/uploads\/2025\/05\/DJI_0636.jpg 1279w\" sizes=\"auto, (max-width: 719px) 100vw, 719px\" \/>                                                   <\/div>\n                     \n               <\/div>\n            <\/div>\n\n            \n               <\/div>\n      <div class=\"lg:col-span-3 mx-6 lg:mx-0  lg:order-1 \">\n         <div class=\"sticky top-40 grid gap-8\">\n                                       <div class=\"prose\"><p><strong>EL MISMO LUGAR DEL CORAZ\u00d3N HOY EN D\u00cdA<\/strong><\/p>\n<p>Y aunque los tiempos han cambiado, The Kontiki sigue siendo hoy ese mismo lugar del coraz\u00f3n. Un destino apacible para el amor y la celebraci\u00f3n, para la cultura, la gastronom\u00eda y el confort. Aqu\u00ed, las tradiciones locales se fusionan con un sentido cosmopolita del bienestar, y el arte caribe\u00f1o de tom\u00e1rselo con calma se practica a la perfecci\u00f3n.  <\/p>\n<p>&nbsp;<\/p>\n<p><strong>EXCELENCIA F\u00c1CIL Y VIBRANTE.<\/strong><\/p>\n<p><span style=\"font-weight: 400;\">The Kontiki es un lugar para relajar los hombros y dejar las prisas en la puerta. Disminuya el ritmo y perm\u00edtanos encargarnos de la excelencia f\u00e1cil y vibrante por la que somos conocidos. <\/span><\/p>\n<p>&nbsp;<\/p>\n<p><strong>Terence van der Valk.<\/strong><\/p>\n<\/div>\n                        \n         <\/div>\n      <\/div>\n   <\/div>\n<\/section>\n\n","protected":false},"excerpt":{"rendered":"","protected":false},"author":1,"featured_media":0,"parent":0,"menu_order":0,"comment_status":"closed","ping_status":"closed","template":"","meta":{"_acf_changed":false,"footnotes":""},"class_list":["post-7087","page","type-page","status-publish","hentry"],"acf":[],"yoast_head":"<!-- This site is optimized with the Yoast SEO plugin v27.4 - https:\/\/yoast.com\/product\/yoast-seo-wordpress\/ -->\n<title>Sobre nosotros | historia y legado | the kontiki cura\u00e7ao<\/title>\n<meta name=\"description\" content=\"Bienvenidos a Kontiki Cura\u00e7ao: nuestra visi\u00f3n caribe\u00f1a en Mambo Beach\" \/>\n<meta name=\"robots\" content=\"index, follow, max-snippet:-1, max-image-preview:large, max-video-preview:-1\" \/>\n<link rel=\"canonical\" href=\"https:\/\/thekontiki.com\/es\/acerca-de-nosotros\/\" \/>\n<meta property=\"og:locale\" content=\"es_ES\" \/>\n<meta property=\"og:type\" content=\"article\" \/>\n<meta property=\"og:title\" content=\"Sobre nosotros | historia y legado | the kontiki cura\u00e7ao\" \/>\n<meta property=\"og:description\" content=\"Bienvenidos a Kontiki Cura\u00e7ao: nuestra visi\u00f3n caribe\u00f1a en Mambo Beach\" \/>\n<meta property=\"og:url\" content=\"https:\/\/thekontiki.com\/es\/acerca-de-nosotros\/\" \/>\n<meta property=\"og:site_name\" content=\"Kontiki\" \/>\n<meta property=\"article:modified_time\" content=\"2025-07-29T21:23:47+00:00\" \/>\n<meta property=\"og:image\" content=\"https:\/\/thekontiki.com\/wp-content\/uploads\/Kontiki-Beach-Resort-Curacao-SiteImage.jpg\" \/>\n\t<meta property=\"og:image:width\" content=\"1200\" \/>\n\t<meta property=\"og:image:height\" content=\"675\" \/>\n\t<meta property=\"og:image:type\" content=\"image\/jpeg\" \/>\n<meta name=\"twitter:card\" content=\"summary_large_image\" \/>\n<meta name=\"twitter:label1\" content=\"Est. reading time\" \/>\n\t<meta name=\"twitter:data1\" content=\"4 minutos\" \/>\n<script type=\"application\/ld+json\" class=\"yoast-schema-graph\">{\"@context\":\"https:\\\/\\\/schema.org\",\"@graph\":[{\"@type\":\"WebPage\",\"@id\":\"https:\\\/\\\/thekontiki.com\\\/es\\\/acerca-de-nosotros\\\/\",\"url\":\"https:\\\/\\\/thekontiki.com\\\/es\\\/acerca-de-nosotros\\\/\",\"name\":\"Sobre nosotros | historia y legado | the kontiki cura\u00e7ao\",\"isPartOf\":{\"@id\":\"https:\\\/\\\/thekontiki.com\\\/es\\\/#website\"},\"datePublished\":\"2025-04-09T08:45:11+00:00\",\"dateModified\":\"2025-07-29T21:23:47+00:00\",\"description\":\"Bienvenidos a Kontiki Cura\u00e7ao: nuestra visi\u00f3n caribe\u00f1a en Mambo Beach\",\"breadcrumb\":{\"@id\":\"https:\\\/\\\/thekontiki.com\\\/es\\\/acerca-de-nosotros\\\/#breadcrumb\"},\"inLanguage\":\"es\",\"potentialAction\":[{\"@type\":\"ReadAction\",\"target\":[\"https:\\\/\\\/thekontiki.com\\\/es\\\/acerca-de-nosotros\\\/\"]}]},{\"@type\":\"BreadcrumbList\",\"@id\":\"https:\\\/\\\/thekontiki.com\\\/es\\\/acerca-de-nosotros\\\/#breadcrumb\",\"itemListElement\":[{\"@type\":\"ListItem\",\"position\":1,\"name\":\"Inicio\",\"item\":\"https:\\\/\\\/thekontiki.com\\\/es\\\/\"},{\"@type\":\"ListItem\",\"position\":2,\"name\":\"Acerca de nosotros\"}]},{\"@type\":\"WebSite\",\"@id\":\"https:\\\/\\\/thekontiki.com\\\/es\\\/#website\",\"url\":\"https:\\\/\\\/thekontiki.com\\\/es\\\/\",\"name\":\"Kontiki Beach Resort Curacao\",\"description\":\"Kontiki Beach Resort Cura\u00e7ao\",\"alternateName\":\"van der Valk Curacao\",\"potentialAction\":[{\"@type\":\"SearchAction\",\"target\":{\"@type\":\"EntryPoint\",\"urlTemplate\":\"https:\\\/\\\/thekontiki.com\\\/es\\\/?s={search_term_string}\"},\"query-input\":{\"@type\":\"PropertyValueSpecification\",\"valueRequired\":true,\"valueName\":\"search_term_string\"}}],\"inLanguage\":\"es\"}]}<\/script>\n<!-- \/ Yoast SEO plugin. -->","yoast_head_json":{"title":"Sobre nosotros | historia y legado | the kontiki cura\u00e7ao","description":"Bienvenidos a Kontiki Cura\u00e7ao: nuestra visi\u00f3n caribe\u00f1a en Mambo Beach","robots":{"index":"index","follow":"follow","max-snippet":"max-snippet:-1","max-image-preview":"max-image-preview:large","max-video-preview":"max-video-preview:-1"},"canonical":"https:\/\/thekontiki.com\/es\/acerca-de-nosotros\/","og_locale":"es_ES","og_type":"article","og_title":"Sobre nosotros | historia y legado | the kontiki cura\u00e7ao","og_description":"Bienvenidos a Kontiki Cura\u00e7ao: nuestra visi\u00f3n caribe\u00f1a en Mambo Beach","og_url":"https:\/\/thekontiki.com\/es\/acerca-de-nosotros\/","og_site_name":"Kontiki","article_modified_time":"2025-07-29T21:23:47+00:00","og_image":[{"width":1200,"height":675,"url":"https:\/\/thekontiki.com\/wp-content\/uploads\/Kontiki-Beach-Resort-Curacao-SiteImage.jpg","type":"image\/jpeg"}],"twitter_card":"summary_large_image","twitter_misc":{"Est. reading time":"4 minutos"},"schema":{"@context":"https:\/\/schema.org","@graph":[{"@type":"WebPage","@id":"https:\/\/thekontiki.com\/es\/acerca-de-nosotros\/","url":"https:\/\/thekontiki.com\/es\/acerca-de-nosotros\/","name":"Sobre nosotros | historia y legado | the kontiki cura\u00e7ao","isPartOf":{"@id":"https:\/\/thekontiki.com\/es\/#website"},"datePublished":"2025-04-09T08:45:11+00:00","dateModified":"2025-07-29T21:23:47+00:00","description":"Bienvenidos a Kontiki Cura\u00e7ao: nuestra visi\u00f3n caribe\u00f1a en Mambo Beach","breadcrumb":{"@id":"https:\/\/thekontiki.com\/es\/acerca-de-nosotros\/#breadcrumb"},"inLanguage":"es","potentialAction":[{"@type":"ReadAction","target":["https:\/\/thekontiki.com\/es\/acerca-de-nosotros\/"]}]},{"@type":"BreadcrumbList","@id":"https:\/\/thekontiki.com\/es\/acerca-de-nosotros\/#breadcrumb","itemListElement":[{"@type":"ListItem","position":1,"name":"Inicio","item":"https:\/\/thekontiki.com\/es\/"},{"@type":"ListItem","position":2,"name":"Acerca de nosotros"}]},{"@type":"WebSite","@id":"https:\/\/thekontiki.com\/es\/#website","url":"https:\/\/thekontiki.com\/es\/","name":"Kontiki Beach Resort Curacao","description":"Kontiki Beach Resort Cura\u00e7ao","alternateName":"van der Valk Curacao","potentialAction":[{"@type":"SearchAction","target":{"@type":"EntryPoint","urlTemplate":"https:\/\/thekontiki.com\/es\/?s={search_term_string}"},"query-input":{"@type":"PropertyValueSpecification","valueRequired":true,"valueName":"search_term_string"}}],"inLanguage":"es"}]}},"_links":{"self":[{"href":"https:\/\/thekontiki.com\/es\/wp-json\/wp\/v2\/pages\/7087","targetHints":{"allow":["GET"]}}],"collection":[{"href":"https:\/\/thekontiki.com\/es\/wp-json\/wp\/v2\/pages"}],"about":[{"href":"https:\/\/thekontiki.com\/es\/wp-json\/wp\/v2\/types\/page"}],"author":[{"embeddable":true,"href":"https:\/\/thekontiki.com\/es\/wp-json\/wp\/v2\/users\/1"}],"replies":[{"embeddable":true,"href":"https:\/\/thekontiki.com\/es\/wp-json\/wp\/v2\/comments?post=7087"}],"version-history":[{"count":0,"href":"https:\/\/thekontiki.com\/es\/wp-json\/wp\/v2\/pages\/7087\/revisions"}],"wp:attachment":[{"href":"https:\/\/thekontiki.com\/es\/wp-json\/wp\/v2\/media?parent=7087"}],"curies":[{"name":"wp","href":"https:\/\/api.w.org\/{rel}","templated":true}]}}