{"id":9150,"date":"2025-07-29T12:09:29","date_gmt":"2025-07-29T12:09:29","guid":{"rendered":"https:\/\/the-kontiki.com\/ueber-uns-neu\/"},"modified":"2025-07-31T05:55:10","modified_gmt":"2025-07-31T05:55:10","slug":"ueber-uns-neu","status":"publish","type":"page","link":"https:\/\/thekontiki.com\/de\/ueber-uns-neu\/","title":{"rendered":"\u00dcber uns neu"},"content":{"rendered":"<section class=\"cover w-full  relative overflow-hidden\" style=\"background: url(https:\/\/thekontiki.com\/wp-content\/themes\/kontiki\/assets\/img\/bg_texture.jpg) no-repeat center center \/ cover;\">\n   <div class=\"mt-52 mb-20 lg:mb-30\">\n      <div class=\"container mb-10 grid grid-cols-12\">\n     \n                     <div class=\"col-span-12 lg:col-span-6\">\n               <h1 class=\"uppercase text-white text-h3 pt-10\">Zuhause in Cura\u00e7aos inspirierendster Lage, handverlesen f\u00fcr au\u00dfergew\u00f6hnliche Sch\u00f6nheit und einzigartigen kulturellen Charme.<\/h1>\n            <\/div>\n               <\/div>\n   <\/div>\n<\/section>\n\n<section>\n<section class=\"text-images  relative \n         my-20 lg:my-30\n      \"\n      >\n   <div class=\"lg:container lg:grid lg:grid-cols-12 lg:gap-4\">\n               <div class=\"lg:col-span-10 lg:col-start-2 text-center mb-20 lg:mb-30 mx-6 lg:mx-0\">\n            <h2 class=\"text-base lg:text-h3 \">1988, WILLEMSTAD CURA\u00c7AO<\/h2>\n         <\/div>\n            <div class=\"lg:col-span-8 mb-16 lg:mb-0  lg:col-start-5 lg:order-2 \">\n         \n\n            \n               <div class=\"swiper-gallery overflow-hidden px-6 lg:px-0\" >\n                  <div class=\"swiper-wrapper\">\n                                          <div class=\"swiper-slide w-full\">\n                                                         <img loading=\"lazy\" decoding=\"async\" width=\"672\" height=\"1080\" src=\"https:\/\/thekontiki.com\/wp-content\/uploads\/50023710011_78e14914b7_h-672x1080.jpg\" class=\"aspect-square w-full h-full object-cover\" alt=\"\" srcset=\"https:\/\/thekontiki.com\/wp-content\/uploads\/50023710011_78e14914b7_h-672x1080.jpg 672w, https:\/\/thekontiki.com\/wp-content\/uploads\/50023710011_78e14914b7_h-448x720.jpg 448w, https:\/\/thekontiki.com\/wp-content\/uploads\/50023710011_78e14914b7_h-768x1235.jpg 768w, https:\/\/thekontiki.com\/wp-content\/uploads\/50023710011_78e14914b7_h-955x1536.jpg 955w, https:\/\/thekontiki.com\/wp-content\/uploads\/50023710011_78e14914b7_h.jpg 995w\" sizes=\"auto, (max-width: 672px) 100vw, 672px\" \/>                                                   <\/div>\n                                             <div class=\"swiper-slide w-full\">\n                                                         <img loading=\"lazy\" decoding=\"async\" width=\"1619\" height=\"1080\" src=\"https:\/\/thekontiki.com\/wp-content\/uploads\/2023101216011568357_Page_11-1619x1080.jpg\" class=\"aspect-square w-full h-full object-cover\" alt=\"\" srcset=\"https:\/\/thekontiki.com\/wp-content\/uploads\/2023101216011568357_Page_11-1619x1080.jpg 1619w, https:\/\/thekontiki.com\/wp-content\/uploads\/2023101216011568357_Page_11-1079x720.jpg 1079w, https:\/\/thekontiki.com\/wp-content\/uploads\/2023101216011568357_Page_11-768x512.jpg 768w, https:\/\/thekontiki.com\/wp-content\/uploads\/2023101216011568357_Page_11-1536x1025.jpg 1536w, https:\/\/thekontiki.com\/wp-content\/uploads\/2023101216011568357_Page_11.jpg 1920w\" sizes=\"auto, (max-width: 1619px) 100vw, 1619px\" \/>                                                   <\/div>\n                                             <div class=\"swiper-slide w-full\">\n                                                         <img loading=\"lazy\" decoding=\"async\" width=\"1642\" height=\"1080\" src=\"https:\/\/thekontiki.com\/wp-content\/uploads\/2023101216011568357_Page_18-1-1642x1080.jpg\" class=\"aspect-square w-full h-full object-cover\" alt=\"\" srcset=\"https:\/\/thekontiki.com\/wp-content\/uploads\/2023101216011568357_Page_18-1-1642x1080.jpg 1642w, https:\/\/thekontiki.com\/wp-content\/uploads\/2023101216011568357_Page_18-1-1095x720.jpg 1095w, https:\/\/thekontiki.com\/wp-content\/uploads\/2023101216011568357_Page_18-1-768x505.jpg 768w, https:\/\/thekontiki.com\/wp-content\/uploads\/2023101216011568357_Page_18-1-1536x1010.jpg 1536w, https:\/\/thekontiki.com\/wp-content\/uploads\/2023101216011568357_Page_18-1.jpg 1920w\" sizes=\"auto, (max-width: 1642px) 100vw, 1642px\" \/>                                                   <\/div>\n                                             <div class=\"swiper-slide w-full\">\n                                                         <img loading=\"lazy\" decoding=\"async\" width=\"1651\" height=\"1080\" src=\"https:\/\/thekontiki.com\/wp-content\/uploads\/2023101216011568357_Page_20-1651x1080.jpg\" class=\"aspect-square w-full h-full object-cover\" alt=\"\" srcset=\"https:\/\/thekontiki.com\/wp-content\/uploads\/2023101216011568357_Page_20-1651x1080.jpg 1651w, https:\/\/thekontiki.com\/wp-content\/uploads\/2023101216011568357_Page_20-1101x720.jpg 1101w, https:\/\/thekontiki.com\/wp-content\/uploads\/2023101216011568357_Page_20-768x502.jpg 768w, https:\/\/thekontiki.com\/wp-content\/uploads\/2023101216011568357_Page_20-1536x1005.jpg 1536w, https:\/\/thekontiki.com\/wp-content\/uploads\/2023101216011568357_Page_20.jpg 1920w\" sizes=\"auto, (max-width: 1651px) 100vw, 1651px\" \/>                                                   <\/div>\n                                             <div class=\"swiper-slide w-full\">\n                                                         <img loading=\"lazy\" decoding=\"async\" width=\"1639\" height=\"1080\" src=\"https:\/\/thekontiki.com\/wp-content\/uploads\/2023101216011568357_Page_23-1-1639x1080.jpg\" class=\"aspect-square w-full h-full object-cover\" alt=\"\" srcset=\"https:\/\/thekontiki.com\/wp-content\/uploads\/2023101216011568357_Page_23-1-1639x1080.jpg 1639w, https:\/\/thekontiki.com\/wp-content\/uploads\/2023101216011568357_Page_23-1-1093x720.jpg 1093w, https:\/\/thekontiki.com\/wp-content\/uploads\/2023101216011568357_Page_23-1-768x506.jpg 768w, https:\/\/thekontiki.com\/wp-content\/uploads\/2023101216011568357_Page_23-1-1536x1012.jpg 1536w, https:\/\/thekontiki.com\/wp-content\/uploads\/2023101216011568357_Page_23-1.jpg 1920w\" sizes=\"auto, (max-width: 1639px) 100vw, 1639px\" \/>                                                   <\/div>\n                                             <div class=\"swiper-slide w-full\">\n                                                         <img loading=\"lazy\" decoding=\"async\" width=\"1634\" height=\"1080\" src=\"https:\/\/thekontiki.com\/wp-content\/uploads\/2023101216011568357_Page_30-1634x1080.jpg\" class=\"aspect-square w-full h-full object-cover\" alt=\"\" srcset=\"https:\/\/thekontiki.com\/wp-content\/uploads\/2023101216011568357_Page_30-1634x1080.jpg 1634w, https:\/\/thekontiki.com\/wp-content\/uploads\/2023101216011568357_Page_30-1089x720.jpg 1089w, https:\/\/thekontiki.com\/wp-content\/uploads\/2023101216011568357_Page_30-768x508.jpg 768w, https:\/\/thekontiki.com\/wp-content\/uploads\/2023101216011568357_Page_30-1536x1015.jpg 1536w, https:\/\/thekontiki.com\/wp-content\/uploads\/2023101216011568357_Page_30.jpg 1920w\" sizes=\"auto, (max-width: 1634px) 100vw, 1634px\" \/>                                                   <\/div>\n                                             <div class=\"swiper-slide w-full\">\n                                                         <img loading=\"lazy\" decoding=\"async\" width=\"1611\" height=\"1080\" src=\"https:\/\/thekontiki.com\/wp-content\/uploads\/2023101216011568357_Page_31-1611x1080.jpg\" class=\"aspect-square w-full h-full object-cover\" alt=\"\" srcset=\"https:\/\/thekontiki.com\/wp-content\/uploads\/2023101216011568357_Page_31-1611x1080.jpg 1611w, https:\/\/thekontiki.com\/wp-content\/uploads\/2023101216011568357_Page_31-1074x720.jpg 1074w, https:\/\/thekontiki.com\/wp-content\/uploads\/2023101216011568357_Page_31-768x515.jpg 768w, https:\/\/thekontiki.com\/wp-content\/uploads\/2023101216011568357_Page_31-1536x1030.jpg 1536w, https:\/\/thekontiki.com\/wp-content\/uploads\/2023101216011568357_Page_31.jpg 1920w\" sizes=\"auto, (max-width: 1611px) 100vw, 1611px\" \/>                                                   <\/div>\n                                             <div class=\"swiper-slide w-full\">\n                                                         <img loading=\"lazy\" decoding=\"async\" width=\"1620\" height=\"1080\" src=\"https:\/\/thekontiki.com\/wp-content\/uploads\/2023101216011568357_Page_35-1620x1080.jpg\" class=\"aspect-square w-full h-full object-cover\" alt=\"\" srcset=\"https:\/\/thekontiki.com\/wp-content\/uploads\/2023101216011568357_Page_35-1620x1080.jpg 1620w, https:\/\/thekontiki.com\/wp-content\/uploads\/2023101216011568357_Page_35-1080x720.jpg 1080w, https:\/\/thekontiki.com\/wp-content\/uploads\/2023101216011568357_Page_35-768x512.jpg 768w, https:\/\/thekontiki.com\/wp-content\/uploads\/2023101216011568357_Page_35-1536x1024.jpg 1536w, https:\/\/thekontiki.com\/wp-content\/uploads\/2023101216011568357_Page_35.jpg 1920w\" sizes=\"auto, (max-width: 1620px) 100vw, 1620px\" \/>                                                   <\/div>\n                                             <div class=\"swiper-slide w-full\">\n                                                         <img loading=\"lazy\" decoding=\"async\" width=\"1638\" height=\"1080\" src=\"https:\/\/thekontiki.com\/wp-content\/uploads\/2023101216011568357_Page_39-1638x1080.jpg\" class=\"aspect-square w-full h-full object-cover\" alt=\"\" srcset=\"https:\/\/thekontiki.com\/wp-content\/uploads\/2023101216011568357_Page_39-1638x1080.jpg 1638w, https:\/\/thekontiki.com\/wp-content\/uploads\/2023101216011568357_Page_39-1092x720.jpg 1092w, https:\/\/thekontiki.com\/wp-content\/uploads\/2023101216011568357_Page_39-768x506.jpg 768w, https:\/\/thekontiki.com\/wp-content\/uploads\/2023101216011568357_Page_39-1536x1013.jpg 1536w, https:\/\/thekontiki.com\/wp-content\/uploads\/2023101216011568357_Page_39.jpg 1920w\" sizes=\"auto, (max-width: 1638px) 100vw, 1638px\" \/>                                                   <\/div>\n                                       <\/div>\n               <\/div>\n\n            \n               <\/div>\n      <div class=\"lg:col-span-3 mx-6 lg:mx-0  lg:order-1 \">\n         <div class=\"sticky top-40 grid gap-8\">\n                                       <div class=\"prose\"><h2>An Land gekommen mit nichts weiter als einem Schl\u00fcsselbund und Koffern voller Tr\u00e4ume.<\/h2>\n<p>Eine warme Abendbrise ber\u00fchrt die Haut und der Klang von Tamb\u00fa erf\u00fcllt die Luft, w\u00e4hrend die orangefarbene Sonne im Meer versinkt. Mein Vater und meine Mutter kamen mit nur einer Handvoll Schl\u00fcsseln und Koffern voller Hoffnungen und Tr\u00e4ume an, mehr als bereit, die vielen Abenteuer zu erkunden, die in Punda auf sie warteten, als sie das Van der Valk Plaza Hotel gr\u00fcndeten. <\/p>\n<h2>Ein Ort direkt aus dem Herzen<\/h2>\n<p>Im Jahr 1996 sp\u00fcrten sie, dass es der richtige Zeitpunkt war, den Kurs zu \u00e4ndern und ganz am Ende von Mambo Beach vor Anker zu gehen. Unser kleines Paradies, wo wir einen Ort direkt aus dem Herzen geschaffen haben: Baum f\u00fcr Baum, Balken f\u00fcr Balken, Lodge f\u00fcr Lodge. F\u00fcr unsere Familie, f\u00fcr Ihre und die Ihrer Freunde.  <\/p>\n<\/div>\n                        \n         <\/div>\n      <\/div>\n   <\/div>\n<\/section>\n\n<section class=\"video relative\">\n   \t\n\t\t\t<div class=\"responsive-embed\">\n\t\t   <iframe loading=\"lazy\" title=\"KONTIKI EDIT - FOR SOCIAL MEDIA\" src=\"https:\/\/player.vimeo.com\/video\/1096601030?h=b58d7e742e&amp;dnt=1&amp;app_id=122963\" width=\"640\" height=\"360\" frameborder=\"0\" allow=\"autoplay; fullscreen; picture-in-picture; clipboard-write; encrypted-media; web-share\" referrerpolicy=\"strict-origin-when-cross-origin\"><\/iframe>\t\t<\/div>\n\t\n<\/section>\n<section class=\"text-images  relative \n         my-20 lg:my-30\n      \"\n      >\n   <div class=\"lg:container lg:grid lg:grid-cols-12 lg:gap-4\">\n            <div class=\"lg:col-span-8 mb-16 lg:mb-0 \">\n         \n\n            \n            <div class=\"swiper-images overflow-hidden px-6 lg:px-0\" >\n               <div class=\"swiper-wrapper lg:!grid lg:grid-cols-2 lg:gap-4\">\n\n                     \n                                                                                                                        <div class=\"lg:col-span-2 lg:aspect-[922\/970] aspect-[328\/224] swiper-slide\">\n                                                         <img loading=\"lazy\" decoding=\"async\" width=\"720\" height=\"1080\" src=\"https:\/\/thekontiki.com\/wp-content\/uploads\/3098b2ec2c75508e51ac686fa412e7ed9cc46d1e-720x1080.jpg\" class=\"w-full h-full object-cover\" alt=\"\" srcset=\"https:\/\/thekontiki.com\/wp-content\/uploads\/3098b2ec2c75508e51ac686fa412e7ed9cc46d1e-720x1080.jpg 720w, https:\/\/thekontiki.com\/wp-content\/uploads\/3098b2ec2c75508e51ac686fa412e7ed9cc46d1e-480x720.jpg 480w, https:\/\/thekontiki.com\/wp-content\/uploads\/3098b2ec2c75508e51ac686fa412e7ed9cc46d1e-768x1152.jpg 768w, https:\/\/thekontiki.com\/wp-content\/uploads\/3098b2ec2c75508e51ac686fa412e7ed9cc46d1e-1024x1536.jpg 1024w, https:\/\/thekontiki.com\/wp-content\/uploads\/3098b2ec2c75508e51ac686fa412e7ed9cc46d1e.jpg 1280w\" sizes=\"auto, (max-width: 720px) 100vw, 720px\" \/>                                                   <\/div>\n                     \n               <\/div>\n            <\/div>\n\n            \n               <\/div>\n      <div class=\"lg:col-span-3 mx-6 lg:mx-0  lg:col-start-10 \">\n         <div class=\"sticky top-40 grid gap-8\">\n                           <h2 class=\"text-h6 lg:text-h4 font-bold\">Der gleiche Ort des Herzens heute<\/h2>\n                                       <div class=\"prose\"><p>Und obwohl sich die Zeiten ge\u00e4ndert haben, bleibt The Kontiki auch heute noch derselbe Ort des Herzens. Ein friedliches Ziel f\u00fcr Liebe und Feierlichkeiten, f\u00fcr Kultur, K\u00fcche und Komfort. Hier verschmelzen lokale Traditionen mit einem kosmopolitischen Gef\u00fchl des Wohlbefindens, und die karibische Kunst des M\u00fc\u00dfiggangs wird zur Perfektion praktiziert.  <\/p>\n<h2>Einfache und lebendige Exzellenz<\/h2>\n<p>The Kontiki ist ein Ort, an dem man die Schultern entspannen und die Hektik an der T\u00fcrschwelle zur\u00fccklassen kann. Entschleunigen Sie und lassen Sie uns die m\u00fchelose und lebendige Exzellenz \u00fcbernehmen, f\u00fcr die wir bekannt sind. <\/p>\n<p>\u2013 Terence van der Valk<\/p>\n<p><img loading=\"lazy\" decoding=\"async\" class=\"alignnone size-full wp-image-9161\" src=\"https:\/\/thekontiki.com\/wp-content\/uploads\/terence-1.png\" alt=\"\" width=\"402\" height=\"84\"><\/p>\n<\/div>\n                        \n         <\/div>\n      <\/div>\n   <\/div>\n<\/section>\n\n","protected":false},"excerpt":{"rendered":"","protected":false},"author":12,"featured_media":0,"parent":0,"menu_order":0,"comment_status":"closed","ping_status":"closed","template":"","meta":{"_acf_changed":false,"footnotes":""},"class_list":["post-9150","page","type-page","status-publish","hentry"],"acf":[],"yoast_head":"<!-- This site is optimized with the Yoast SEO plugin v27.4 - https:\/\/yoast.com\/product\/yoast-seo-wordpress\/ -->\n<title>\u00dcber uns neu - The Kontiki<\/title>\n<meta name=\"robots\" content=\"index, follow, max-snippet:-1, max-image-preview:large, max-video-preview:-1\" \/>\n<link rel=\"canonical\" href=\"https:\/\/thekontiki.com\/de\/ueber-uns-neu\/\" \/>\n<meta property=\"og:locale\" content=\"de_DE\" \/>\n<meta property=\"og:type\" content=\"article\" \/>\n<meta property=\"og:title\" content=\"\u00dcber uns neu - The Kontiki\" \/>\n<meta property=\"og:url\" content=\"https:\/\/thekontiki.com\/de\/ueber-uns-neu\/\" \/>\n<meta property=\"og:site_name\" content=\"Kontiki\" \/>\n<meta property=\"article:modified_time\" content=\"2025-07-31T05:55:10+00:00\" \/>\n<meta property=\"og:image\" content=\"https:\/\/thekontiki.com\/wp-content\/uploads\/Kontiki-Beach-Resort-Curacao-SiteImage.jpg\" \/>\n\t<meta property=\"og:image:width\" content=\"1200\" \/>\n\t<meta property=\"og:image:height\" content=\"675\" \/>\n\t<meta property=\"og:image:type\" content=\"image\/jpeg\" \/>\n<meta name=\"twitter:card\" content=\"summary_large_image\" \/>\n<script type=\"application\/ld+json\" class=\"yoast-schema-graph\">{\"@context\":\"https:\\\/\\\/schema.org\",\"@graph\":[{\"@type\":\"WebPage\",\"@id\":\"https:\\\/\\\/thekontiki.com\\\/de\\\/ueber-uns-neu\\\/\",\"url\":\"https:\\\/\\\/thekontiki.com\\\/de\\\/ueber-uns-neu\\\/\",\"name\":\"\u00dcber uns neu - The Kontiki\",\"isPartOf\":{\"@id\":\"https:\\\/\\\/thekontiki.com\\\/de\\\/#website\"},\"datePublished\":\"2025-07-29T12:09:29+00:00\",\"dateModified\":\"2025-07-31T05:55:10+00:00\",\"breadcrumb\":{\"@id\":\"https:\\\/\\\/thekontiki.com\\\/de\\\/ueber-uns-neu\\\/#breadcrumb\"},\"inLanguage\":\"de\",\"potentialAction\":[{\"@type\":\"ReadAction\",\"target\":[\"https:\\\/\\\/thekontiki.com\\\/de\\\/ueber-uns-neu\\\/\"]}]},{\"@type\":\"BreadcrumbList\",\"@id\":\"https:\\\/\\\/thekontiki.com\\\/de\\\/ueber-uns-neu\\\/#breadcrumb\",\"itemListElement\":[{\"@type\":\"ListItem\",\"position\":1,\"name\":\"Startseite\",\"item\":\"https:\\\/\\\/thekontiki.com\\\/de\\\/startseite-kontiki-beach-resort-curacao\\\/\"},{\"@type\":\"ListItem\",\"position\":2,\"name\":\"\u00dcber uns neu\"}]},{\"@type\":\"WebSite\",\"@id\":\"https:\\\/\\\/thekontiki.com\\\/de\\\/#website\",\"url\":\"https:\\\/\\\/thekontiki.com\\\/de\\\/\",\"name\":\"Kontiki Beach Resort Curacao\",\"description\":\"Kontiki Beach Resort Cura\u00e7ao\",\"alternateName\":\"van der Valk Curacao\",\"potentialAction\":[{\"@type\":\"SearchAction\",\"target\":{\"@type\":\"EntryPoint\",\"urlTemplate\":\"https:\\\/\\\/thekontiki.com\\\/de\\\/?s={search_term_string}\"},\"query-input\":{\"@type\":\"PropertyValueSpecification\",\"valueRequired\":true,\"valueName\":\"search_term_string\"}}],\"inLanguage\":\"de\"}]}<\/script>\n<!-- \/ Yoast SEO plugin. -->","yoast_head_json":{"title":"\u00dcber uns neu - The Kontiki","robots":{"index":"index","follow":"follow","max-snippet":"max-snippet:-1","max-image-preview":"max-image-preview:large","max-video-preview":"max-video-preview:-1"},"canonical":"https:\/\/thekontiki.com\/de\/ueber-uns-neu\/","og_locale":"de_DE","og_type":"article","og_title":"\u00dcber uns neu - The Kontiki","og_url":"https:\/\/thekontiki.com\/de\/ueber-uns-neu\/","og_site_name":"Kontiki","article_modified_time":"2025-07-31T05:55:10+00:00","og_image":[{"width":1200,"height":675,"url":"https:\/\/thekontiki.com\/wp-content\/uploads\/Kontiki-Beach-Resort-Curacao-SiteImage.jpg","type":"image\/jpeg"}],"twitter_card":"summary_large_image","schema":{"@context":"https:\/\/schema.org","@graph":[{"@type":"WebPage","@id":"https:\/\/thekontiki.com\/de\/ueber-uns-neu\/","url":"https:\/\/thekontiki.com\/de\/ueber-uns-neu\/","name":"\u00dcber uns neu - The Kontiki","isPartOf":{"@id":"https:\/\/thekontiki.com\/de\/#website"},"datePublished":"2025-07-29T12:09:29+00:00","dateModified":"2025-07-31T05:55:10+00:00","breadcrumb":{"@id":"https:\/\/thekontiki.com\/de\/ueber-uns-neu\/#breadcrumb"},"inLanguage":"de","potentialAction":[{"@type":"ReadAction","target":["https:\/\/thekontiki.com\/de\/ueber-uns-neu\/"]}]},{"@type":"BreadcrumbList","@id":"https:\/\/thekontiki.com\/de\/ueber-uns-neu\/#breadcrumb","itemListElement":[{"@type":"ListItem","position":1,"name":"Startseite","item":"https:\/\/thekontiki.com\/de\/startseite-kontiki-beach-resort-curacao\/"},{"@type":"ListItem","position":2,"name":"\u00dcber uns neu"}]},{"@type":"WebSite","@id":"https:\/\/thekontiki.com\/de\/#website","url":"https:\/\/thekontiki.com\/de\/","name":"Kontiki Beach Resort Curacao","description":"Kontiki Beach Resort Cura\u00e7ao","alternateName":"van der Valk Curacao","potentialAction":[{"@type":"SearchAction","target":{"@type":"EntryPoint","urlTemplate":"https:\/\/thekontiki.com\/de\/?s={search_term_string}"},"query-input":{"@type":"PropertyValueSpecification","valueRequired":true,"valueName":"search_term_string"}}],"inLanguage":"de"}]}},"_links":{"self":[{"href":"https:\/\/thekontiki.com\/de\/wp-json\/wp\/v2\/pages\/9150","targetHints":{"allow":["GET"]}}],"collection":[{"href":"https:\/\/thekontiki.com\/de\/wp-json\/wp\/v2\/pages"}],"about":[{"href":"https:\/\/thekontiki.com\/de\/wp-json\/wp\/v2\/types\/page"}],"author":[{"embeddable":true,"href":"https:\/\/thekontiki.com\/de\/wp-json\/wp\/v2\/users\/12"}],"replies":[{"embeddable":true,"href":"https:\/\/thekontiki.com\/de\/wp-json\/wp\/v2\/comments?post=9150"}],"version-history":[{"count":0,"href":"https:\/\/thekontiki.com\/de\/wp-json\/wp\/v2\/pages\/9150\/revisions"}],"wp:attachment":[{"href":"https:\/\/thekontiki.com\/de\/wp-json\/wp\/v2\/media?parent=9150"}],"curies":[{"name":"wp","href":"https:\/\/api.w.org\/{rel}","templated":true}]}}