{"id":7630,"date":"2025-06-04T14:40:51","date_gmt":"2025-06-04T14:40:51","guid":{"rendered":"https:\/\/the-kontiki.com\/hausordnung\/"},"modified":"2025-06-16T11:55:57","modified_gmt":"2025-06-16T11:55:57","slug":"hausordnung","status":"publish","type":"page","link":"https:\/\/thekontiki.com\/de\/hausordnung\/","title":{"rendered":"Hausordnung"},"content":{"rendered":"\n<section class=\"cover w-full h-[calc(100svh-58px)] relative overflow-hidden\">\n   <div class=\"absolute inset-0 flex items-center z-20 text-white\">\n      <div class=\"container grid gap-5\">\n\n         \n                     \n            <h1 class=\"text-h3 md:text-h2 lg:text-h1 max-w-[1050px]\">Hausordnung<\/h1>\n            \n         \n      <\/div>\n   <\/div>\n   \n   <div class=\"overlay absolute inset-0 z-10 bg-black\/15\"><\/div>\n\n\n         <video src=\"https:\/\/thekontiki.com\/wp-content\/uploads\/paloma-dance-green-skirt.mp4\" autoplay muted loop playsinline class=\"absolute inset-0 -z-10 object-cover w-full h-full\"><\/video>\n   \n   <svg class=\"absolute bottom-10 left-1\/2 -translate-x-1\/2\" width=\"24\" height=\"37\" viewBox=\"0 0 24 37\" fill=\"none\" xmlns=\"http:\/\/www.w3.org\/2000\/svg\">\n      <rect x=\"0.5\" y=\"0.5\" width=\"23\" height=\"36\" rx=\"11.5\" stroke=\"white\"\/>\n      <circle cx=\"12\" cy=\"12\" r=\"3\" fill=\"white\"\/>\n   <\/svg>\n\n\n<\/section>\n\n\n   <div class=\"my-8 relative\">\n\t  <div class=\"w-full text-xs font-heading uppercase tracking-widest font-semibold breadcrumbs\">\n   <div class=\"flex items-center justify-center lg:justify-start gap-2 container\">\n      <a href=\"https:\/\/thekontiki.com\/de\/\" class=\"\">Home<\/a>\n      <svg width=\"2\" height=\"4\" viewBox=\"0 0 2 4\" fill=\"none\" xmlns=\"http:\/\/www.w3.org\/2000\/svg\">\n         <path d=\"M0.380567 0L0 0.47L1.23617 2L0 3.53L0.380567 4L2 2L0.380567 0Z\" fill=\"currentColor\"\/>\n      <\/svg>\n      <span class=\"\">Hausordnung<\/span>\n   <\/div>\n<\/div>\n\n   <\/div>\n<section class=\"text-block my-20\">\n   <div class=\"container flex-col lg:flex-row flex gap-10\">\n      \n               <div class=\"prose flex-1\">\n            <p><strong>RESORTREGELN UND VERWALTUNGSRICHTLINIEN<\/strong><\/p>\n<p>Um einen angenehmen und sicheren Aufenthalt zu gew\u00e4hrleisten, bitten wir h\u00f6flichst um Ihre Kooperation bei der Beachtung der folgenden Regeln, die eine Vereinbarung zwischen dem Gast und The Kontiki Curacao darstellen, unter der die Zimmer zur Verf\u00fcgung gestellt werden.<\/p>\n<p>&nbsp;<\/p>\n<p><strong>Check-in und Check-out<\/strong><\/p>\n<ul>\n<li>Check-in-Zeit: Ab 15:00 Uhr<\/li>\n<li>Check-out-Zeit: Bis 11:00 Uhr<\/li>\n<\/ul>\n<p>Alle G\u00e4ste m\u00fcssen bei der Ankunft das Anmeldeformular ausf\u00fcllen und unterschreiben sowie einen g\u00fcltigen Reisepass oder Personalausweis vorlegen. F\u00fcr Nebenkosten ist eine Kreditkartenautorisation erforderlich. <\/p>\n<p>Anfragen f\u00fcr einen sp\u00e4ten Check-out m\u00fcssen mindestens einen Tag vor der Abreise an der Rezeption gestellt werden. Die Genehmigung unterliegt der Verf\u00fcgbarkeit und kann zus\u00e4tzliche Geb\u00fchren nach sich ziehen. F\u00fcr sp\u00e4te Check-outs nach 18:00 Uhr wird eine zus\u00e4tzliche Nacht zum besten verf\u00fcgbaren Tarif des Tages berechnet.  <\/p>\n<p>G\u00e4ste, die bereits ausgecheckt haben, k\u00f6nnen die Resorteinrichtungen weiterhin nutzen. Duschen stehen im Lobbybereich zur Verf\u00fcgung; bitte kontaktieren Sie die Rezeption f\u00fcr Reservierungen. <\/p>\n<p>&nbsp;<\/p>\n<p><strong>Safe<\/strong><\/p>\n<p>Jedes Zimmer ist mit einem digitalen Safe ausgestattet. Das Hotel \u00fcbernimmt keine Verantwortung f\u00fcr den Verlust von Wertsachen oder pers\u00f6nlichen Gegenst\u00e4nden. <\/p>\n<p>&nbsp;<\/p>\n<p><strong>Eigentum (Hotel &amp; Beach Clubs)<\/strong><\/p>\n<p>Alle Schl\u00fcsselkarten, Strandt\u00fccher, Badem\u00e4ntel und andere Hotelartikel bleiben Eigentum von The Kontiki Curacao und m\u00fcssen beim Check-out zur\u00fcckgegeben oder im Zimmer gelassen werden. Sch\u00e4den am Eigentum, einschlie\u00dflich solcher in angegliederten Beach Clubs, werden bewertet und dem verantwortlichen Gast entsprechend in Rechnung gestellt. <\/p>\n<p>&nbsp;<\/p>\n<p><strong>Strandliegen-Richtlinie<\/strong><\/p>\n<p>Als unser gesch\u00e4tzter Gast m\u00f6chten wir sicherstellen, dass Sie das Beste vom Strand m\u00fchelos genie\u00dfen k\u00f6nnen.<\/p>\n<ul>\n<li>Vorreservierte Strandliegen<\/li>\n<\/ul>\n<p>Zu Ihrer Bequemlichkeit haben wir im Cabana Beach exklusiv f\u00fcr unsere Hotelg\u00e4ste Strandliegen vorreserviert.<\/p>\n<ul>\n<li>Wenn Sie in einer unserer Luxus-Suiten \u00fcbernachten, haben Sie Zugang zum Cabana VIP Beach<\/li>\n<li>Reserviert bis 11:00 Uhr<\/li>\n<\/ul>\n<p>Ihre reservierten Strandliegen werden bis 11:00 Uhr gehalten. Nach dieser Zeit werden alle Liegen je nach Verf\u00fcgbarkeit nach dem Prinzip &#8218;Wer zuerst kommt, mahlt zuerst&#8216; vergeben. <\/p>\n<ul>\n<li>Keine pers\u00f6nlichen Reservierungen<\/li>\n<\/ul>\n<p>Um den Strand f\u00fcr alle fair und entspannt zu halten, bitten wir die G\u00e4ste h\u00f6flichst, keine Strandliegen durch Platzieren pers\u00f6nlicher Gegenst\u00e4nde zu reservieren. Unbeaufsichtigte Liegen k\u00f6nnen vom Strandpersonal ger\u00e4umt werden. <\/p>\n<p>&nbsp;<\/p>\n<p><strong>Besucher<\/strong><\/p>\n<p>G\u00e4ste d\u00fcrfen pro Tag bis zu zwei externe Besucher zwischen 7:00 Uhr und 23:00 Uhr empfangen, die sich an der Rezeption anmelden m\u00fcssen. Jegliche Ausnahmen m\u00fcssen vom diensthabenden Manager genehmigt werden. <\/p>\n<p>&nbsp;<\/p>\n<p>&nbsp;<\/p>\n<p><strong>L\u00e4rm und Verhalten<\/strong><\/p>\n<p>Bitte bewahren Sie eine friedliche Umgebung und vermeiden Sie \u00fcberm\u00e4\u00dfigen L\u00e4rm. St\u00f6rendes Verhalten kann weitere Ma\u00dfnahmen durch das Hotelmanagement nach sich ziehen. <\/p>\n<p>&nbsp;<\/p>\n<p><strong>Verbotene Substanzen<\/strong><\/p>\n<p>Der Gebrauch von Drogen oder Waffen ist streng verboten. Jegliche Beweise, die auf dem Gel\u00e4nde gefunden werden, werden den \u00f6rtlichen Beh\u00f6rden gemeldet. <\/p>\n<p>&nbsp;<\/p>\n<p><strong>Raucherpolitik<\/strong><\/p>\n<p>Alle Innenbereiche und Zimmer sind Nichtraucherzonen. Rauchen ist nur auf Balkonen, Terrassen oder in ausgewiesenen Bereichen gestattet. Bitte halten Sie Ihre Zimmert\u00fcr geschlossen, w\u00e4hrend Sie drau\u00dfen rauchen. Rauchen in den Zimmern zieht eine Reinigungsgeb\u00fchr von bis zu 350 USD nach sich.   <\/p>\n<p>&nbsp;<\/p>\n<p><strong>Alkoholpolitik<\/strong><\/p>\n<p>Alkoholische Getr\u00e4nke werden nur an G\u00e4ste ab 18 Jahren ausgeschenkt.<\/p>\n<p>&nbsp;<\/p>\n<p><strong>G\u00e4steverhalten<\/strong><\/p>\n<p>Respekt gegen\u00fcber dem Hotelpersonal, anderen G\u00e4sten und dem Eigentum ist obligatorisch. Aggressives oder gewaltt\u00e4tiges Verhalten wird nicht toleriert. Bitte bleiben Sie auf den ausgewiesenen Wegen und vermeiden Sie es, durch Gr\u00fcnanlagen oder Bereiche zu gehen, die zu anderen Unterk\u00fcnften geh\u00f6ren. Entsorgen Sie Abf\u00e4lle in den daf\u00fcr vorgesehenen Beh\u00e4ltern, die auf dem gesamten Gel\u00e4nde aufgestellt sind.   <\/p>\n<p>&nbsp;<\/p>\n<p><strong>Kleiderordnung<\/strong><\/p>\n<p>Badebekleidung ist nur am Strand und in den Poolbereichen erlaubt. In allen anderen Bereichen (Restaurant, Bar, Lobby, Parkplatz) ist gepflegte Freizeitkleidung erforderlich. Oberk\u00f6rperfreie Kleidung ist in diesen Bereichen nicht akzeptabel.  <\/p>\n<p>&nbsp;<\/p>\n<p><strong>Schwimmb\u00e4der<\/strong><\/p>\n<ul>\n<li>T\u00e4glich ge\u00f6ffnet von 7:00 Uhr bis 19:00 Uhr<\/li>\n<li>Kein Tauchen oder Klettern auf den Poolr\u00e4ndern<\/li>\n<li>Kein Rettungsschwimmer im Dienst; G\u00e4ste schwimmen auf eigene Gefahr<\/li>\n<li>Kinder unter 12 Jahren m\u00fcssen jederzeit von einem Erwachsenen begleitet werden<\/li>\n<li>Keine Speisen, Getr\u00e4nke oder Glaswaren im Poolbereich erlaubt<\/li>\n<\/ul>\n<p>&nbsp;<\/p>\n<p><strong>Grillrichtlinie<\/strong><\/p>\n<p>Offene Flammen und Grills sind auf Zimmertarassen, Balkonen oder irgendwo auf dem Gel\u00e4nde oder angegliederten Beach Clubs nicht erlaubt.<\/p>\n<p>&nbsp;<\/p>\n<p><strong>Haustierrichtlinie<\/strong><\/p>\n<p>Haustiere sind nicht erlaubt, mit Ausnahme von Servicetieren. Vorherige Ank\u00fcndigung, ordnungsgem\u00e4\u00dfe Dokumentation und Lizenzen sind f\u00fcr eine Genehmigung erforderlich. <\/p>\n<p>&nbsp;<\/p>\n<p><strong>Fotografie und Filmaufnahmen<\/strong><\/p>\n<p>Kommerzielle Fotografie oder Filmaufnahmen sind ohne vorherige schriftliche Genehmigung der Gesch\u00e4ftsf\u00fchrung nicht gestattet.<\/p>\n<p>&nbsp;<\/p>\n<p><strong>Reiseversicherung<\/strong><\/p>\n<p>Den G\u00e4sten wird dringend empfohlen, vor der Anreise eine umfassende Reise- und Stornierungsversicherung abzuschlie\u00dfen.<\/p>\n<p>&nbsp;<\/p>\n<p><strong>Brandschutz<\/strong><\/p>\n<p>Im Brandfall:<\/p>\n<ul>\n<li>Bewahren Sie Ruhe und w\u00e4hlen Sie die 9 auf Ihrem Zimmertelefon, um die Rezeption zu kontaktieren.<\/li>\n<li>Aktivieren Sie den n\u00e4chstgelegenen Feuermelder oder alarmieren Sie einen Mitarbeiter.<\/li>\n<li>Benutzen Sie keinesfalls die Aufz\u00fcge.<\/li>\n<li>Folgen Sie den Notausgangsbeschilderungen und den Anweisungen des Hotelpersonals.<\/li>\n<li>Notfallpl\u00e4ne f\u00fcr jedes Stockwerk sind an der Innenseite Ihrer Zimmert\u00fcr angebracht.<\/li>\n<\/ul>\n<p>&nbsp;<\/p>\n<p><strong>Sch\u00e4den &amp; Haftung<\/strong><\/p>\n<p>G\u00e4ste haften f\u00fcr jegliche Besch\u00e4digung oder Verlust im Zimmer, an den Einrichtungen oder der gemieteten Ausstattung. Bei der Abreise wird das Hotelpersonal den Zustand des Zimmers \u00fcberpr\u00fcfen. Reparatur- oder Ersatzkosten werden dem verantwortlichen Gast in voller H\u00f6he zuz\u00fcglich des Tagespreises (BAR-Rate) in Rechnung gestellt.  <\/p>\n<p>Die Nutzung aller Einrichtungen erfolgt auf eigene Gefahr. Das Kontiki Curacao und die angeschlossenen Beach Clubs haften nicht f\u00fcr Personen- oder Sachsch\u00e4den. <\/p>\n<p>Das Hotel haftet nicht f\u00fcr Verletzungen, Krankheiten, Verluste oder Todesf\u00e4lle aufgrund von Naturkatastrophen, Pandemien oder anderen Umst\u00e4nden, die au\u00dferhalb seiner Kontrolle liegen. Dies umfasst, ist aber nicht beschr\u00e4nkt auf: <\/p>\n<ul>\n<li>Unf\u00e4lle (mit oder ohne Aufsicht des Personals)<\/li>\n<li>K\u00f6rperliche Anstrengung<\/li>\n<li>Eingeschr\u00e4nkter Zugang zu medizinischer Versorgung<\/li>\n<li>Reisen mit jeglichen Verkehrsmitteln<\/li>\n<li>Alkoholkonsum<\/li>\n<li>Ausr\u00fcstungsversagen<\/li>\n<\/ul>\n<p>&nbsp;<\/p>\n<p><strong>Sicherheits\u00fcberwachung<\/strong><\/p>\n<p>Zur Gew\u00e4hrleistung der Sicherheit aller G\u00e4ste sind auf dem gesamten Gel\u00e4nde, einschlie\u00dflich der Gemeinschaftsbereiche und Zugangspunkte, Sicherheitskameras installiert.<\/p>\n<p>Mit dem Betreten des Gel\u00e4ndes erkl\u00e4ren sich die G\u00e4ste mit Video- und Audioaufzeichnungen einverstanden. Diese Aufnahmen dienen ausschlie\u00dflich Sicherheitszwecken und k\u00f6nnen im Falle eines Vorfalls \u00fcberpr\u00fcft werden. <\/p>\n<p>Die Aufzeichnungen werden sicher aufbewahrt, nur f\u00fcr einen begrenzten Zeitraum aufbewahrt und k\u00f6nnen bei gesetzlicher Erfordernis mit autorisierten Beh\u00f6rden geteilt werden. Wir halten uns streng an die geltenden Datenschutzbestimmungen, einschlie\u00dflich der Datenschutz-Grundverordnung (DSGVO). <\/p>\n<p>&nbsp;<\/p>\n         <\/div>\n                   \n      \n   <\/div>\n<\/section>","protected":false},"excerpt":{"rendered":"","protected":false},"author":12,"featured_media":6937,"parent":0,"menu_order":0,"comment_status":"closed","ping_status":"closed","template":"","meta":{"_acf_changed":false,"footnotes":""},"class_list":["post-7630","page","type-page","status-publish","has-post-thumbnail","hentry"],"acf":[],"yoast_head":"<!-- This site is optimized with the Yoast SEO plugin v27.4 - https:\/\/yoast.com\/product\/yoast-seo-wordpress\/ -->\n<title>Hausordnung - The Kontiki<\/title>\n<meta name=\"robots\" content=\"index, follow, max-snippet:-1, max-image-preview:large, max-video-preview:-1\" \/>\n<link rel=\"canonical\" href=\"https:\/\/thekontiki.com\/de\/hausordnung\/\" \/>\n<meta property=\"og:locale\" content=\"de_DE\" \/>\n<meta property=\"og:type\" content=\"article\" \/>\n<meta property=\"og:title\" content=\"Hausordnung - The Kontiki\" \/>\n<meta property=\"og:url\" content=\"https:\/\/thekontiki.com\/de\/hausordnung\/\" \/>\n<meta property=\"og:site_name\" content=\"Kontiki\" \/>\n<meta property=\"article:modified_time\" content=\"2025-06-16T11:55:57+00:00\" \/>\n<meta property=\"og:image\" content=\"https:\/\/thekontiki.com\/wp-content\/uploads\/vd-Valk-Curacao-all-inclusive.webp\" \/>\n\t<meta property=\"og:image:width\" content=\"1920\" \/>\n\t<meta property=\"og:image:height\" content=\"1280\" \/>\n\t<meta property=\"og:image:type\" content=\"image\/webp\" \/>\n<meta name=\"twitter:card\" content=\"summary_large_image\" \/>\n<script type=\"application\/ld+json\" class=\"yoast-schema-graph\">{\"@context\":\"https:\\\/\\\/schema.org\",\"@graph\":[{\"@type\":\"WebPage\",\"@id\":\"https:\\\/\\\/thekontiki.com\\\/de\\\/hausordnung\\\/\",\"url\":\"https:\\\/\\\/thekontiki.com\\\/de\\\/hausordnung\\\/\",\"name\":\"Hausordnung - The Kontiki\",\"isPartOf\":{\"@id\":\"https:\\\/\\\/thekontiki.com\\\/de\\\/#website\"},\"primaryImageOfPage\":{\"@id\":\"https:\\\/\\\/thekontiki.com\\\/de\\\/hausordnung\\\/#primaryimage\"},\"image\":{\"@id\":\"https:\\\/\\\/thekontiki.com\\\/de\\\/hausordnung\\\/#primaryimage\"},\"thumbnailUrl\":\"https:\\\/\\\/thekontiki.com\\\/wp-content\\\/uploads\\\/vd-Valk-Curacao-all-inclusive.webp\",\"datePublished\":\"2025-06-04T14:40:51+00:00\",\"dateModified\":\"2025-06-16T11:55:57+00:00\",\"breadcrumb\":{\"@id\":\"https:\\\/\\\/thekontiki.com\\\/de\\\/hausordnung\\\/#breadcrumb\"},\"inLanguage\":\"de\",\"potentialAction\":[{\"@type\":\"ReadAction\",\"target\":[\"https:\\\/\\\/thekontiki.com\\\/de\\\/hausordnung\\\/\"]}]},{\"@type\":\"ImageObject\",\"inLanguage\":\"de\",\"@id\":\"https:\\\/\\\/thekontiki.com\\\/de\\\/hausordnung\\\/#primaryimage\",\"url\":\"https:\\\/\\\/thekontiki.com\\\/wp-content\\\/uploads\\\/vd-Valk-Curacao-all-inclusive.webp\",\"contentUrl\":\"https:\\\/\\\/thekontiki.com\\\/wp-content\\\/uploads\\\/vd-Valk-Curacao-all-inclusive.webp\",\"width\":1920,\"height\":1280,\"caption\":\"vd Valk Curacao all inclusive\"},{\"@type\":\"BreadcrumbList\",\"@id\":\"https:\\\/\\\/thekontiki.com\\\/de\\\/hausordnung\\\/#breadcrumb\",\"itemListElement\":[{\"@type\":\"ListItem\",\"position\":1,\"name\":\"Startseite\",\"item\":\"https:\\\/\\\/thekontiki.com\\\/de\\\/startseite-kontiki-beach-resort-curacao\\\/\"},{\"@type\":\"ListItem\",\"position\":2,\"name\":\"Hausordnung\"}]},{\"@type\":\"WebSite\",\"@id\":\"https:\\\/\\\/thekontiki.com\\\/de\\\/#website\",\"url\":\"https:\\\/\\\/thekontiki.com\\\/de\\\/\",\"name\":\"Kontiki Beach Resort Curacao\",\"description\":\"Kontiki Beach Resort Cura\u00e7ao\",\"alternateName\":\"van der Valk Curacao\",\"potentialAction\":[{\"@type\":\"SearchAction\",\"target\":{\"@type\":\"EntryPoint\",\"urlTemplate\":\"https:\\\/\\\/thekontiki.com\\\/de\\\/?s={search_term_string}\"},\"query-input\":{\"@type\":\"PropertyValueSpecification\",\"valueRequired\":true,\"valueName\":\"search_term_string\"}}],\"inLanguage\":\"de\"}]}<\/script>\n<!-- \/ Yoast SEO plugin. -->","yoast_head_json":{"title":"Hausordnung - The Kontiki","robots":{"index":"index","follow":"follow","max-snippet":"max-snippet:-1","max-image-preview":"max-image-preview:large","max-video-preview":"max-video-preview:-1"},"canonical":"https:\/\/thekontiki.com\/de\/hausordnung\/","og_locale":"de_DE","og_type":"article","og_title":"Hausordnung - The Kontiki","og_url":"https:\/\/thekontiki.com\/de\/hausordnung\/","og_site_name":"Kontiki","article_modified_time":"2025-06-16T11:55:57+00:00","og_image":[{"width":1920,"height":1280,"url":"https:\/\/thekontiki.com\/wp-content\/uploads\/vd-Valk-Curacao-all-inclusive.webp","type":"image\/webp"}],"twitter_card":"summary_large_image","schema":{"@context":"https:\/\/schema.org","@graph":[{"@type":"WebPage","@id":"https:\/\/thekontiki.com\/de\/hausordnung\/","url":"https:\/\/thekontiki.com\/de\/hausordnung\/","name":"Hausordnung - The Kontiki","isPartOf":{"@id":"https:\/\/thekontiki.com\/de\/#website"},"primaryImageOfPage":{"@id":"https:\/\/thekontiki.com\/de\/hausordnung\/#primaryimage"},"image":{"@id":"https:\/\/thekontiki.com\/de\/hausordnung\/#primaryimage"},"thumbnailUrl":"https:\/\/thekontiki.com\/wp-content\/uploads\/vd-Valk-Curacao-all-inclusive.webp","datePublished":"2025-06-04T14:40:51+00:00","dateModified":"2025-06-16T11:55:57+00:00","breadcrumb":{"@id":"https:\/\/thekontiki.com\/de\/hausordnung\/#breadcrumb"},"inLanguage":"de","potentialAction":[{"@type":"ReadAction","target":["https:\/\/thekontiki.com\/de\/hausordnung\/"]}]},{"@type":"ImageObject","inLanguage":"de","@id":"https:\/\/thekontiki.com\/de\/hausordnung\/#primaryimage","url":"https:\/\/thekontiki.com\/wp-content\/uploads\/vd-Valk-Curacao-all-inclusive.webp","contentUrl":"https:\/\/thekontiki.com\/wp-content\/uploads\/vd-Valk-Curacao-all-inclusive.webp","width":1920,"height":1280,"caption":"vd Valk Curacao all inclusive"},{"@type":"BreadcrumbList","@id":"https:\/\/thekontiki.com\/de\/hausordnung\/#breadcrumb","itemListElement":[{"@type":"ListItem","position":1,"name":"Startseite","item":"https:\/\/thekontiki.com\/de\/startseite-kontiki-beach-resort-curacao\/"},{"@type":"ListItem","position":2,"name":"Hausordnung"}]},{"@type":"WebSite","@id":"https:\/\/thekontiki.com\/de\/#website","url":"https:\/\/thekontiki.com\/de\/","name":"Kontiki Beach Resort Curacao","description":"Kontiki Beach Resort Cura\u00e7ao","alternateName":"van der Valk Curacao","potentialAction":[{"@type":"SearchAction","target":{"@type":"EntryPoint","urlTemplate":"https:\/\/thekontiki.com\/de\/?s={search_term_string}"},"query-input":{"@type":"PropertyValueSpecification","valueRequired":true,"valueName":"search_term_string"}}],"inLanguage":"de"}]}},"_links":{"self":[{"href":"https:\/\/thekontiki.com\/de\/wp-json\/wp\/v2\/pages\/7630","targetHints":{"allow":["GET"]}}],"collection":[{"href":"https:\/\/thekontiki.com\/de\/wp-json\/wp\/v2\/pages"}],"about":[{"href":"https:\/\/thekontiki.com\/de\/wp-json\/wp\/v2\/types\/page"}],"author":[{"embeddable":true,"href":"https:\/\/thekontiki.com\/de\/wp-json\/wp\/v2\/users\/12"}],"replies":[{"embeddable":true,"href":"https:\/\/thekontiki.com\/de\/wp-json\/wp\/v2\/comments?post=7630"}],"version-history":[{"count":0,"href":"https:\/\/thekontiki.com\/de\/wp-json\/wp\/v2\/pages\/7630\/revisions"}],"wp:featuredmedia":[{"embeddable":true,"href":"https:\/\/thekontiki.com\/de\/wp-json\/wp\/v2\/media\/6937"}],"wp:attachment":[{"href":"https:\/\/thekontiki.com\/de\/wp-json\/wp\/v2\/media?parent=7630"}],"curies":[{"name":"wp","href":"https:\/\/api.w.org\/{rel}","templated":true}]}}