{"id":7214,"date":"2025-05-19T10:01:13","date_gmt":"2025-05-19T10:01:13","guid":{"rendered":"https:\/\/the-kontiki.com\/stornierungsrichtlinie\/"},"modified":"2025-06-26T14:30:36","modified_gmt":"2025-06-26T14:30:36","slug":"stornierungsrichtlinie","status":"publish","type":"page","link":"https:\/\/thekontiki.com\/de\/stornierungsrichtlinie\/","title":{"rendered":"Stornierungsrichtlinie"},"content":{"rendered":"\n<section class=\"cover w-full h-[calc(100svh-58px)] relative overflow-hidden\">\n   <div class=\"absolute inset-0 flex items-center z-20 text-white\">\n      <div class=\"container grid gap-5\">\n\n         \n                     \n            <h1 class=\"text-h3 md:text-h2 lg:text-h1 max-w-[1050px]\">Stornierungsrichtlinie<\/h1>\n            \n         \n      <\/div>\n   <\/div>\n   \n   <div class=\"overlay absolute inset-0 z-10 bg-black\/15\"><\/div>\n\n\n         <video src=\"https:\/\/thekontiki.com\/wp-content\/uploads\/paloma-leans-against-hut.mp4\" autoplay muted loop playsinline class=\"absolute inset-0 -z-10 object-cover w-full h-full\"><\/video>\n   \n   <svg class=\"absolute bottom-10 left-1\/2 -translate-x-1\/2\" width=\"24\" height=\"37\" viewBox=\"0 0 24 37\" fill=\"none\" xmlns=\"http:\/\/www.w3.org\/2000\/svg\">\n      <rect x=\"0.5\" y=\"0.5\" width=\"23\" height=\"36\" rx=\"11.5\" stroke=\"white\"\/>\n      <circle cx=\"12\" cy=\"12\" r=\"3\" fill=\"white\"\/>\n   <\/svg>\n\n\n<\/section>\n\n\n   <div class=\"my-8 relative\">\n\t  <div class=\"w-full text-xs font-heading uppercase tracking-widest font-semibold breadcrumbs\">\n   <div class=\"flex items-center justify-center lg:justify-start gap-2 container\">\n      <a href=\"https:\/\/thekontiki.com\/de\/\" class=\"\">Home<\/a>\n      <svg width=\"2\" height=\"4\" viewBox=\"0 0 2 4\" fill=\"none\" xmlns=\"http:\/\/www.w3.org\/2000\/svg\">\n         <path d=\"M0.380567 0L0 0.47L1.23617 2L0 3.53L0.380567 4L2 2L0.380567 0Z\" fill=\"currentColor\"\/>\n      <\/svg>\n      <span class=\"\">Stornierungsrichtlinie<\/span>\n   <\/div>\n<\/div>\n\n   <\/div>\n<section class=\"text-block my-20\">\n   <div class=\"container flex-col lg:flex-row flex gap-10\">\n      \n               <div class=\"prose flex-1\">\n            <h2>THE KONTIKI LODGES<\/h2>\n<p><strong>Die kontiki tropical Superior Zimmer<\/strong><\/p>\n<p>Zur Best\u00e4tigung Ihrer Reservierung ist eine Anzahlung von mindestens 50% des Gesamtbetrags erforderlich. Der verbleibende Restbetrag muss sp\u00e4testens 7 Tage vor Anreise vollst\u00e4ndig beglichen werden. <\/p>\n<p>Bitte beachten Sie, dass die Reservierung automatisch storniert wird, wenn die vollst\u00e4ndige Zahlung bis zu diesem Termin nicht eingegangen ist. Bereits gezahlte Betr\u00e4ge werden nicht erstattet. <\/p>\n<p>Die Reservierung kann bis zu 7 Tage vor Anreise kostenlos storniert werden. Bei Stornierungen innerhalb von 7 Tagen vor Anreise oder bei Nichterscheinen erfolgt keine R\u00fcckerstattung. <\/p>\n<p>Wir empfehlen Ihnen dringend, eine Reise- und Stornierungsversicherung abzuschlie\u00dfen.<\/p>\n<p><strong><span style=\"text-decoration: underline;\">Hochsaison:<\/span><\/strong><\/p>\n<p>Zur Best\u00e4tigung Ihrer Reservierung ist eine Anzahlung von mindestens 50% des Gesamtbetrags erforderlich. Der verbleibende Restbetrag muss sp\u00e4testens 14 Tage vor Anreise vollst\u00e4ndig beglichen werden. <\/p>\n<p>Bitte beachten Sie, dass die Reservierung automatisch storniert wird, wenn die vollst\u00e4ndige Zahlung bis zu diesem Termin nicht eingegangen ist. Bereits gezahlte Betr\u00e4ge werden nicht erstattet. <\/p>\n<p>Die Reservierung kann bis zu 14 Tage vor Anreise kostenlos storniert werden. Bei Stornierungen innerhalb von 14 Tagen vor Anreise oder bei Nichterscheinen erfolgt keine R\u00fcckerstattung. <\/p>\n<p>Wir empfehlen Ihnen dringend, eine Reise- und Stornierungsversicherung abzuschlie\u00dfen.<\/p>\n<p><strong><span style=\"text-decoration: underline;\">Nicht erstattungsf\u00e4hig:  <\/span><\/strong><\/p>\n<p><strong>Die kontiki tropical Superior Zimmer<\/strong><\/p>\n<p>Um Ihre nicht erstattungsf\u00e4hige Reservierung zu best\u00e4tigen, ist der volle Betrag zum Zeitpunkt der Buchung erforderlich.<\/p>\n<p>Diese Reservierung ist nicht erstattungsf\u00e4hig. Das bedeutet, dass die Reservierung nach der Best\u00e4tigung weder ge\u00e4ndert noch storniert werden kann. Im Falle einer Stornierung oder Nichterscheinen erfolgt keine R\u00fcckerstattung.  <\/p>\n<p>Wir empfehlen Ihnen dringend, eine Reise- und Stornierungsversicherung abzuschlie\u00dfen.<\/p>\n<p>&nbsp;<\/p>\n<h2>THE KONTIKI LUXURY SUITES<\/h2>\n<p>Strandfront-Suite, Meerblick-Suite, Penthouse-Suite, The Kontiki Suite:<\/p>\n<p>Zur Best\u00e4tigung Ihrer Reservierung ist eine Anzahlung von mindestens 50% des Gesamtbetrags erforderlich. Der verbleibende Restbetrag muss sp\u00e4testens 14 Tage vor Anreise vollst\u00e4ndig beglichen werden. <\/p>\n<p>Bitte beachten Sie, dass die Reservierung automatisch storniert wird, wenn die vollst\u00e4ndige Zahlung bis zu diesem Termin nicht eingegangen ist. Bereits gezahlte Betr\u00e4ge werden nicht erstattet. <\/p>\n<p>Die Reservierung kann bis zu 14 Tage vor Anreise kostenlos storniert werden. Bei Stornierungen innerhalb von 14 Tagen vor Anreise oder bei Nichterscheinen erfolgt keine R\u00fcckerstattung. <\/p>\n<p>Wir empfehlen Ihnen dringend, eine Reise- und Stornierungsversicherung abzuschlie\u00dfen.<\/p>\n<p><strong><span style=\"text-decoration: underline;\">Hochsaison:<\/span><\/strong><\/p>\n<p>Zur Best\u00e4tigung Ihrer Reservierung ist eine Anzahlung von mindestens 50% des Gesamtbetrags erforderlich. Der verbleibende Restbetrag muss sp\u00e4testens 28 Tage vor Anreise vollst\u00e4ndig beglichen werden. <\/p>\n<p>Bitte beachten Sie, dass die Reservierung automatisch storniert wird, wenn die vollst\u00e4ndige Zahlung bis zu diesem Termin nicht eingegangen ist. Bereits gezahlte Betr\u00e4ge werden nicht erstattet. <\/p>\n<p>Die Reservierung kann bis zu 28 Tage vor Anreise kostenlos storniert werden. Bei Stornierungen innerhalb von 28 Tagen vor Anreise oder bei Nichterscheinen erfolgt keine R\u00fcckerstattung. <\/p>\n<p>Wir empfehlen Ihnen dringend, eine Reise- und Stornierungsversicherung abzuschlie\u00dfen.<\/p>\n<p><strong><span style=\"text-decoration: underline;\">Nicht erstattungsf\u00e4hig:  <\/span><\/strong><\/p>\n<p><strong>The Kontiki luxury suites<\/strong><\/p>\n<p>Um Ihre nicht erstattungsf\u00e4hige Reservierung zu best\u00e4tigen, ist der volle Betrag zum Zeitpunkt der Buchung erforderlich.<\/p>\n<p>Diese Reservierung ist nicht erstattungsf\u00e4hig. Das bedeutet, dass die Reservierung nach der Best\u00e4tigung weder ge\u00e4ndert noch storniert werden kann. Im Falle einer Stornierung oder Nichterscheinen erfolgt keine R\u00fcckerstattung.  <\/p>\n<p>Wir empfehlen Ihnen dringend, eine Reise- und Stornierungsversicherung abzuschlie\u00dfen.<\/p>\n<p>&nbsp;<\/p>\n<p class=\"s9\"><strong><span class=\"s8\">Kontaktieren Sie uns<\/span><\/strong><\/p>\n<p class=\"s6\"><span class=\"s5\">Falls Sie Fragen, Bedenken oder Anliegen bez\u00fcglich Ihrer personenbezogenen Daten oder dieser Stornierungsrichtlinie haben, kontaktieren Sie uns bitte unter:<\/span><\/p>\n<p class=\"s17\"><strong><span class=\"s18\">Das Kontiki<\/span><\/strong><br \/>\n<span class=\"s5\">Bapor<\/span> <span class=\"s5\">Kibra<\/span><span class=\"s5\"> z\/n<br \/>\n<\/span><span class=\"s5\"> 1000 Willemstad,<\/span><span class=\"s5\">Curacao<br \/>\n<\/span><span class=\"s5\">E-Mail: reservations<\/span><span class=\"s5\">@thekontiki.com<\/span><span class=\"s5\"><br \/>\n<\/span><span class=\"s5\">Telefon: <\/span><span class=\"s5\">+599 9 565 1600<\/span><\/p>\n         <\/div>\n                   \n      \n   <\/div>\n<\/section>","protected":false},"excerpt":{"rendered":"","protected":false},"author":16,"featured_media":6672,"parent":0,"menu_order":0,"comment_status":"closed","ping_status":"closed","template":"","meta":{"_acf_changed":false,"footnotes":""},"class_list":["post-7214","page","type-page","status-publish","has-post-thumbnail","hentry"],"acf":[],"yoast_head":"<!-- This site is optimized with the Yoast SEO plugin v27.4 - https:\/\/yoast.com\/product\/yoast-seo-wordpress\/ -->\n<title>Stornierungsrichtlinie - The Kontiki<\/title>\n<meta name=\"robots\" content=\"index, follow, max-snippet:-1, max-image-preview:large, max-video-preview:-1\" \/>\n<link rel=\"canonical\" href=\"https:\/\/thekontiki.com\/de\/stornierungsrichtlinie\/\" \/>\n<meta property=\"og:locale\" content=\"de_DE\" \/>\n<meta property=\"og:type\" content=\"article\" \/>\n<meta property=\"og:title\" content=\"Stornierungsrichtlinie - The Kontiki\" \/>\n<meta property=\"og:url\" content=\"https:\/\/thekontiki.com\/de\/stornierungsrichtlinie\/\" \/>\n<meta property=\"og:site_name\" content=\"Kontiki\" \/>\n<meta property=\"article:modified_time\" content=\"2025-06-26T14:30:36+00:00\" \/>\n<meta property=\"og:image\" content=\"https:\/\/thekontiki.com\/wp-content\/uploads\/2025\/05\/ALAIAFONK_KontikiSept20-68.jpg\" \/>\n\t<meta property=\"og:image:width\" content=\"1536\" \/>\n\t<meta property=\"og:image:height\" content=\"1920\" \/>\n\t<meta property=\"og:image:type\" content=\"image\/jpeg\" \/>\n<meta name=\"twitter:card\" content=\"summary_large_image\" \/>\n<script type=\"application\/ld+json\" class=\"yoast-schema-graph\">{\"@context\":\"https:\\\/\\\/schema.org\",\"@graph\":[{\"@type\":\"WebPage\",\"@id\":\"https:\\\/\\\/thekontiki.com\\\/de\\\/stornierungsrichtlinie\\\/\",\"url\":\"https:\\\/\\\/thekontiki.com\\\/de\\\/stornierungsrichtlinie\\\/\",\"name\":\"Stornierungsrichtlinie - The Kontiki\",\"isPartOf\":{\"@id\":\"https:\\\/\\\/thekontiki.com\\\/de\\\/#website\"},\"primaryImageOfPage\":{\"@id\":\"https:\\\/\\\/thekontiki.com\\\/de\\\/stornierungsrichtlinie\\\/#primaryimage\"},\"image\":{\"@id\":\"https:\\\/\\\/thekontiki.com\\\/de\\\/stornierungsrichtlinie\\\/#primaryimage\"},\"thumbnailUrl\":\"https:\\\/\\\/thekontiki.com\\\/wp-content\\\/uploads\\\/2025\\\/05\\\/ALAIAFONK_KontikiSept20-68.jpg\",\"datePublished\":\"2025-05-19T10:01:13+00:00\",\"dateModified\":\"2025-06-26T14:30:36+00:00\",\"breadcrumb\":{\"@id\":\"https:\\\/\\\/thekontiki.com\\\/de\\\/stornierungsrichtlinie\\\/#breadcrumb\"},\"inLanguage\":\"de\",\"potentialAction\":[{\"@type\":\"ReadAction\",\"target\":[\"https:\\\/\\\/thekontiki.com\\\/de\\\/stornierungsrichtlinie\\\/\"]}]},{\"@type\":\"ImageObject\",\"inLanguage\":\"de\",\"@id\":\"https:\\\/\\\/thekontiki.com\\\/de\\\/stornierungsrichtlinie\\\/#primaryimage\",\"url\":\"https:\\\/\\\/thekontiki.com\\\/wp-content\\\/uploads\\\/2025\\\/05\\\/ALAIAFONK_KontikiSept20-68.jpg\",\"contentUrl\":\"https:\\\/\\\/thekontiki.com\\\/wp-content\\\/uploads\\\/2025\\\/05\\\/ALAIAFONK_KontikiSept20-68.jpg\",\"width\":1536,\"height\":1920},{\"@type\":\"BreadcrumbList\",\"@id\":\"https:\\\/\\\/thekontiki.com\\\/de\\\/stornierungsrichtlinie\\\/#breadcrumb\",\"itemListElement\":[{\"@type\":\"ListItem\",\"position\":1,\"name\":\"Startseite\",\"item\":\"https:\\\/\\\/thekontiki.com\\\/de\\\/startseite-kontiki-beach-resort-curacao\\\/\"},{\"@type\":\"ListItem\",\"position\":2,\"name\":\"Stornierungsrichtlinie\"}]},{\"@type\":\"WebSite\",\"@id\":\"https:\\\/\\\/thekontiki.com\\\/de\\\/#website\",\"url\":\"https:\\\/\\\/thekontiki.com\\\/de\\\/\",\"name\":\"Kontiki Beach Resort Curacao\",\"description\":\"Kontiki Beach Resort Cura\u00e7ao\",\"alternateName\":\"van der Valk Curacao\",\"potentialAction\":[{\"@type\":\"SearchAction\",\"target\":{\"@type\":\"EntryPoint\",\"urlTemplate\":\"https:\\\/\\\/thekontiki.com\\\/de\\\/?s={search_term_string}\"},\"query-input\":{\"@type\":\"PropertyValueSpecification\",\"valueRequired\":true,\"valueName\":\"search_term_string\"}}],\"inLanguage\":\"de\"}]}<\/script>\n<!-- \/ Yoast SEO plugin. -->","yoast_head_json":{"title":"Stornierungsrichtlinie - The Kontiki","robots":{"index":"index","follow":"follow","max-snippet":"max-snippet:-1","max-image-preview":"max-image-preview:large","max-video-preview":"max-video-preview:-1"},"canonical":"https:\/\/thekontiki.com\/de\/stornierungsrichtlinie\/","og_locale":"de_DE","og_type":"article","og_title":"Stornierungsrichtlinie - The Kontiki","og_url":"https:\/\/thekontiki.com\/de\/stornierungsrichtlinie\/","og_site_name":"Kontiki","article_modified_time":"2025-06-26T14:30:36+00:00","og_image":[{"width":1536,"height":1920,"url":"https:\/\/thekontiki.com\/wp-content\/uploads\/2025\/05\/ALAIAFONK_KontikiSept20-68.jpg","type":"image\/jpeg"}],"twitter_card":"summary_large_image","schema":{"@context":"https:\/\/schema.org","@graph":[{"@type":"WebPage","@id":"https:\/\/thekontiki.com\/de\/stornierungsrichtlinie\/","url":"https:\/\/thekontiki.com\/de\/stornierungsrichtlinie\/","name":"Stornierungsrichtlinie - The Kontiki","isPartOf":{"@id":"https:\/\/thekontiki.com\/de\/#website"},"primaryImageOfPage":{"@id":"https:\/\/thekontiki.com\/de\/stornierungsrichtlinie\/#primaryimage"},"image":{"@id":"https:\/\/thekontiki.com\/de\/stornierungsrichtlinie\/#primaryimage"},"thumbnailUrl":"https:\/\/thekontiki.com\/wp-content\/uploads\/2025\/05\/ALAIAFONK_KontikiSept20-68.jpg","datePublished":"2025-05-19T10:01:13+00:00","dateModified":"2025-06-26T14:30:36+00:00","breadcrumb":{"@id":"https:\/\/thekontiki.com\/de\/stornierungsrichtlinie\/#breadcrumb"},"inLanguage":"de","potentialAction":[{"@type":"ReadAction","target":["https:\/\/thekontiki.com\/de\/stornierungsrichtlinie\/"]}]},{"@type":"ImageObject","inLanguage":"de","@id":"https:\/\/thekontiki.com\/de\/stornierungsrichtlinie\/#primaryimage","url":"https:\/\/thekontiki.com\/wp-content\/uploads\/2025\/05\/ALAIAFONK_KontikiSept20-68.jpg","contentUrl":"https:\/\/thekontiki.com\/wp-content\/uploads\/2025\/05\/ALAIAFONK_KontikiSept20-68.jpg","width":1536,"height":1920},{"@type":"BreadcrumbList","@id":"https:\/\/thekontiki.com\/de\/stornierungsrichtlinie\/#breadcrumb","itemListElement":[{"@type":"ListItem","position":1,"name":"Startseite","item":"https:\/\/thekontiki.com\/de\/startseite-kontiki-beach-resort-curacao\/"},{"@type":"ListItem","position":2,"name":"Stornierungsrichtlinie"}]},{"@type":"WebSite","@id":"https:\/\/thekontiki.com\/de\/#website","url":"https:\/\/thekontiki.com\/de\/","name":"Kontiki Beach Resort Curacao","description":"Kontiki Beach Resort Cura\u00e7ao","alternateName":"van der Valk Curacao","potentialAction":[{"@type":"SearchAction","target":{"@type":"EntryPoint","urlTemplate":"https:\/\/thekontiki.com\/de\/?s={search_term_string}"},"query-input":{"@type":"PropertyValueSpecification","valueRequired":true,"valueName":"search_term_string"}}],"inLanguage":"de"}]}},"_links":{"self":[{"href":"https:\/\/thekontiki.com\/de\/wp-json\/wp\/v2\/pages\/7214","targetHints":{"allow":["GET"]}}],"collection":[{"href":"https:\/\/thekontiki.com\/de\/wp-json\/wp\/v2\/pages"}],"about":[{"href":"https:\/\/thekontiki.com\/de\/wp-json\/wp\/v2\/types\/page"}],"author":[{"embeddable":true,"href":"https:\/\/thekontiki.com\/de\/wp-json\/wp\/v2\/users\/16"}],"replies":[{"embeddable":true,"href":"https:\/\/thekontiki.com\/de\/wp-json\/wp\/v2\/comments?post=7214"}],"version-history":[{"count":0,"href":"https:\/\/thekontiki.com\/de\/wp-json\/wp\/v2\/pages\/7214\/revisions"}],"wp:featuredmedia":[{"embeddable":true,"href":"https:\/\/thekontiki.com\/de\/wp-json\/wp\/v2\/media\/6672"}],"wp:attachment":[{"href":"https:\/\/thekontiki.com\/de\/wp-json\/wp\/v2\/media?parent=7214"}],"curies":[{"name":"wp","href":"https:\/\/api.w.org\/{rel}","templated":true}]}}