{"id":7174,"date":"2025-04-09T08:44:08","date_gmt":"2025-04-09T08:44:08","guid":{"rendered":"https:\/\/the-kontiki.com\/karriere\/"},"modified":"2025-07-31T19:16:38","modified_gmt":"2025-07-31T19:16:38","slug":"karriere","status":"publish","type":"page","link":"https:\/\/thekontiki.com\/de\/karriere\/","title":{"rendered":"Karriere"},"content":{"rendered":"\n<section class=\"cover w-full h-[calc(100svh-58px)] relative overflow-hidden\">\n   <div class=\"absolute inset-0 flex items-center z-20 text-white\">\n      <div class=\"container grid gap-5\">\n\n         \n                     \n            <h1 class=\"text-h3 md:text-h2 lg:text-h1 max-w-[1050px]\">Karriere<\/h1>\n            \n         \n      <\/div>\n   <\/div>\n   \n   <div class=\"overlay absolute inset-0 z-10 bg-black\/15\"><\/div>\n\n\n         <video src=\"https:\/\/thekontiki.com\/wp-content\/uploads\/denver-cocktail.mp4\" autoplay muted loop playsinline class=\"absolute inset-0 -z-10 object-cover w-full h-full\"><\/video>\n   \n   <svg class=\"absolute bottom-10 left-1\/2 -translate-x-1\/2\" width=\"24\" height=\"37\" viewBox=\"0 0 24 37\" fill=\"none\" xmlns=\"http:\/\/www.w3.org\/2000\/svg\">\n      <rect x=\"0.5\" y=\"0.5\" width=\"23\" height=\"36\" rx=\"11.5\" stroke=\"white\"\/>\n      <circle cx=\"12\" cy=\"12\" r=\"3\" fill=\"white\"\/>\n   <\/svg>\n\n\n<\/section>\n\n\n   <div class=\"my-8 relative\">\n\t  <div class=\"w-full text-xs font-heading uppercase tracking-widest font-semibold breadcrumbs\">\n   <div class=\"flex items-center justify-center lg:justify-start gap-2 container\">\n      <a href=\"https:\/\/thekontiki.com\/de\/\" class=\"\">Home<\/a>\n      <svg width=\"2\" height=\"4\" viewBox=\"0 0 2 4\" fill=\"none\" xmlns=\"http:\/\/www.w3.org\/2000\/svg\">\n         <path d=\"M0.380567 0L0 0.47L1.23617 2L0 3.53L0.380567 4L2 2L0.380567 0Z\" fill=\"currentColor\"\/>\n      <\/svg>\n      <span class=\"\">Karriere<\/span>\n   <\/div>\n<\/div>\n\n   <\/div>\n\n<section class=\"text-images  relative \n         my-20 lg:my-30\n      \"\n      >\n   <div class=\"lg:container lg:grid lg:grid-cols-12 lg:gap-4\">\n               <div class=\"lg:col-span-10 lg:col-start-2 text-center  mx-6 lg:mx-0\">\n            <h2 class=\"text-base lg:text-h3 \">Arbeiten Sie dort, wo Lifestyle auf Gastfreundschaft, Leichtigkeit, Lebendigkeit und Exzellenz trifft<\/h2>\n         <\/div>\n            <div class=\"lg:col-span-8 mb-16 lg:mb-0 \">\n               <\/div>\n      <div class=\"lg:col-span-3 mx-6 lg:mx-0  lg:col-start-10 \">\n         <div class=\"sticky top-40 grid gap-8\">\n                                    \n         <\/div>\n      <\/div>\n   <\/div>\n<\/section>\n\n\n<section class=\"my-20 lg:my-30 text-media-block \" id=\"\">\n   <div class=\"container grid lg:grid-cols-12\">\n      <div class=\"grid lg:grid-cols-10 gap-8 lg:gap-4 lg:col-span-10 lg:col-start-2 relative\">\n         \n         <div class=\"lg:col-span-4 order-2 lg:order-1 \">\n            <div class=\"lg:sticky lg:top-32\">\n                                             <div class=\"prose  text-black\/90\">\n                     <p class=\"s9\"><span class=\"s6\">Im <\/span><span class=\"s7\">The Kontiki<\/span><span class=\"s6\"> sind wir der \u00dcberzeugung, dass Luxus nicht nur eine Dienstleistung ist \u2013 es ist ein Gef\u00fchl, eine Erfahrung und vor allem eine <\/span><span class=\"s8\">Teamleistung<\/span><span class=\"s6\">. Als Lifestyle-Resort streben wir danach, mehr als nur au\u00dfergew\u00f6hnliche Aufenthalte zu bieten \u2013 wir kreieren unvergessliche Momente. Und das beginnt mit unseren Mitarbeitern. <\/span><\/p>\n<p class=\"s9\"><span class=\"s6\">Schlie\u00dfen Sie sich uns an und werden Sie Teil eines lebendigen, leidenschaftlichen Teams, das definiert, wie zeitgen\u00f6ssische Gastfreundschaft aussieht und sich anf\u00fchlt.<\/span><\/p>\n                  <\/div>\n                                  <div class=\"flex flex-wrap  gap-2 lg:gap-6 justify-left mt-8 lg:mt-16\">\n        \n        \n            \n<a href=\"http:\/\/jobs@thekontiki.com\/de\/\" class=\" secondary button relative group flex p-0 overflow-hidden hover:scale-[98%] transition-transform duration-500\" target=\"\" target=\"_blank\" rel=\"noopener noreferrer nofollow\">\n    <span class=\"px-6 py-3 w-full h-full flex-center block relative group-hover:-translate-y-full transition-transform duration-500 rotate-0 group-hover:-rotate-5\">Senden Sie uns Ihre Bewerbung per E-Mail<\/span>\n    <span class=\"px-6 py-3 absolute inset-0 w-full h-full flex-center top-full group-hover:-translate-y-full transition-transform duration-500 rotate-5 group-hover:rotate-0\">Senden Sie uns Ihre Bewerbung per E-Mail<\/span>\n<\/a>\n            <\/div>\n\n            <\/div>\n         <\/div>\n         <div class=\"lg:col-span-5 lg:col-start-6 lg:order-2 order-1\">\n            <img loading=\"lazy\" decoding=\"async\" width=\"1439\" height=\"1920\" src=\"https:\/\/thekontiki.com\/wp-content\/uploads\/2025\/05\/ALAIAFONK_MoodBeachSept20_DRONE-4.jpg\" class=\"\" alt=\"\" srcset=\"https:\/\/thekontiki.com\/wp-content\/uploads\/2025\/05\/ALAIAFONK_MoodBeachSept20_DRONE-4.jpg 1439w, https:\/\/thekontiki.com\/wp-content\/uploads\/2025\/05\/ALAIAFONK_MoodBeachSept20_DRONE-4-540x720.jpg 540w, https:\/\/thekontiki.com\/wp-content\/uploads\/2025\/05\/ALAIAFONK_MoodBeachSept20_DRONE-4-809x1080.jpg 809w, https:\/\/thekontiki.com\/wp-content\/uploads\/2025\/05\/ALAIAFONK_MoodBeachSept20_DRONE-4-768x1025.jpg 768w, https:\/\/thekontiki.com\/wp-content\/uploads\/2025\/05\/ALAIAFONK_MoodBeachSept20_DRONE-4-1151x1536.jpg 1151w\" sizes=\"auto, (max-width: 1439px) 100vw, 1439px\" \/>                                 <\/div>\n\n      <\/div>\n   <\/div>\n<\/section>\n\n<section class=\"text-images  relative \n   bg-green-light      py-20 lg:py-30       \"\n      >\n   <div class=\"lg:container lg:grid lg:grid-cols-12 lg:gap-4\">\n            <div class=\"lg:col-span-8 mb-16 lg:mb-0 \">\n         \n\n            \n            <div class=\"swiper-images overflow-hidden px-6 lg:px-0\" >\n               <div class=\"swiper-wrapper lg:!grid lg:grid-cols-2 lg:gap-4\">\n\n                     \n                                                                                                                        <div class=\"lg:col-span-2 lg:aspect-[922\/970] aspect-[328\/224] swiper-slide\">\n                                                         <img loading=\"lazy\" decoding=\"async\" width=\"1441\" height=\"1080\" src=\"https:\/\/thekontiki.com\/wp-content\/uploads\/2025\/05\/ALAIAFONK_MoodBeachSept20_DRONE-9-1441x1080.jpg\" class=\"w-full h-full object-cover\" alt=\"\" srcset=\"https:\/\/thekontiki.com\/wp-content\/uploads\/2025\/05\/ALAIAFONK_MoodBeachSept20_DRONE-9-1441x1080.jpg 1441w, https:\/\/thekontiki.com\/wp-content\/uploads\/2025\/05\/ALAIAFONK_MoodBeachSept20_DRONE-9-961x720.jpg 961w, https:\/\/thekontiki.com\/wp-content\/uploads\/2025\/05\/ALAIAFONK_MoodBeachSept20_DRONE-9-768x576.jpg 768w, https:\/\/thekontiki.com\/wp-content\/uploads\/2025\/05\/ALAIAFONK_MoodBeachSept20_DRONE-9-1536x1151.jpg 1536w, https:\/\/thekontiki.com\/wp-content\/uploads\/2025\/05\/ALAIAFONK_MoodBeachSept20_DRONE-9.jpg 1920w\" sizes=\"auto, (max-width: 1441px) 100vw, 1441px\" \/>                                                   <\/div>\n                     \n               <\/div>\n            <\/div>\n\n            \n               <\/div>\n      <div class=\"lg:col-span-3 mx-6 lg:mx-0  lg:col-start-10 \">\n         <div class=\"sticky top-40 grid gap-8\">\n                           <h2 class=\"text-h6 lg:text-h4 font-bold\">Warum Sie mit uns arbeiten sollten<\/h2>\n                                       <div class=\"prose\"><div class=\"s13\"><span class=\"s7\"><strong>Inspirierende Umgebung<\/strong><br \/>\n<\/span><span class=\"s6\"><span class=\"s6\">Arbeiten Sie in einer atemberaubenden Resortumgebung, die sowohl f\u00fcr G\u00e4ste als auch f\u00fcr Teammitglieder konzipiert wurde, um zu gedeihen.<\/span><\/span><\/div>\n<div><\/div>\n<div class=\"s13\"><strong><span class=\"s7\">Lifestyle-Kultur<\/span><\/strong><span class=\"s6\"><span class=\"s6\"><br \/>\nWir sind nicht nur ein Hotel \u2013 wir sind eine Bewegung. Wir zelebrieren Individualit\u00e4t, Kreativit\u00e4t und Leidenschaft. <\/span><\/span><\/div>\n<div><\/div>\n<div class=\"s13\"><span class=\"s7\"><strong>Wohlbefinden an erster Stelle<\/strong><br \/>\n<\/span><span class=\"s6\">Wir k\u00fcmmern uns um unser Team, wie wir uns um unsere G\u00e4ste k\u00fcmmern \u2013 mit Respekt, <\/span><span class=\"s6\">W<\/span><span class=\"s6\"><span class=\"s6\">ohlbefinden und Balance.<\/span><\/span><\/div>\n<div><\/div>\n<div class=\"s13\"><span class=\"s7\"><strong>Wachstum &amp; Lernen<\/strong><br \/>\n<\/span><span class=\"s6\">Ob Sie gerade erst anfangen oder Ihre Karriere vorantreiben m\u00f6chten, wir bieten Schulungen, Mentoring und M\u00f6glichkeiten zur Weiterentwicklung.<\/span><\/div>\n<div><\/div>\n<div class=\"s13\"><strong><span class=\"s7\">Teamgeist<\/span><\/strong><span class=\"s6\"><br \/>\nWir arbeiten zusammen, gewinnen zusammen und feiern zusammen. Immer. <\/span><\/div>\n<div><\/div>\n<div><strong>Im \u201eThe Kontiki\u201c &#8230;&#8230; LEBEN WIR DIE KONTIKI-KULTUR!<\/strong><\/div>\n<\/div>\n                        \n         <\/div>\n      <\/div>\n   <\/div>\n<\/section>\n\n\n<section class=\"text-images  relative \n   bg-turquoise      py-20 lg:py-30 text-white      \"\n   style=\"background: url(https:\/\/thekontiki.com\/wp-content\/themes\/kontiki\/assets\/img\/bg_texture.jpg) no-repeat center center \/ cover;\"   >\n   <div class=\"lg:container lg:grid lg:grid-cols-12 lg:gap-4\">\n               <div class=\"lg:col-span-10 lg:col-start-2 text-center mb-20 lg:mb-30 mx-6 lg:mx-0\">\n            <h2 class=\"text-base lg:text-h3 \">Aktuelle Stellenangebote<\/h2>\n         <\/div>\n            <div class=\"lg:col-span-8 mb-16 lg:mb-0  lg:col-start-5 lg:order-2 \">\n         \n\n            \n            <div class=\"swiper-images overflow-hidden px-6 lg:px-0\" >\n               <div class=\"swiper-wrapper lg:!grid lg:grid-cols-2 lg:gap-4\">\n\n                     \n                                                                                                                        <div class=\"lg:col-span-2 lg:aspect-[922\/970] aspect-[328\/224] swiper-slide\">\n                                                         <video src=\"https:\/\/thekontiki.com\/wp-content\/uploads\/room-curtain-in-wind-room-curtain-in-wind-room-curtain-in-wind.mp4\" autoplay muted loop playsinline class=\"w-full h-full object-cover\"><\/video>\n                                                   <\/div>\n                                                                                                                        <div class=\"lg:aspect-[450\/640] aspect-[328\/224] swiper-slide\">\n                                                         <img loading=\"lazy\" decoding=\"async\" width=\"1620\" height=\"1080\" src=\"https:\/\/thekontiki.com\/wp-content\/uploads\/2025\/05\/Kontiki-LaurevanHijfte-0017-1620x1080.webp\" class=\"w-full h-full object-cover\" alt=\"\" srcset=\"https:\/\/thekontiki.com\/wp-content\/uploads\/2025\/05\/Kontiki-LaurevanHijfte-0017-1620x1080.webp 1620w, https:\/\/thekontiki.com\/wp-content\/uploads\/2025\/05\/Kontiki-LaurevanHijfte-0017-1080x720.webp 1080w, https:\/\/thekontiki.com\/wp-content\/uploads\/2025\/05\/Kontiki-LaurevanHijfte-0017-768x512.webp 768w, https:\/\/thekontiki.com\/wp-content\/uploads\/2025\/05\/Kontiki-LaurevanHijfte-0017-1536x1024.webp 1536w, https:\/\/thekontiki.com\/wp-content\/uploads\/2025\/05\/Kontiki-LaurevanHijfte-0017.webp 1920w\" sizes=\"auto, (max-width: 1620px) 100vw, 1620px\" \/>                                                   <\/div>\n                                                                                                                        <div class=\"lg:aspect-[450\/640] aspect-[328\/224] swiper-slide\">\n                                                         <img loading=\"lazy\" decoding=\"async\" width=\"720\" height=\"1080\" src=\"https:\/\/thekontiki.com\/wp-content\/uploads\/2025\/05\/DSC09973-2-1-720x1080.webp\" class=\"w-full h-full object-cover\" alt=\"\" srcset=\"https:\/\/thekontiki.com\/wp-content\/uploads\/2025\/05\/DSC09973-2-1-720x1080.webp 720w, https:\/\/thekontiki.com\/wp-content\/uploads\/2025\/05\/DSC09973-2-1-480x720.webp 480w, https:\/\/thekontiki.com\/wp-content\/uploads\/2025\/05\/DSC09973-2-1-768x1152.webp 768w, https:\/\/thekontiki.com\/wp-content\/uploads\/2025\/05\/DSC09973-2-1-1024x1536.webp 1024w, https:\/\/thekontiki.com\/wp-content\/uploads\/2025\/05\/DSC09973-2-1.webp 1080w\" sizes=\"auto, (max-width: 720px) 100vw, 720px\" \/>                                                   <\/div>\n                     \n               <\/div>\n            <\/div>\n\n            \n               <\/div>\n      <div class=\"lg:col-span-3 mx-6 lg:mx-0  lg:order-1 \">\n         <div class=\"sticky top-40 grid gap-8\">\n                                       <div class=\"prose\"><p class=\"s9\"><span class=\"s6\">Wir sind stets auf der Suche nach dynamischen und motivierten Personen. Hier sind einige unserer aktuellen M\u00f6glichkeiten: <\/span><\/p>\n<p class=\"s5\"><strong><span class=\"s4\">Front Office &amp; G\u00e4steerlebnis<br \/>\n<\/span><\/strong><span class=\"s6\">\u2013 G\u00e4stebetreuer<br \/>\n<\/span><span class=\"s6\">\u2013 Front Office \/ Desk Agent<br \/>\n<\/span><span class=\"s6\">\u2013 G\u00e4steservice<\/span><\/p>\n<p class=\"s5\"><strong><span class=\"s4\">Speisen &amp; Getr\u00e4nke<br \/>\n<\/span><\/strong><span class=\"s6\">\u2013 Beach Club Manager \/ Supervisor<br \/>\n<\/span><span class=\"s6\">\u2013 Barkeeper &amp; Mixologe<br \/>\n<\/span><span class=\"s6\">\u2013 Kellner<br \/>\n<\/span><span class=\"s6\">\u2013 Koch<\/span><\/p>\n<p class=\"s5\"><strong><span class=\"s4\">Housekeeping &amp; Instandhaltung<br \/>\n<\/span><\/strong><span class=\"s6\">\u2013 Zimmerm\u00e4dchen<br \/>\n<\/span><span class=\"s6\">\u2013 Housekeeping Supervisor<br \/>\n<\/span><span class=\"s6\">\u2013 Wartungstechniker<br \/>\n\u2013 G\u00e4rtner<\/span><\/p>\n<p class=\"s5\"><strong><span class=\"s4\">Management &amp; Administration<br \/>\n<\/span><\/strong><span class=\"s6\">\u2013 Sales Executive (Hotel)<\/span><span class=\"s6\"><br \/>\n<\/span><span class=\"s6\">\u2013 Management Trainee<br \/>\n\u2013 Verk\u00e4ufer im Shop<\/span><\/p>\n<\/div>\n                        \n         <\/div>\n      <\/div>\n   <\/div>\n<\/section>\n\n<section class=\"text-block my-20\">\n   <div class=\"container flex-col lg:flex-row flex gap-10\">\n      \n               <div class=\"prose flex-1\">\n            <p class=\"s11\"><strong><span class=\"s10\">Wie kann ich Mitglied des Teams werden<\/span><span class=\"s10\">?<\/span><\/strong><\/p>\n<div class=\"s13\"><span class=\"s7\">Senden Sie Ihren Lebenslauf und Ihre Motivation an: <a href=\"mailto:jobs@thekontiki.com\">jobs@thekontiki.com<\/a><\/span><span class=\"s6\"> und <\/span><span class=\"s6\">wir werden uns bei Ihnen melden, sobald wir Neuigkeiten f\u00fcr Sie haben<\/span><span class=\"s6\">.<\/span><\/div>\n<div><\/div>\n<div><\/div>\n         <\/div>\n                     <div class=\"prose flex-1\">\n            <p class=\"s11\"><strong><span class=\"s10\">Leben im The Kontiki<\/span><\/strong><\/p>\n<p class=\"s15\"><span class=\"s6\">\u201e<em>Im The Kontiki habe ich mehr als nur einen Job gefunden \u2013 ich habe eine Familie gefunden, die meine Ideen wertsch\u00e4tzt, meine Ziele unterst\u00fctzt und mich jeden Tag inspiriert<\/em>.\u201c<\/span><span class=\"s6\">\u2014 <\/span><span class=\"s8\">NN, The Kontiki <\/span> <\/p>\n<p class=\"s9\"><span class=\"s6\">Wir setzen uns f\u00fcr Diversit\u00e4t, Inklusivit\u00e4t und die Schaffung eines Arbeitsumfelds ein, in dem sich jeder wertgesch\u00e4tzt und erm\u00e4chtigt f\u00fchlt. Ob am Strand oder hinter dem Schreibtisch, jede Rolle im The Kontiki tr\u00e4gt zu der Magie bei, die wir erschaffen. <\/span><\/p>\n         <\/div>\n             \n      \n   <\/div>\n<\/section>","protected":false},"excerpt":{"rendered":"","protected":false},"author":1,"featured_media":0,"parent":0,"menu_order":0,"comment_status":"closed","ping_status":"closed","template":"","meta":{"_acf_changed":false,"footnotes":""},"class_list":["post-7174","page","type-page","status-publish","hentry"],"acf":[],"yoast_head":"<!-- This site is optimized with the Yoast SEO plugin v27.4 - https:\/\/yoast.com\/product\/yoast-seo-wordpress\/ -->\n<title>Karriere - The Kontiki<\/title>\n<meta name=\"description\" content=\"Karrierechancen im The Kontiki Cura\u00e7ao: arbeiten in paradiesischer Umgebung mit engagiertem Team.\" \/>\n<meta name=\"robots\" content=\"index, follow, max-snippet:-1, max-image-preview:large, max-video-preview:-1\" \/>\n<link rel=\"canonical\" href=\"https:\/\/thekontiki.com\/de\/karriere\/\" \/>\n<meta property=\"og:locale\" content=\"de_DE\" \/>\n<meta property=\"og:type\" content=\"article\" \/>\n<meta property=\"og:title\" content=\"Karriere - The Kontiki\" \/>\n<meta property=\"og:description\" content=\"Karrierechancen im The Kontiki Cura\u00e7ao: arbeiten in paradiesischer Umgebung mit engagiertem Team.\" \/>\n<meta property=\"og:url\" content=\"https:\/\/thekontiki.com\/de\/karriere\/\" \/>\n<meta property=\"og:site_name\" content=\"Kontiki\" \/>\n<meta property=\"article:modified_time\" content=\"2025-07-31T19:16:38+00:00\" \/>\n<meta property=\"og:image\" content=\"https:\/\/thekontiki.com\/wp-content\/uploads\/Kontiki-Beach-Resort-Curacao-SiteImage.jpg\" \/>\n\t<meta property=\"og:image:width\" content=\"1200\" \/>\n\t<meta property=\"og:image:height\" content=\"675\" \/>\n\t<meta property=\"og:image:type\" content=\"image\/jpeg\" \/>\n<meta name=\"twitter:card\" content=\"summary_large_image\" \/>\n<meta name=\"twitter:label1\" content=\"Est. reading time\" \/>\n\t<meta name=\"twitter:data1\" content=\"3\u00a0Minuten\" \/>\n<script type=\"application\/ld+json\" class=\"yoast-schema-graph\">{\"@context\":\"https:\\\/\\\/schema.org\",\"@graph\":[{\"@type\":\"WebPage\",\"@id\":\"https:\\\/\\\/thekontiki.com\\\/de\\\/karriere\\\/\",\"url\":\"https:\\\/\\\/thekontiki.com\\\/de\\\/karriere\\\/\",\"name\":\"Karriere - The Kontiki\",\"isPartOf\":{\"@id\":\"https:\\\/\\\/thekontiki.com\\\/de\\\/#website\"},\"datePublished\":\"2025-04-09T08:44:08+00:00\",\"dateModified\":\"2025-07-31T19:16:38+00:00\",\"description\":\"Karrierechancen im The Kontiki Cura\u00e7ao: arbeiten in paradiesischer Umgebung mit engagiertem Team.\",\"breadcrumb\":{\"@id\":\"https:\\\/\\\/thekontiki.com\\\/de\\\/karriere\\\/#breadcrumb\"},\"inLanguage\":\"de\",\"potentialAction\":[{\"@type\":\"ReadAction\",\"target\":[\"https:\\\/\\\/thekontiki.com\\\/de\\\/karriere\\\/\"]}]},{\"@type\":\"BreadcrumbList\",\"@id\":\"https:\\\/\\\/thekontiki.com\\\/de\\\/karriere\\\/#breadcrumb\",\"itemListElement\":[{\"@type\":\"ListItem\",\"position\":1,\"name\":\"Startseite\",\"item\":\"https:\\\/\\\/thekontiki.com\\\/de\\\/startseite-kontiki-beach-resort-curacao\\\/\"},{\"@type\":\"ListItem\",\"position\":2,\"name\":\"Karriere\"}]},{\"@type\":\"WebSite\",\"@id\":\"https:\\\/\\\/thekontiki.com\\\/de\\\/#website\",\"url\":\"https:\\\/\\\/thekontiki.com\\\/de\\\/\",\"name\":\"Kontiki Beach Resort Curacao\",\"description\":\"Kontiki Beach Resort Cura\u00e7ao\",\"alternateName\":\"van der Valk Curacao\",\"potentialAction\":[{\"@type\":\"SearchAction\",\"target\":{\"@type\":\"EntryPoint\",\"urlTemplate\":\"https:\\\/\\\/thekontiki.com\\\/de\\\/?s={search_term_string}\"},\"query-input\":{\"@type\":\"PropertyValueSpecification\",\"valueRequired\":true,\"valueName\":\"search_term_string\"}}],\"inLanguage\":\"de\"}]}<\/script>\n<!-- \/ Yoast SEO plugin. -->","yoast_head_json":{"title":"Karriere - The Kontiki","description":"Karrierechancen im The Kontiki Cura\u00e7ao: arbeiten in paradiesischer Umgebung mit engagiertem Team.","robots":{"index":"index","follow":"follow","max-snippet":"max-snippet:-1","max-image-preview":"max-image-preview:large","max-video-preview":"max-video-preview:-1"},"canonical":"https:\/\/thekontiki.com\/de\/karriere\/","og_locale":"de_DE","og_type":"article","og_title":"Karriere - The Kontiki","og_description":"Karrierechancen im The Kontiki Cura\u00e7ao: arbeiten in paradiesischer Umgebung mit engagiertem Team.","og_url":"https:\/\/thekontiki.com\/de\/karriere\/","og_site_name":"Kontiki","article_modified_time":"2025-07-31T19:16:38+00:00","og_image":[{"width":1200,"height":675,"url":"https:\/\/thekontiki.com\/wp-content\/uploads\/Kontiki-Beach-Resort-Curacao-SiteImage.jpg","type":"image\/jpeg"}],"twitter_card":"summary_large_image","twitter_misc":{"Est. reading time":"3\u00a0Minuten"},"schema":{"@context":"https:\/\/schema.org","@graph":[{"@type":"WebPage","@id":"https:\/\/thekontiki.com\/de\/karriere\/","url":"https:\/\/thekontiki.com\/de\/karriere\/","name":"Karriere - The Kontiki","isPartOf":{"@id":"https:\/\/thekontiki.com\/de\/#website"},"datePublished":"2025-04-09T08:44:08+00:00","dateModified":"2025-07-31T19:16:38+00:00","description":"Karrierechancen im The Kontiki Cura\u00e7ao: arbeiten in paradiesischer Umgebung mit engagiertem Team.","breadcrumb":{"@id":"https:\/\/thekontiki.com\/de\/karriere\/#breadcrumb"},"inLanguage":"de","potentialAction":[{"@type":"ReadAction","target":["https:\/\/thekontiki.com\/de\/karriere\/"]}]},{"@type":"BreadcrumbList","@id":"https:\/\/thekontiki.com\/de\/karriere\/#breadcrumb","itemListElement":[{"@type":"ListItem","position":1,"name":"Startseite","item":"https:\/\/thekontiki.com\/de\/startseite-kontiki-beach-resort-curacao\/"},{"@type":"ListItem","position":2,"name":"Karriere"}]},{"@type":"WebSite","@id":"https:\/\/thekontiki.com\/de\/#website","url":"https:\/\/thekontiki.com\/de\/","name":"Kontiki Beach Resort Curacao","description":"Kontiki Beach Resort Cura\u00e7ao","alternateName":"van der Valk Curacao","potentialAction":[{"@type":"SearchAction","target":{"@type":"EntryPoint","urlTemplate":"https:\/\/thekontiki.com\/de\/?s={search_term_string}"},"query-input":{"@type":"PropertyValueSpecification","valueRequired":true,"valueName":"search_term_string"}}],"inLanguage":"de"}]}},"_links":{"self":[{"href":"https:\/\/thekontiki.com\/de\/wp-json\/wp\/v2\/pages\/7174","targetHints":{"allow":["GET"]}}],"collection":[{"href":"https:\/\/thekontiki.com\/de\/wp-json\/wp\/v2\/pages"}],"about":[{"href":"https:\/\/thekontiki.com\/de\/wp-json\/wp\/v2\/types\/page"}],"author":[{"embeddable":true,"href":"https:\/\/thekontiki.com\/de\/wp-json\/wp\/v2\/users\/1"}],"replies":[{"embeddable":true,"href":"https:\/\/thekontiki.com\/de\/wp-json\/wp\/v2\/comments?post=7174"}],"version-history":[{"count":0,"href":"https:\/\/thekontiki.com\/de\/wp-json\/wp\/v2\/pages\/7174\/revisions"}],"wp:attachment":[{"href":"https:\/\/thekontiki.com\/de\/wp-json\/wp\/v2\/media?parent=7174"}],"curies":[{"name":"wp","href":"https:\/\/api.w.org\/{rel}","templated":true}]}}