{"id":7004,"date":"2025-03-07T19:48:21","date_gmt":"2025-03-07T19:48:21","guid":{"rendered":"https:\/\/the-kontiki.com\/veranstaltungen-hochzeiten\/"},"modified":"2025-07-31T19:15:39","modified_gmt":"2025-07-31T19:15:39","slug":"veranstaltungen-hochzeiten","status":"publish","type":"page","link":"https:\/\/thekontiki.com\/de\/veranstaltungen-hochzeiten\/","title":{"rendered":"Events &amp; Hochzeiten"},"content":{"rendered":"\n<section class=\"cover w-full h-[calc(100svh-58px)] relative overflow-hidden\">\n   <div class=\"absolute inset-0 flex items-center z-20 text-white\">\n      <div class=\"container grid gap-5\">\n\n         \n                     \n            <h1 class=\"text-h3 md:text-h2 lg:text-h1 max-w-[1050px]\">Events &amp; Hochzeiten<\/h1>\n            \n         \n      <\/div>\n   <\/div>\n   \n   <div class=\"overlay absolute inset-0 z-10 bg-black\/15\"><\/div>\n\n\n         <video src=\"https:\/\/thekontiki.com\/wp-content\/uploads\/paloma-and-denver-dance.mp4\" autoplay muted loop playsinline class=\"absolute inset-0 -z-10 object-cover w-full h-full\"><\/video>\n   \n   <svg class=\"absolute bottom-10 left-1\/2 -translate-x-1\/2\" width=\"24\" height=\"37\" viewBox=\"0 0 24 37\" fill=\"none\" xmlns=\"http:\/\/www.w3.org\/2000\/svg\">\n      <rect x=\"0.5\" y=\"0.5\" width=\"23\" height=\"36\" rx=\"11.5\" stroke=\"white\"\/>\n      <circle cx=\"12\" cy=\"12\" r=\"3\" fill=\"white\"\/>\n   <\/svg>\n\n\n<\/section>\n\n\n   <div class=\"my-8 relative\">\n\t  <div class=\"w-full text-xs font-heading uppercase tracking-widest font-semibold breadcrumbs\">\n   <div class=\"flex items-center justify-center lg:justify-start gap-2 container\">\n      <a href=\"https:\/\/thekontiki.com\/de\/\" class=\"\">Home<\/a>\n      <svg width=\"2\" height=\"4\" viewBox=\"0 0 2 4\" fill=\"none\" xmlns=\"http:\/\/www.w3.org\/2000\/svg\">\n         <path d=\"M0.380567 0L0 0.47L1.23617 2L0 3.53L0.380567 4L2 2L0.380567 0Z\" fill=\"currentColor\"\/>\n      <\/svg>\n      <span class=\"\">Events &amp; Hochzeiten<\/span>\n   <\/div>\n<\/div>\n\n   <\/div>\n<div class=\"sticky top-[56px] z-50  bg-black\/90 text-h5 text-white py-5\">\n   <div class=\"container\">\n      <div class=\"facetwp-facet facetwp-facet-location facetwp-type-radio\" data-name=\"location\" data-type=\"radio\"><\/div>   <\/div>\n<\/div>\n\n<section class=\"events\">\n   \n   <h2 class=\"sr-only\"><\/h2>\n   <div class=\"container my-20 lg:my-30\">\n               <div class=\"grid gap-3 grid-cols-12\">\n                                          <div class=\" group col-span-10 col-start-2\">\n                  <div class=\"grid gap-10 lg:grid-cols-2\">\n                     \n                                             <div class=\" overflow-hidden h-full\">\n                           <img loading=\"lazy\" decoding=\"async\" width=\"1620\" height=\"1080\" src=\"https:\/\/thekontiki.com\/wp-content\/uploads\/2025\/05\/Kontiki-LaurevanHijfte-0064-1620x1080.webp\" class=\"w-full h-full object-cover transition-transform duration-500 group-hover:scale-105 wp-post-image\" alt=\"\" srcset=\"https:\/\/thekontiki.com\/wp-content\/uploads\/2025\/05\/Kontiki-LaurevanHijfte-0064-1620x1080.webp 1620w, https:\/\/thekontiki.com\/wp-content\/uploads\/2025\/05\/Kontiki-LaurevanHijfte-0064-1080x720.webp 1080w, https:\/\/thekontiki.com\/wp-content\/uploads\/2025\/05\/Kontiki-LaurevanHijfte-0064-768x512.webp 768w, https:\/\/thekontiki.com\/wp-content\/uploads\/2025\/05\/Kontiki-LaurevanHijfte-0064-1536x1024.webp 1536w, https:\/\/thekontiki.com\/wp-content\/uploads\/2025\/05\/Kontiki-LaurevanHijfte-0064.webp 1920w\" sizes=\"auto, (max-width: 1620px) 100vw, 1620px\" \/>                        <\/div>\n                     \n                     <div class=\"flex flex-col gap-2\">\n\n                        <div>\n                           <p class=\"text-h5\">\n                              Auf Anfrage                           <\/p>\n                           <div class=\"text-base\">im The Kontiki<\/div>\n                        <\/div>\n                        \n                        <h3 class=\"text-h3 mt-10\">Feiern Sie Ihre Traumhochzeit<\/h3>\n                        <div class=\"prose mt-4 \"><p>Im The Kontiki entfaltet sich Ihre Traumhochzeit vor der Kulisse makelloser wei\u00dfer Sandstr\u00e4nde, funkelnden blauen Wassers und \u00fcppiger K\u00fcstenvegetation. Wir setzen uns mit gro\u00dfem Engagement daf\u00fcr ein, Ihre Traumhochzeit Wirklichkeit werden zu lassen, indem wir jeden einzelnen Aspekt Monate im Voraus akribisch planen.<br \/>\n <a href=\"https:\/\/thekontiki.com\/de\/veranstaltung\/feiern-sie-ihre-traumhochzeit\/#more-7222\" class=\"more-link\"><span aria-label=\"Feiern Sie Ihre Traumhochzeit weiterlesen\">(mehr\u00a0&hellip;)<\/span><\/a><\/p>\n<\/div>\n\n\t\t\t\t\t\t <div class=\"flex gap-4\">\n\t\t\t\t\t\t\t \n                           <a href=\"https:\/\/thekontiki.com\/de\/veranstaltung\/feiern-sie-ihre-traumhochzeit\/\" class=\"button hollow mt-10\" target=\"_blank\">Read more<\/a>\n                                                   <a href=\"mailto:events@thekontiki.com\" class=\"button hollow mt-10\" target=\"_blank\">Mail us<\/a>\n                        \t\t\t\t\t\t\t \t\t\t\t\t\t <\/div>\n\n\n                     <\/div>\n                  <\/div>\n               <\/div>\n                                 <div class=\"col-span-12\">\n                     <hr class=\"my-10\" \/>\n                  <\/div>\n                                                         <div class=\" group col-span-10 col-start-2\">\n                  <div class=\"grid gap-10 lg:grid-cols-2\">\n                     \n                                             <div class=\" overflow-hidden h-full\">\n                           <img loading=\"lazy\" decoding=\"async\" width=\"720\" height=\"1080\" src=\"https:\/\/thekontiki.com\/wp-content\/uploads\/2025\/05\/Kontiki-LaurevanHijfte-0119-720x1080.webp\" class=\"w-full h-full object-cover transition-transform duration-500 group-hover:scale-105 wp-post-image\" alt=\"\" srcset=\"https:\/\/thekontiki.com\/wp-content\/uploads\/2025\/05\/Kontiki-LaurevanHijfte-0119-720x1080.webp 720w, https:\/\/thekontiki.com\/wp-content\/uploads\/2025\/05\/Kontiki-LaurevanHijfte-0119-480x720.webp 480w, https:\/\/thekontiki.com\/wp-content\/uploads\/2025\/05\/Kontiki-LaurevanHijfte-0119-768x1152.webp 768w, https:\/\/thekontiki.com\/wp-content\/uploads\/2025\/05\/Kontiki-LaurevanHijfte-0119-1024x1536.webp 1024w, https:\/\/thekontiki.com\/wp-content\/uploads\/2025\/05\/Kontiki-LaurevanHijfte-0119.webp 1280w\" sizes=\"auto, (max-width: 720px) 100vw, 720px\" \/>                        <\/div>\n                     \n                     <div class=\"flex flex-col gap-2\">\n\n                        <div>\n                           <p class=\"text-h5\">\n                              Jeden Mittwoch                           <\/p>\n                           <div class=\"text-base\">CABANA Strandclub<\/div>\n                        <\/div>\n                        \n                        <h3 class=\"text-h3 mt-10\">Cabana-N\u00e4chte<\/h3>\n                        <div class=\"prose mt-4 \"><p><strong>Entdecken Sie die Magie der Cabana-N\u00e4chte <\/strong><\/p>\n<p>Sind Sie bereit, einen gew\u00f6hnlichen Abend in eine unvergessliche Flucht zu verwandeln? Die Cabana-N\u00e4chte im Cabana Beach Club Cura\u00e7ao sind Ihr Ticket zu einem tropischen Erlebnis ohnegleichen. Beginnend mit einem Abendessen und Live-Unterhaltung, das sich rasch in Sets von Spitzen-DJs verwandelt, entsteht die perfekte Atmosph\u00e4re \u2013 alles unter einem sternenklaren karibischen Himmel.  <\/p>\n<\/div>\n\n\t\t\t\t\t\t <div class=\"flex gap-4\">\n\t\t\t\t\t\t\t \n                           <a href=\"https:\/\/thekontiki.com\/de\/veranstaltung\/cabana-naechte\/\" class=\"button hollow mt-10\" target=\"\">Read more<\/a>\n                                                   <a href=\"http:\/\/reservations@thekontiki.com\" class=\"button hollow mt-10\" target=\"\" target=\"_blank\" rel=\"noopener noreferrer nofollow\">Make a reservation<\/a>\n                        \t\t\t\t\t\t\t \t\t\t\t\t\t <\/div>\n\n\n                     <\/div>\n                  <\/div>\n               <\/div>\n                                 <div class=\"col-span-12\">\n                     <hr class=\"my-10\" \/>\n                  <\/div>\n                                                         <div class=\" group col-span-10 col-start-2\">\n                  <div class=\"grid gap-10 lg:grid-cols-2\">\n                     \n                                             <div class=\" overflow-hidden h-full\">\n                           <img loading=\"lazy\" decoding=\"async\" width=\"720\" height=\"1080\" src=\"https:\/\/thekontiki.com\/wp-content\/uploads\/2025\/05\/ITL08138-720x1080.webp\" class=\"w-full h-full object-cover transition-transform duration-500 group-hover:scale-105 wp-post-image\" alt=\"\" srcset=\"https:\/\/thekontiki.com\/wp-content\/uploads\/2025\/05\/ITL08138-720x1080.webp 720w, https:\/\/thekontiki.com\/wp-content\/uploads\/2025\/05\/ITL08138-480x720.webp 480w, https:\/\/thekontiki.com\/wp-content\/uploads\/2025\/05\/ITL08138-768x1152.webp 768w, https:\/\/thekontiki.com\/wp-content\/uploads\/2025\/05\/ITL08138-1024x1536.webp 1024w, https:\/\/thekontiki.com\/wp-content\/uploads\/2025\/05\/ITL08138.webp 1280w\" sizes=\"auto, (max-width: 720px) 100vw, 720px\" \/>                        <\/div>\n                     \n                     <div class=\"flex flex-col gap-2\">\n\n                        <div>\n                           <p class=\"text-h5\">\n                              Samstags von 13:00 Uhr bis 18:00 Uhr                           <\/p>\n                           <div class=\"text-base\">MOOD Strandclub<\/div>\n                        <\/div>\n                        \n                        <h3 class=\"text-h3 mt-10\">Samst\u00e4gliches Brunch-Erlebnis<\/h3>\n                        <div class=\"prose mt-4 \"><p>Die &#8218;Brunch Up Saturdays&#8216; sind ein sonnendurchflutetes, stilvolles Erlebnis, bei dem gehobene Gastronomie auf elegantes Strandambiente trifft. Lassen Sie sich auf Ihrer schicken Liege oder an Ihrem Tisch am Strand nieder und genie\u00dfen Sie ein sorgf\u00e4ltig zusammengestelltes Brunch-Men\u00fc, das raffinierte Klassiker mit einem tropischen Twist bietet. Nippen Sie an einem k\u00fchlen Ros\u00e9, Signature-Cocktails oder sto\u00dfen Sie mit unserem exklusiven Flaschen-Service an. Eine lebendige, anspruchsvolle Atmosph\u00e4re, die nur MOOD bieten kann.<br \/>\n <a href=\"https:\/\/thekontiki.com\/de\/veranstaltung\/samstaegliches-brunch-erlebnis\/#more-7231\" class=\"more-link\"><span aria-label=\"Samst\u00e4gliches Brunch-Erlebnis weiterlesen\">(mehr\u00a0&hellip;)<\/span><\/a><\/p>\n<\/div>\n\n\t\t\t\t\t\t <div class=\"flex gap-4\">\n\t\t\t\t\t\t\t \n                           <a href=\"https:\/\/thekontiki.com\/de\/veranstaltung\/samstaegliches-brunch-erlebnis\/\" class=\"button hollow mt-10\" target=\"\">Read more<\/a>\n                                                   <a href=\"https:\/\/www.moodbeachcuracao.com\/events\" class=\"button hollow mt-10\" target=\"\" target=\"_blank\" rel=\"noopener noreferrer nofollow\">Brunch Up Saturdays at MOOD<\/a>\n                        \t\t\t\t\t\t\t \t\t\t\t\t\t <\/div>\n\n\n                     <\/div>\n                  <\/div>\n               <\/div>\n                                    <\/div>\n                  <\/div>\n<\/section>","protected":false},"excerpt":{"rendered":"","protected":false},"author":1,"featured_media":0,"parent":0,"menu_order":0,"comment_status":"closed","ping_status":"closed","template":"","meta":{"_acf_changed":false,"footnotes":""},"class_list":["post-7004","page","type-page","status-publish","hentry"],"acf":[],"yoast_head":"<!-- This site is optimized with the Yoast SEO plugin v27.4 - https:\/\/yoast.com\/product\/yoast-seo-wordpress\/ -->\n<title>Events &amp; Hochzeiten - The Kontiki<\/title>\n<meta name=\"description\" content=\"Events &amp; Hochzeiten bei The Kontiki Cura\u00e7ao: exklusive Veranstaltungsorte und erstklassiger Service.\" \/>\n<meta name=\"robots\" content=\"index, follow, max-snippet:-1, max-image-preview:large, max-video-preview:-1\" \/>\n<link rel=\"canonical\" href=\"https:\/\/thekontiki.com\/de\/veranstaltungen-hochzeiten\/\" \/>\n<meta property=\"og:locale\" content=\"de_DE\" \/>\n<meta property=\"og:type\" content=\"article\" \/>\n<meta property=\"og:title\" content=\"Events &amp; Hochzeiten - The Kontiki\" \/>\n<meta property=\"og:description\" content=\"Events &amp; Hochzeiten bei The Kontiki Cura\u00e7ao: exklusive Veranstaltungsorte und erstklassiger Service.\" \/>\n<meta property=\"og:url\" content=\"https:\/\/thekontiki.com\/de\/veranstaltungen-hochzeiten\/\" \/>\n<meta property=\"og:site_name\" content=\"Kontiki\" \/>\n<meta property=\"article:modified_time\" content=\"2025-07-31T19:15:39+00:00\" \/>\n<meta property=\"og:image\" content=\"https:\/\/thekontiki.com\/wp-content\/uploads\/Kontiki-Beach-Resort-Curacao-SiteImage.jpg\" \/>\n\t<meta property=\"og:image:width\" content=\"1200\" \/>\n\t<meta property=\"og:image:height\" content=\"675\" \/>\n\t<meta property=\"og:image:type\" content=\"image\/jpeg\" \/>\n<meta name=\"twitter:card\" content=\"summary_large_image\" \/>\n<meta name=\"twitter:label1\" content=\"Est. reading time\" \/>\n\t<meta name=\"twitter:data1\" content=\"1\u00a0Minute\" \/>\n<script type=\"application\/ld+json\" class=\"yoast-schema-graph\">{\"@context\":\"https:\\\/\\\/schema.org\",\"@graph\":[{\"@type\":\"WebPage\",\"@id\":\"https:\\\/\\\/thekontiki.com\\\/de\\\/veranstaltungen-hochzeiten\\\/\",\"url\":\"https:\\\/\\\/thekontiki.com\\\/de\\\/veranstaltungen-hochzeiten\\\/\",\"name\":\"Events &amp; Hochzeiten - The Kontiki\",\"isPartOf\":{\"@id\":\"https:\\\/\\\/thekontiki.com\\\/de\\\/#website\"},\"datePublished\":\"2025-03-07T19:48:21+00:00\",\"dateModified\":\"2025-07-31T19:15:39+00:00\",\"description\":\"Events & Hochzeiten bei The Kontiki Cura\u00e7ao: exklusive Veranstaltungsorte und erstklassiger Service.\",\"breadcrumb\":{\"@id\":\"https:\\\/\\\/thekontiki.com\\\/de\\\/veranstaltungen-hochzeiten\\\/#breadcrumb\"},\"inLanguage\":\"de\",\"potentialAction\":[{\"@type\":\"ReadAction\",\"target\":[\"https:\\\/\\\/thekontiki.com\\\/de\\\/veranstaltungen-hochzeiten\\\/\"]}]},{\"@type\":\"BreadcrumbList\",\"@id\":\"https:\\\/\\\/thekontiki.com\\\/de\\\/veranstaltungen-hochzeiten\\\/#breadcrumb\",\"itemListElement\":[{\"@type\":\"ListItem\",\"position\":1,\"name\":\"Startseite\",\"item\":\"https:\\\/\\\/thekontiki.com\\\/de\\\/startseite-kontiki-beach-resort-curacao\\\/\"},{\"@type\":\"ListItem\",\"position\":2,\"name\":\"Events &amp; Hochzeiten\"}]},{\"@type\":\"WebSite\",\"@id\":\"https:\\\/\\\/thekontiki.com\\\/de\\\/#website\",\"url\":\"https:\\\/\\\/thekontiki.com\\\/de\\\/\",\"name\":\"Kontiki Beach Resort Curacao\",\"description\":\"Kontiki Beach Resort Cura\u00e7ao\",\"alternateName\":\"van der Valk Curacao\",\"potentialAction\":[{\"@type\":\"SearchAction\",\"target\":{\"@type\":\"EntryPoint\",\"urlTemplate\":\"https:\\\/\\\/thekontiki.com\\\/de\\\/?s={search_term_string}\"},\"query-input\":{\"@type\":\"PropertyValueSpecification\",\"valueRequired\":true,\"valueName\":\"search_term_string\"}}],\"inLanguage\":\"de\"}]}<\/script>\n<!-- \/ Yoast SEO plugin. -->","yoast_head_json":{"title":"Events &amp; Hochzeiten - The Kontiki","description":"Events & Hochzeiten bei The Kontiki Cura\u00e7ao: exklusive Veranstaltungsorte und erstklassiger Service.","robots":{"index":"index","follow":"follow","max-snippet":"max-snippet:-1","max-image-preview":"max-image-preview:large","max-video-preview":"max-video-preview:-1"},"canonical":"https:\/\/thekontiki.com\/de\/veranstaltungen-hochzeiten\/","og_locale":"de_DE","og_type":"article","og_title":"Events &amp; Hochzeiten - The Kontiki","og_description":"Events & Hochzeiten bei The Kontiki Cura\u00e7ao: exklusive Veranstaltungsorte und erstklassiger Service.","og_url":"https:\/\/thekontiki.com\/de\/veranstaltungen-hochzeiten\/","og_site_name":"Kontiki","article_modified_time":"2025-07-31T19:15:39+00:00","og_image":[{"width":1200,"height":675,"url":"https:\/\/thekontiki.com\/wp-content\/uploads\/Kontiki-Beach-Resort-Curacao-SiteImage.jpg","type":"image\/jpeg"}],"twitter_card":"summary_large_image","twitter_misc":{"Est. reading time":"1\u00a0Minute"},"schema":{"@context":"https:\/\/schema.org","@graph":[{"@type":"WebPage","@id":"https:\/\/thekontiki.com\/de\/veranstaltungen-hochzeiten\/","url":"https:\/\/thekontiki.com\/de\/veranstaltungen-hochzeiten\/","name":"Events &amp; Hochzeiten - The Kontiki","isPartOf":{"@id":"https:\/\/thekontiki.com\/de\/#website"},"datePublished":"2025-03-07T19:48:21+00:00","dateModified":"2025-07-31T19:15:39+00:00","description":"Events & Hochzeiten bei The Kontiki Cura\u00e7ao: exklusive Veranstaltungsorte und erstklassiger Service.","breadcrumb":{"@id":"https:\/\/thekontiki.com\/de\/veranstaltungen-hochzeiten\/#breadcrumb"},"inLanguage":"de","potentialAction":[{"@type":"ReadAction","target":["https:\/\/thekontiki.com\/de\/veranstaltungen-hochzeiten\/"]}]},{"@type":"BreadcrumbList","@id":"https:\/\/thekontiki.com\/de\/veranstaltungen-hochzeiten\/#breadcrumb","itemListElement":[{"@type":"ListItem","position":1,"name":"Startseite","item":"https:\/\/thekontiki.com\/de\/startseite-kontiki-beach-resort-curacao\/"},{"@type":"ListItem","position":2,"name":"Events &amp; Hochzeiten"}]},{"@type":"WebSite","@id":"https:\/\/thekontiki.com\/de\/#website","url":"https:\/\/thekontiki.com\/de\/","name":"Kontiki Beach Resort Curacao","description":"Kontiki Beach Resort Cura\u00e7ao","alternateName":"van der Valk Curacao","potentialAction":[{"@type":"SearchAction","target":{"@type":"EntryPoint","urlTemplate":"https:\/\/thekontiki.com\/de\/?s={search_term_string}"},"query-input":{"@type":"PropertyValueSpecification","valueRequired":true,"valueName":"search_term_string"}}],"inLanguage":"de"}]}},"_links":{"self":[{"href":"https:\/\/thekontiki.com\/de\/wp-json\/wp\/v2\/pages\/7004","targetHints":{"allow":["GET"]}}],"collection":[{"href":"https:\/\/thekontiki.com\/de\/wp-json\/wp\/v2\/pages"}],"about":[{"href":"https:\/\/thekontiki.com\/de\/wp-json\/wp\/v2\/types\/page"}],"author":[{"embeddable":true,"href":"https:\/\/thekontiki.com\/de\/wp-json\/wp\/v2\/users\/1"}],"replies":[{"embeddable":true,"href":"https:\/\/thekontiki.com\/de\/wp-json\/wp\/v2\/comments?post=7004"}],"version-history":[{"count":0,"href":"https:\/\/thekontiki.com\/de\/wp-json\/wp\/v2\/pages\/7004\/revisions"}],"wp:attachment":[{"href":"https:\/\/thekontiki.com\/de\/wp-json\/wp\/v2\/media?parent=7004"}],"curies":[{"name":"wp","href":"https:\/\/api.w.org\/{rel}","templated":true}]}}